{"id":22625,"date":"2024-03-17T18:02:47","date_gmt":"2024-03-17T18:02:47","guid":{"rendered":"https:\/\/nova.funtana.com\/privacy-statement\/"},"modified":"2024-03-19T08:41:35","modified_gmt":"2024-03-19T08:41:35","slug":"zastita-privatnosti","status":"publish","type":"page","link":"https:\/\/funtana.com\/sl\/zastita-privatnosti\/","title":{"rendered":"Za\u0161tita privatnosti"},"content":{"rendered":"\n<p><a href=\"https:\/\/funtana.com\/wp-content\/uploads\/2014\/03\/sl_040311114846.jpg\"><\/a><\/p>\n\n\n\n<div class=\"wp-block-citadela-blocks-custom-container citadela-block-custom-container size-fullwidth bg-type-none inside-space-none\"><div class=\"inner-holder\">         <div \r\n            class=\"citadela-block-responsive-text align-center\"\r\n                                 >\r\n            <h1 class=\"inner-tag\" style=\"color: #67afdf;\"><\/h1>         <\/div>\r\n      \n\n\n<div class=\"wp-block-cover is-light has-custom-content-position is-position-top-center has-white-color has-text-color has-link-color wp-elements-5ba335b76b78b4578acd97fdcb907480\"><span aria-hidden=\"true\" class=\"wp-block-cover__background has-background-dim-0 has-background-dim\"><\/span><img loading=\"lazy\" decoding=\"async\" width=\"2560\" height=\"1660\" class=\"wp-block-cover__image-background wp-image-22572\" alt=\"\" src=\"https:\/\/funtana.com\/wp-content\/uploads\/2024\/03\/FUNTANA-2-DA-scaled.jpg\" style=\"object-position:51% 38%\" data-object-fit=\"cover\" data-object-position=\"51% 38%\" srcset=\"https:\/\/funtana.com\/wp-content\/uploads\/2024\/03\/FUNTANA-2-DA-scaled.jpg 2560w, https:\/\/funtana.com\/wp-content\/uploads\/2024\/03\/FUNTANA-2-DA-300x195.jpg 300w, https:\/\/funtana.com\/wp-content\/uploads\/2024\/03\/FUNTANA-2-DA-1024x664.jpg 1024w, https:\/\/funtana.com\/wp-content\/uploads\/2024\/03\/FUNTANA-2-DA-768x498.jpg 768w, https:\/\/funtana.com\/wp-content\/uploads\/2024\/03\/FUNTANA-2-DA-50x32.jpg 50w, https:\/\/funtana.com\/wp-content\/uploads\/2024\/03\/FUNTANA-2-DA-1600x1038.jpg 1600w, https:\/\/funtana.com\/wp-content\/uploads\/2024\/03\/FUNTANA-2-DA-1536x996.jpg 1536w, https:\/\/funtana.com\/wp-content\/uploads\/2024\/03\/FUNTANA-2-DA-2048x1328.jpg 2048w\" sizes=\"auto, (max-width: 2560px) 100vw, 2560px\" \/><div class=\"wp-block-cover__inner-container is-layout-constrained wp-block-cover-is-layout-constrained\">\n<p class=\"has-text-align-center has-luminous-vivid-orange-color has-text-color has-background has-link-color has-large-font-size wp-elements-5e50d17e7dc9c52a2118bdfa8aa843a4\" style=\"background-color:#ffffff21;font-style:normal;font-weight:700\">Za\u0161tita privatnosti<\/p>\n<\/div><\/div>\n\n\n\n<p><\/p>\n\n\n\n<p><strong>Izjava o za\u0161titi privatnosti na internetskim stranicama<\/strong><\/p>\n\n\n\n<p>Turisti\u010dka zajednica op\u0107ine Funtana (u daljnjem tekstu TZO Funtana) po\u0161tuje va\u0161u privatnost i temelji svoje internetske stranice na tehnologijama koje pru\u017eaju bolje i sigurnije mre\u017eno iskustvo. Ova Izjava o za\u0161titi privatnosti odnosi se na prikupljanje i obradu va\u0161ih osobnih podataka te primjenu kola\u010di\u0107a (cookies) na internetskim stranicama&nbsp;<a href=\"http:\/\/www.funtana.com\">www.funtana.com<\/a>&nbsp;(u nastavku: internetske stranice).<\/p>\n\n\n\n<p>Kori\u0161tenjem ovim internetskim stranicama suglasni ste s na\u010dinom prikupljanja i obrade podataka opisanim u ovoj Izjavi te pohranom i pristupom kola\u010di\u0107ima na Va\u0161em ure\u0111aju.<\/p>\n\n\n\n<p><strong>Prikupljanje i obrada osobnih podataka<\/strong><\/p>\n\n\n\n<p>Kako bi odr\u017eala funkcionalnost internetskih stranica i omogu\u0107ila usluge koje korisnici tra\u017ee, TZO Funtana na ovom web-mjestu mo\u017ee prikupljati i upotrebljavati osobne podatke korisnika. Putem internetskih stranica&nbsp;<a href=\"http:\/\/www.funtana.com\">www.funtana.com<\/a> mogu\u0107e je, ovisno o svrsi, prikupljanje va\u0161ih osobnih podataka kao \u0161to su: ime i prezime, osobni identifikacijski broj, adresa e-po\u0161te, ku\u0107na ili poslovna adresa, telefonski broj i dr. Upisom osobnih podataka u za to predvi\u0111ena polja dajete privolu da se navedeni podaci upotrebljavaju u svrhu za koju su dani.<\/p>\n\n\n\n<p>TZO Funtana prikuplja podatke o va\u0161em ra\u010dunalu. Ovi podaci mogu uklju\u010divati va\u0161u IP adresu, tip preglednika, vrijeme pristupa i adrese web stranica.<br>TZO Funtana prikuplja podatke o korisnicima i izvan ovog web-mjesta, na temelju obrazaca upitnika uz suglasnost korisnika i u svrhe navedene u tim obrascima.<\/p>\n\n\n\n<p>Prikupljene podatke, kao i podatke koje je saznala na osnovi pru\u017eanja usluga i u obavljanju poslova s pojedina\u010dnim korisnikom, TZO Funtana obra\u0111uje u svrhu u koju su isti dani, odnosno u svrhu kori\u0161tenja web stranica i pru\u017eanja \u017eeljenih usluga te kako bi vam pru\u017eila informacije o proizvodima ili uslugama koje mo\u017eete koristiti. TZO Funtana mo\u017ee koristiti navedene podatke kako bi vam pru\u017eila u\u010dinkovitiju korisni\u010dku uslugu, olak\u0161ala kori\u0161tenje web stranica uklanjanjem potrebe za u\u010destalim upisivanjem istih podataka ili za prilagodbu web stranica va\u0161im osobnim sklonostima i interesima.<\/p>\n\n\n\n<p>TZO Funtana ne prodaje, ne iznajmljuje i ne posu\u0111uje popis korisnika svojih stranica tre\u0107im stranama. TZO Funtana mo\u017ee dijeliti podatke s pouzdanim partnerima za odre\u0111ene svrhe: izrade statisti\u010dke analize, omogu\u0107ivanja korisni\u010dke potpore ili sli\u010dnih potreba. Svakoj takvoj tre\u0107oj strani zabranjena je upotreba va\u0161ih osobnih podataka uz obvezu zadr\u017eavanja povjerljivosti.<\/p>\n\n\n\n<p>Ovime vas TZO Funtana ujedno informira da imate pravo na pristup svim danim osobnim podacima, kao i na njihov ispravak, pravo naknadno odustati od prethodno danih suglasnosti, djelomi\u010dno ili u cijelosti, kao i pravo usprotiviti se obradi osobnih podataka u svrhe pru\u017eanja informacija o proizvodima ili uslugama.<\/p>\n\n\n\n<p><strong>Sigurnost va\u0161ih osobnih podataka<\/strong><\/p>\n\n\n\n<p>Internetska stranica&nbsp;<a href=\"http:\/\/www.funtana.com\">www.funtana.com<\/a> \u0161titi va\u0161e osobne podatke od neovla\u0161tenog pristupa, upotrebe ili odavanja. Podaci na ra\u010dunalnim poslu\u017eiteljima pohranjuju se u kontroliranom, sigurnom okru\u017eenju, za\u0161ti\u0107enom od neovla\u0161tenog pristupa, upotrebe ili odavanja.<\/p>\n\n\n\n<p><strong>Primjena kola\u010di\u0107a<\/strong><\/p>\n\n\n\n<p>Na internetskim stranicama&nbsp;<a href=\"http:\/\/www.funtana.com\">www.funtana.com<\/a>&nbsp;primjenjuju se tzv. kola\u010di\u0107i (cookies) \u2013 tekstualne datoteke koje na ra\u010dunalo korisnika smje\u0161ta internetski poslu\u017eitelj kojim se korisnik koristi.<\/p>\n\n\n\n<p>Datoteke nastaju kada preglednik na ure\u0111aju korisnika u\u010dita posje\u0107eno mre\u017eno odredi\u0161te, koje potom \u0161alje podatke pregledniku te izra\u0111uje tekstualnu datoteku (kola\u010di\u0107). Preglednik dohva\u0107a i \u0161alje datoteku na poslu\u017eitelj mre\u017enog odredi\u0161ta (mjesta, stranice) prilikom povratka korisnika na njega.<\/p>\n\n\n\n<p>Kola\u010di\u0107i se upotrebljavaju za funkcioniranje svih zna\u010dajki internetskih stranica i bolje korisni\u010dko iskustvo, a mogu biti privremeni (pohranjuju se samo tijekom posjeta internetskim stranicama) ili trajni (na ra\u010dunalu korisnika ostaju pohranjeni i nakon posjeta).<\/p>\n\n\n\n<p>Kola\u010di\u0107ima tre\u0107ih strana&nbsp;<a href=\"http:\/\/www.funtana.com\">www.funtana.com<\/a>&nbsp;koristi se za dobivanje statisti\u010dkih podataka o posje\u0107enosti i na\u010dinu upotrebe na\u0161ih internetskih stranica. Podaci koji se prikupljaju uklju\u010duju IP adresu korisnika, podatke o pregledniku, jeziku, operativnom sustavu i druge standardne podatke koji se prikupljaju i analiziraju isklju\u010divo u anonimnom i masovnom obliku.<\/p>\n\n\n\n<p>Internetske stranice Turisti\u010dke zajednice op\u0107ine Funtana ne sadr\u017eavaju kola\u010di\u0107e koji omogu\u0107uju pokretanje programa ili postavljanje virusa na va\u0161e ra\u010dunalo.<br>Stranice&nbsp;<a href=\"http:\/\/www.funtana.com\">www.funtana.com<\/a>&nbsp;slu\u017ee se statistikom Google Analytics, a pravila o kola\u010di\u0107ima tre\u0107e strane potra\u017eite na Google Analytics.<\/p>\n\n\n\n<p><strong>Sprje\u010davanje kola\u010di\u0107a<\/strong><\/p>\n\n\n\n<p>Ako niste suglasni s njihovom upotrebom, kola\u010di\u0107e mo\u017eete lako izbrisati (ili sprije\u010diti) na svojem ra\u010dunalu ili mobilnom ure\u0111aju s pomo\u0107u postavki preglednika kojim se koristite.<\/p>\n\n\n\n<p>Vi\u0161e informacija o upravljanju kola\u010di\u0107ima potra\u017eite na stranicama preglednika kojim se koristite ili na&nbsp;<a href=\"http:\/\/www.allaboutcookies.org\/\">www.allaboutcookies.org<\/a><\/p>\n\n\n\n<p>Budu\u0107i da je svrha kola\u010di\u0107a pobolj\u0161anje i omogu\u0107ivanje upotrebe na\u0161ih internetskih stranica i njihovih procesa, imajte na umu da sprje\u010davanjem ili brisanjem kola\u010di\u0107a mo\u017eete onemogu\u0107iti funkcioniranje tih zna\u010dajki ili prouzro\u010diti njihov druga\u010diji rad i izgled u va\u0161em pregledniku.<\/p>\n\n\n\n<p><strong>Uvjeti i izmjene<\/strong><\/p>\n\n\n\n<p>Uvjeti ove Izjave o za\u0161titi privatnosti ure\u0111uju upotrebu kola\u010di\u0107a i svih podataka prikupljenih za vrijeme primjenjivanja Izjave, osim kola\u010di\u0107a tre\u0107ih strana. TZO Funtana zadr\u017eava pravo izmjene ove Izjave i pravila o kola\u010di\u0107ima u bilo kojem trenutku kako bi prenijela nove va\u017ene informacije te kako biste bili informirani o na\u010dinima na koje TZO Funtana na svojim internetskim stranicama \u0161titi va\u0161e podatke, te stoga preporu\u010dujemo da povremeno provjerite a\u017euriranja na ovoj stranici.<\/p>\n\n\n\n<p><strong>Informacije za kontakt<\/strong><\/p>\n\n\n\n<p>Turisti\u010dka zajednica op\u0107ine Funtana rado \u0107e primiti va\u0161e komentare i sugestije u vezi s ovom Izjavom, kao i ostale primjedbe. Mo\u017eete nam se obratiti na:&nbsp;info@funtana.com<\/p>\n<\/div><\/div>\n","protected":false},"excerpt":{"rendered":"","protected":false},"author":1,"featured_media":0,"parent":0,"menu_order":0,"comment_status":"closed","ping_status":"closed","template":"","meta":{"loftloader_page_shortcode":"","_citadela_hide_page_title":"1","_citadela_remove_header_space":"1","_citadela_custom_class":"","_citadela_half_map_provider":"","_citadela_half_map_theme":"","_citadela_half_map_themeOSM":"","_citadela_half_map_customTheme":"","_citadela_half_map_dataType":"","_citadela_half_map_dynamicTrack":false,"_citadela_half_map_trackColor":"","_citadela_half_map_trackEndpointsColor":"","_citadela_half_map_filterCategory":"","_citadela_half_map_filterLocation":"","_citadela_half_map_filterFeatured":false,"_citadela_half_map_noDataBehavior":"empty-map","_citadela_half_map_noDataText":"","_citadela_half_map_clusterGridSize":80,"_citadela_header":false,"_citadela_header_over_content":false,"_citadela_header_text_color":"","_citadela_header_logo":[],"_citadela_header_bg_image":[],"_citadela_header_bg_position":{"x":0.5,"y":0.5},"_citadela_header_bg_size":"cover","_citadela_header_bg_repeat":"no-repeat","_citadela_header_bg_fixed":false,"_citadela_header_bg_color":"","_citadela_header_bg_image_overlay":"","_citadela_header_transparent_bg":false,"_citadela_content_width":"wide","_citadela_half_layout_position":"","footnotes":""},"class_list":["post-22625","page","type-page","status-publish","hentry"],"yoast_head":"<!-- This site is optimized with the Yoast SEO plugin v27.6 - https:\/\/yoast.com\/product\/yoast-seo-wordpress\/ -->\n<title>Za\u0161tita privatnosti - Funtana turisti\u010dna skupnost<\/title>\n<meta name=\"robots\" content=\"index, follow, max-snippet:-1, max-image-preview:large, max-video-preview:-1\" \/>\n<link rel=\"canonical\" href=\"https:\/\/funtana.com\/sl\/zastita-privatnosti\/\" \/>\n<meta property=\"og:locale\" content=\"sl_SI\" \/>\n<meta property=\"og:type\" content=\"article\" \/>\n<meta property=\"og:title\" content=\"Za\u0161tita privatnosti - Funtana turisti\u010dna skupnost\" \/>\n<meta property=\"og:url\" content=\"https:\/\/funtana.com\/sl\/zastita-privatnosti\/\" \/>\n<meta property=\"article:publisher\" content=\"https:\/\/www.facebook.com\/funtanaistria\" \/>\n<meta property=\"article:modified_time\" content=\"2024-03-19T08:41:35+00:00\" \/>\n<meta property=\"og:image\" content=\"https:\/\/funtana.com\/wp-content\/uploads\/2024\/03\/FUNTANA-2-DA-scaled.jpg\" \/>\n<meta name=\"twitter:card\" content=\"summary_large_image\" \/>\n<meta name=\"twitter:label1\" content=\"Est. reading time\" \/>\n\t<meta name=\"twitter:data1\" content=\"4 minute\" \/>\n<script type=\"application\/ld+json\" class=\"yoast-schema-graph\">{\"@context\":\"https:\\\/\\\/schema.org\",\"@graph\":[{\"@type\":\"WebPage\",\"@id\":\"https:\\\/\\\/funtana.com\\\/sl\\\/zastita-privatnosti\\\/\",\"url\":\"https:\\\/\\\/funtana.com\\\/sl\\\/zastita-privatnosti\\\/\",\"name\":\"Za\u0161tita privatnosti - Funtana turisti\u010dna skupnost\",\"isPartOf\":{\"@id\":\"https:\\\/\\\/funtana.com\\\/sl\\\/#website\"},\"primaryImageOfPage\":{\"@id\":\"https:\\\/\\\/funtana.com\\\/sl\\\/zastita-privatnosti\\\/#primaryimage\"},\"image\":{\"@id\":\"https:\\\/\\\/funtana.com\\\/sl\\\/zastita-privatnosti\\\/#primaryimage\"},\"thumbnailUrl\":\"https:\\\/\\\/funtana.com\\\/wp-content\\\/uploads\\\/2024\\\/03\\\/FUNTANA-2-DA-scaled.jpg\",\"datePublished\":\"2024-03-17T18:02:47+00:00\",\"dateModified\":\"2024-03-19T08:41:35+00:00\",\"breadcrumb\":{\"@id\":\"https:\\\/\\\/funtana.com\\\/sl\\\/zastita-privatnosti\\\/#breadcrumb\"},\"inLanguage\":\"sl-SI\",\"potentialAction\":[{\"@type\":\"ReadAction\",\"target\":[\"https:\\\/\\\/funtana.com\\\/sl\\\/zastita-privatnosti\\\/\"]}]},{\"@type\":\"ImageObject\",\"inLanguage\":\"sl-SI\",\"@id\":\"https:\\\/\\\/funtana.com\\\/sl\\\/zastita-privatnosti\\\/#primaryimage\",\"url\":\"https:\\\/\\\/funtana.com\\\/wp-content\\\/uploads\\\/2024\\\/03\\\/FUNTANA-2-DA-scaled.jpg\",\"contentUrl\":\"https:\\\/\\\/funtana.com\\\/wp-content\\\/uploads\\\/2024\\\/03\\\/FUNTANA-2-DA-scaled.jpg\"},{\"@type\":\"BreadcrumbList\",\"@id\":\"https:\\\/\\\/funtana.com\\\/sl\\\/zastita-privatnosti\\\/#breadcrumb\",\"itemListElement\":[{\"@type\":\"ListItem\",\"position\":1,\"name\":\"Home\",\"item\":\"https:\\\/\\\/funtana.com\\\/sl\\\/\"},{\"@type\":\"ListItem\",\"position\":2,\"name\":\"Za\u0161tita privatnosti\"}]},{\"@type\":\"WebSite\",\"@id\":\"https:\\\/\\\/funtana.com\\\/sl\\\/#website\",\"url\":\"https:\\\/\\\/funtana.com\\\/sl\\\/\",\"name\":\"Funtana turisti\u010dka zajednica\",\"description\":\"Turisti\u010dna skupnost\",\"publisher\":{\"@id\":\"https:\\\/\\\/funtana.com\\\/sl\\\/#organization\"},\"alternateName\":\"Turisti\u010dka zajednica Op\u0107ine Funtana\",\"potentialAction\":[{\"@type\":\"SearchAction\",\"target\":{\"@type\":\"EntryPoint\",\"urlTemplate\":\"https:\\\/\\\/funtana.com\\\/sl\\\/?s={search_term_string}\"},\"query-input\":{\"@type\":\"PropertyValueSpecification\",\"valueRequired\":true,\"valueName\":\"search_term_string\"}}],\"inLanguage\":\"sl-SI\"},{\"@type\":\"Organization\",\"@id\":\"https:\\\/\\\/funtana.com\\\/sl\\\/#organization\",\"name\":\"Funtana turisti\u010dka zajednica\",\"url\":\"https:\\\/\\\/funtana.com\\\/sl\\\/\",\"logo\":{\"@type\":\"ImageObject\",\"inLanguage\":\"sl-SI\",\"@id\":\"https:\\\/\\\/funtana.com\\\/sl\\\/#\\\/schema\\\/logo\\\/image\\\/\",\"url\":\"https:\\\/\\\/funtana.com\\\/wp-content\\\/uploads\\\/2023\\\/04\\\/cropped-funtanalogo-e1681572065284.png\",\"contentUrl\":\"https:\\\/\\\/funtana.com\\\/wp-content\\\/uploads\\\/2023\\\/04\\\/cropped-funtanalogo-e1681572065284.png\",\"width\":90,\"height\":72,\"caption\":\"Funtana turisti\u010dka zajednica\"},\"image\":{\"@id\":\"https:\\\/\\\/funtana.com\\\/sl\\\/#\\\/schema\\\/logo\\\/image\\\/\"},\"sameAs\":[\"https:\\\/\\\/www.facebook.com\\\/funtanaistria\",\"https:\\\/\\\/www.instagram.com\\\/funtanaistria\\\/\"]}]}<\/script>\n<!-- \/ Yoast SEO plugin. -->","yoast_head_json":{"title":"Za\u0161tita privatnosti - Funtana turisti\u010dna skupnost","robots":{"index":"index","follow":"follow","max-snippet":"max-snippet:-1","max-image-preview":"max-image-preview:large","max-video-preview":"max-video-preview:-1"},"canonical":"https:\/\/funtana.com\/sl\/zastita-privatnosti\/","og_locale":"sl_SI","og_type":"article","og_title":"Za\u0161tita privatnosti - Funtana turisti\u010dna skupnost","og_url":"https:\/\/funtana.com\/sl\/zastita-privatnosti\/","article_publisher":"https:\/\/www.facebook.com\/funtanaistria","article_modified_time":"2024-03-19T08:41:35+00:00","og_image":[{"url":"https:\/\/funtana.com\/wp-content\/uploads\/2024\/03\/FUNTANA-2-DA-scaled.jpg","type":"","width":"","height":""}],"twitter_card":"summary_large_image","twitter_misc":{"Est. reading time":"4 minute"},"schema":{"@context":"https:\/\/schema.org","@graph":[{"@type":"WebPage","@id":"https:\/\/funtana.com\/sl\/zastita-privatnosti\/","url":"https:\/\/funtana.com\/sl\/zastita-privatnosti\/","name":"Za\u0161tita privatnosti - Funtana turisti\u010dna skupnost","isPartOf":{"@id":"https:\/\/funtana.com\/sl\/#website"},"primaryImageOfPage":{"@id":"https:\/\/funtana.com\/sl\/zastita-privatnosti\/#primaryimage"},"image":{"@id":"https:\/\/funtana.com\/sl\/zastita-privatnosti\/#primaryimage"},"thumbnailUrl":"https:\/\/funtana.com\/wp-content\/uploads\/2024\/03\/FUNTANA-2-DA-scaled.jpg","datePublished":"2024-03-17T18:02:47+00:00","dateModified":"2024-03-19T08:41:35+00:00","breadcrumb":{"@id":"https:\/\/funtana.com\/sl\/zastita-privatnosti\/#breadcrumb"},"inLanguage":"sl-SI","potentialAction":[{"@type":"ReadAction","target":["https:\/\/funtana.com\/sl\/zastita-privatnosti\/"]}]},{"@type":"ImageObject","inLanguage":"sl-SI","@id":"https:\/\/funtana.com\/sl\/zastita-privatnosti\/#primaryimage","url":"https:\/\/funtana.com\/wp-content\/uploads\/2024\/03\/FUNTANA-2-DA-scaled.jpg","contentUrl":"https:\/\/funtana.com\/wp-content\/uploads\/2024\/03\/FUNTANA-2-DA-scaled.jpg"},{"@type":"BreadcrumbList","@id":"https:\/\/funtana.com\/sl\/zastita-privatnosti\/#breadcrumb","itemListElement":[{"@type":"ListItem","position":1,"name":"Home","item":"https:\/\/funtana.com\/sl\/"},{"@type":"ListItem","position":2,"name":"Za\u0161tita privatnosti"}]},{"@type":"WebSite","@id":"https:\/\/funtana.com\/sl\/#website","url":"https:\/\/funtana.com\/sl\/","name":"Funtana turisti\u010dka zajednica","description":"Turisti\u010dna skupnost","publisher":{"@id":"https:\/\/funtana.com\/sl\/#organization"},"alternateName":"Turisti\u010dka zajednica Op\u0107ine Funtana","potentialAction":[{"@type":"SearchAction","target":{"@type":"EntryPoint","urlTemplate":"https:\/\/funtana.com\/sl\/?s={search_term_string}"},"query-input":{"@type":"PropertyValueSpecification","valueRequired":true,"valueName":"search_term_string"}}],"inLanguage":"sl-SI"},{"@type":"Organization","@id":"https:\/\/funtana.com\/sl\/#organization","name":"Funtana turisti\u010dka zajednica","url":"https:\/\/funtana.com\/sl\/","logo":{"@type":"ImageObject","inLanguage":"sl-SI","@id":"https:\/\/funtana.com\/sl\/#\/schema\/logo\/image\/","url":"https:\/\/funtana.com\/wp-content\/uploads\/2023\/04\/cropped-funtanalogo-e1681572065284.png","contentUrl":"https:\/\/funtana.com\/wp-content\/uploads\/2023\/04\/cropped-funtanalogo-e1681572065284.png","width":90,"height":72,"caption":"Funtana turisti\u010dka zajednica"},"image":{"@id":"https:\/\/funtana.com\/sl\/#\/schema\/logo\/image\/"},"sameAs":["https:\/\/www.facebook.com\/funtanaistria","https:\/\/www.instagram.com\/funtanaistria\/"]}]}},"publishpress_future_action":{"enabled":false,"date":"2026-05-22 12:33:06","action":"change-status","newStatus":"draft","terms":[],"taxonomy":"translation_priority","extraData":[]},"publishpress_future_workflow_manual_trigger":{"enabledWorkflows":[]},"_links":{"self":[{"href":"https:\/\/funtana.com\/sl\/wp-json\/wp\/v2\/pages\/22625","targetHints":{"allow":["GET"]}}],"collection":[{"href":"https:\/\/funtana.com\/sl\/wp-json\/wp\/v2\/pages"}],"about":[{"href":"https:\/\/funtana.com\/sl\/wp-json\/wp\/v2\/types\/page"}],"author":[{"embeddable":true,"href":"https:\/\/funtana.com\/sl\/wp-json\/wp\/v2\/users\/1"}],"replies":[{"embeddable":true,"href":"https:\/\/funtana.com\/sl\/wp-json\/wp\/v2\/comments?post=22625"}],"version-history":[{"count":1,"href":"https:\/\/funtana.com\/sl\/wp-json\/wp\/v2\/pages\/22625\/revisions"}],"predecessor-version":[{"id":22650,"href":"https:\/\/funtana.com\/sl\/wp-json\/wp\/v2\/pages\/22625\/revisions\/22650"}],"wp:attachment":[{"href":"https:\/\/funtana.com\/sl\/wp-json\/wp\/v2\/media?parent=22625"}],"curies":[{"name":"wp","href":"https:\/\/api.w.org\/{rel}","templated":true}]}}