{"id":22608,"date":"2024-03-17T12:29:43","date_gmt":"2024-03-17T12:29:43","guid":{"rendered":"https:\/\/nova.funtana.com\/frequently-asked-questions\/"},"modified":"2024-03-18T13:17:29","modified_gmt":"2024-03-18T13:17:29","slug":"frequently-asked-questions","status":"publish","type":"page","link":"https:\/\/funtana.com\/it\/frequently-asked-questions\/","title":{"rendered":"Consigli turistici"},"content":{"rendered":"\n<p><a href=\"https:\/\/funtana.com\/wp-content\/uploads\/2014\/03\/sl_040311114846.jpg\"><\/a><\/p>\n\n\n\n<div class=\"wp-block-citadela-blocks-custom-container citadela-block-custom-container size-fullwidth bg-type-none inside-space-none\"><div class=\"inner-holder\">         <div \r\n            class=\"citadela-block-responsive-text align-center\"\r\n                                 >\r\n            <h1 class=\"inner-tag\" style=\"color: #67afdf;\"><\/h1>         <\/div>\r\n      \n\n\n<div class=\"wp-block-cover is-light has-custom-content-position is-position-top-center has-white-color has-text-color has-link-color wp-elements-8be96f7aaba0827b9d0d1c8df2191a1f\"><span aria-hidden=\"true\" class=\"wp-block-cover__background has-background-dim-0 has-background-dim\"><\/span><img loading=\"lazy\" decoding=\"async\" width=\"2560\" height=\"1707\" class=\"wp-block-cover__image-background wp-image-21319\" alt=\"\" src=\"https:\/\/funtana.com\/wp-content\/uploads\/2024\/03\/FUNTANA-202101146-1-scaled.jpg\" data-object-fit=\"cover\" srcset=\"https:\/\/funtana.com\/wp-content\/uploads\/2024\/03\/FUNTANA-202101146-1-scaled.jpg 2560w, https:\/\/funtana.com\/wp-content\/uploads\/2024\/03\/FUNTANA-202101146-1-300x200.jpg 300w, https:\/\/funtana.com\/wp-content\/uploads\/2024\/03\/FUNTANA-202101146-1-1024x683.jpg 1024w, https:\/\/funtana.com\/wp-content\/uploads\/2024\/03\/FUNTANA-202101146-1-768x512.jpg 768w, https:\/\/funtana.com\/wp-content\/uploads\/2024\/03\/FUNTANA-202101146-1-50x33.jpg 50w, https:\/\/funtana.com\/wp-content\/uploads\/2024\/03\/FUNTANA-202101146-1-1600x1067.jpg 1600w, https:\/\/funtana.com\/wp-content\/uploads\/2024\/03\/FUNTANA-202101146-1-1536x1024.jpg 1536w, https:\/\/funtana.com\/wp-content\/uploads\/2024\/03\/FUNTANA-202101146-1-2048x1365.jpg 2048w\" sizes=\"auto, (max-width: 2560px) 100vw, 2560px\" \/><div class=\"wp-block-cover__inner-container is-layout-constrained wp-block-cover-is-layout-constrained\">\n<p class=\"has-text-align-center has-luminous-vivid-orange-color has-text-color has-background has-link-color has-large-font-size wp-elements-a0e775787a60d909b80147f7a8e26df1\" style=\"background-color:#ffffff21;font-style:normal;font-weight:700\">Consigli turistici<\/p>\n<\/div><\/div>\n\n\n\n<p><\/p>\n\n\n\n<h3 class=\"wp-block-heading\"><strong>Assicurazione sanitaria per turisti<\/strong><\/h3>\n\n\n\n<p>Ci sono ospedali e cliniche nelle maggiori citt\u00e0, mentre il servizio di pronto intervento e farmacie in tutti i centri abitati. I turisti stranieri provenienti dai paesi che hanno sottoscritto con la Croazia la Convenzione sull\u2019assistenza medica (Health Care Convention) non pagano i servizi medici. Le spese mediche per servizi prestati a persone provenienti da paesi che non hanno stipulato la suddetta Convenzione, vengono addebitate direttamente al paziente, conformemente al tariffario vigente. Se un paziente \u00e8 in pericolo di vita, \u00e8 operativo il servizio di trasporto d\u2019urgenza aereo (elicottero) o marittimo (motoscafo). I turisti possono appoggiarsi anche a studi medici ed odontoiatrici privati, ma in tal caso coprono direttamente tutte le spese dei servizi di cui usufruiscono.<br>Farmacia che lavora 24 ore al giorno, per tutti i 7 giorni della settimana, si trova a Pola, Giardini 14, T. +385 (0)52 222551.<\/p>\n\n\n\n<h3 class=\"wp-block-heading\"><strong>Notifica di soggiorno<\/strong><\/h3>\n\n\n\n<p>Se soggiornate presso un albergo, un ostello, un campeggio o un appartamento private sarete registrati automaticamente e la notifica sar\u00e0 trasmessa alla stazione di polizia. Questo \u00e8 un adempimento richiesto dalla legge. Se alloggiate da amici o parenti dovete registrarvi presso la pi\u00f9 vicina stazione di polizia (tel. 92) entro 24 ore dall\u2019 arrivo. Dovete portare il passaporto o carta d\u2019 identit\u00e0 e sarete gentilmente pregati di riempire dei moduli. Questa procedura \u00e8 necessaria per la vostra sicurezza e per aiutarvi a prevenire degli inconvenienti che possono capitare durante il soggiorno.<\/p>\n\n\n\n<h3 class=\"wp-block-heading\"><strong>Documenti di viaggio<\/strong><\/h3>\n\n\n\n<p>Passaporto oppure un altro documento d\u2019 identit\u00e0 internazionalmente riconosciuto I turisti possono rimanere in Croazia per tre mesi.<\/p>\n\n\n\n<h3 class=\"wp-block-heading\"><strong>Bagagli<\/strong><\/h3>\n\n\n\n<p>I cittadini stranieri possono portare nel paese i loro bagagli personali senza alcun limite. La valuta straniera si pu\u00f2 liberamente portare dentro e fuori dal paese (fino a 3 000 euro); oppure 15.000 kn per la valuta nazionale.<br>Attrezzatura professionale e tecnica di valore deve essere denunciata sul confine.<\/p>\n\n\n\n<h3 class=\"wp-block-heading\"><strong>Visti<\/strong><\/h3>\n\n\n\n<p>I cittadini dell\u2019 Unione europea, Svizzera, Australia, dei paesi dell\u2019 America del nord e sud ed altri possono entrare in Croazia senza visto.<br>Si possono trovare tutte le informazioni sul regime dei visti tra la Croazia e i paesi esteri sul sito&nbsp;<a href=\"http:\/\/www.mfa.hr\/MVP.asp?pcpid=1612\">www.mvp.hr<\/a><br>I cittadini dei paesi ai quali \u00e8 richiesto il visto devono richiederlo prima di entrare in Croazia. I visti non possono venire richiesti ai valichi di confine.<\/p>\n\n\n\n<h3 class=\"wp-block-heading\"><strong>Animali da compagnia<\/strong><\/h3>\n\n\n\n<p>Per cani e gatti accompagnati dai loro padroni \u00e8 necessario avere il certificato internazionale sottoscritto dal veterinario registrato in cui \u00e8 visibile che sono passati almeno 15 giorni e non pi\u00f9 di 6 mesi dall\u2019 ultima vaccinazione contro la rabbia.<\/p>\n\n\n\n<h3 class=\"wp-block-heading\"><strong>Valuta<\/strong><\/h3>\n\n\n\n<p>L\u2019 unica valuta usata in Istria e in Croazia \u00e8 la Kuna (1 Kuna = 100 Lipa). Ci sono monete di 1, 2, 5, 10, 20, 50 Lipa ; monete di 1, 2, 5 e 25 Kuna, e banconote di 5, 10, 20, 50, 100, 200, 500 e 1.000 Kuna.<br>I bancomat ci sono da per tutto. La maggior parte degli alberghi, ristoranti, negozi accettano carte di credito (American Express, Diners Club, Eurocard\/Mastercard, Visa). La valuta straniera la potete cambiare in banca, nei cambio valute in posta, nelle agenzie turistiche, negli alberghi, nei campeggi, nelle marine. Gli assegni li potete riscuotere in banca.<\/p>\n\n\n\n<h3 class=\"wp-block-heading\"><strong>Dogana<\/strong><\/h3>\n\n\n\n<p>I regolamenti doganali in Croazia sono conformati con i regolamenti dell\u2019 Unione Europea.&nbsp;<a href=\"http:\/\/www.carina.hr\/engindex.htm\">www.carina.hr<\/a><\/p>\n\n\n\n<h3 class=\"wp-block-heading\"><strong>Fascia oraria<\/strong><\/h3>\n\n\n\n<p>GMT pi\u00f9 un\u2019 ora d\u2019inverno e GMT pi\u00f9 due ore d\u2019 estate.<\/p>\n\n\n\n<h3 class=\"wp-block-heading\"><strong>Elettricit\u00e0<\/strong><\/h3>\n\n\n\n<p>Il voltaggio della rete elettrica \u00e8 di 220 V, frequenza di 50 Hz, cos\u00ec i turisti degli Stati Uniti devono usare il trasformatore e quelli della Gran Bretagna un commutatore per la rete elettrica eurpoea per poter utilizzare i loro apparecchi elettrici.<\/p>\n\n\n\n<h3 class=\"wp-block-heading\"><strong>Festivit\u00e0 nazionali:<\/strong><\/h3>\n\n\n\n<p>1 gennaio, Capodanno<br>6 gennaio, Epifania<br>Pasqua, Il luned\u00ec di Pasqua<br>1 maggio, Festa del lavoro<br>30 maggio, Giornata dello Stato<br>22 giugno, Giornata della lotta antifascista<br>Corpus Christi<br>5 agosto, Giornata&nbsp;del ringraziamento della patria<br>15 agosto, Assunzione di Maria<br>1 novembre, Ognisanti<br>18 novembre<br>25 e 26 dicembre, Festivit\u00e0 natalizie<\/p>\n\n\n\n<p>Durante le giornate festive tutti gli uffici pubblici sono chiusi!<\/p>\n\n\n\n<p><\/p>\n<\/div><\/div>\n","protected":false},"excerpt":{"rendered":"","protected":false},"author":1,"featured_media":0,"parent":0,"menu_order":0,"comment_status":"closed","ping_status":"closed","template":"page-templates\/right-sidebar.php","meta":{"loftloader_page_shortcode":"","_citadela_hide_page_title":"1","_citadela_remove_header_space":"1","_citadela_custom_class":"","_citadela_half_map_provider":"","_citadela_half_map_theme":"","_citadela_half_map_themeOSM":"","_citadela_half_map_customTheme":"","_citadela_half_map_dataType":"","_citadela_half_map_dynamicTrack":false,"_citadela_half_map_trackColor":"","_citadela_half_map_trackEndpointsColor":"","_citadela_half_map_filterCategory":"","_citadela_half_map_filterLocation":"","_citadela_half_map_filterFeatured":false,"_citadela_half_map_noDataBehavior":"empty-map","_citadela_half_map_noDataText":"","_citadela_half_map_clusterGridSize":80,"_citadela_header":false,"_citadela_header_over_content":false,"_citadela_header_text_color":"","_citadela_header_logo":[],"_citadela_header_bg_image":[],"_citadela_header_bg_position":{"x":0.5,"y":0.5},"_citadela_header_bg_size":"cover","_citadela_header_bg_repeat":"no-repeat","_citadela_header_bg_fixed":false,"_citadela_header_bg_color":"","_citadela_header_bg_image_overlay":"","_citadela_header_transparent_bg":false,"_citadela_content_width":"wide","_citadela_half_layout_position":"","footnotes":""},"class_list":["post-22608","page","type-page","status-publish","hentry"],"yoast_head":"<!-- This site is optimized with the Yoast SEO plugin v27.6 - https:\/\/yoast.com\/product\/yoast-seo-wordpress\/ -->\n<title>Consigli turistici - Funtana Ente turistico<\/title>\n<meta name=\"robots\" content=\"index, follow, max-snippet:-1, max-image-preview:large, max-video-preview:-1\" \/>\n<link rel=\"canonical\" href=\"https:\/\/funtana.com\/it\/frequently-asked-questions\/\" \/>\n<meta property=\"og:locale\" content=\"it_IT\" \/>\n<meta property=\"og:type\" content=\"article\" \/>\n<meta property=\"og:title\" content=\"Consigli turistici - Funtana Ente turistico\" \/>\n<meta property=\"og:url\" content=\"https:\/\/funtana.com\/it\/frequently-asked-questions\/\" \/>\n<meta property=\"article:publisher\" content=\"https:\/\/www.facebook.com\/funtanaistria\" \/>\n<meta property=\"article:modified_time\" content=\"2024-03-18T13:17:29+00:00\" \/>\n<meta property=\"og:image\" content=\"https:\/\/funtana.com\/wp-content\/uploads\/2024\/03\/FUNTANA-202101146-1-scaled.jpg\" \/>\n<meta name=\"twitter:card\" content=\"summary_large_image\" \/>\n<meta name=\"twitter:label1\" content=\"Tempo di lettura stimato\" \/>\n\t<meta name=\"twitter:data1\" content=\"4 minuti\" \/>\n<script type=\"application\/ld+json\" class=\"yoast-schema-graph\">{\"@context\":\"https:\\\/\\\/schema.org\",\"@graph\":[{\"@type\":\"WebPage\",\"@id\":\"https:\\\/\\\/funtana.com\\\/it\\\/frequently-asked-questions\\\/\",\"url\":\"https:\\\/\\\/funtana.com\\\/it\\\/frequently-asked-questions\\\/\",\"name\":\"Consigli turistici - Funtana Ente turistico\",\"isPartOf\":{\"@id\":\"https:\\\/\\\/funtana.com\\\/it\\\/#website\"},\"primaryImageOfPage\":{\"@id\":\"https:\\\/\\\/funtana.com\\\/it\\\/frequently-asked-questions\\\/#primaryimage\"},\"image\":{\"@id\":\"https:\\\/\\\/funtana.com\\\/it\\\/frequently-asked-questions\\\/#primaryimage\"},\"thumbnailUrl\":\"https:\\\/\\\/funtana.com\\\/wp-content\\\/uploads\\\/2024\\\/03\\\/FUNTANA-202101146-1-scaled.jpg\",\"datePublished\":\"2024-03-17T12:29:43+00:00\",\"dateModified\":\"2024-03-18T13:17:29+00:00\",\"breadcrumb\":{\"@id\":\"https:\\\/\\\/funtana.com\\\/it\\\/frequently-asked-questions\\\/#breadcrumb\"},\"inLanguage\":\"it-IT\",\"potentialAction\":[{\"@type\":\"ReadAction\",\"target\":[\"https:\\\/\\\/funtana.com\\\/it\\\/frequently-asked-questions\\\/\"]}]},{\"@type\":\"ImageObject\",\"inLanguage\":\"it-IT\",\"@id\":\"https:\\\/\\\/funtana.com\\\/it\\\/frequently-asked-questions\\\/#primaryimage\",\"url\":\"https:\\\/\\\/funtana.com\\\/wp-content\\\/uploads\\\/2024\\\/03\\\/FUNTANA-202101146-1-scaled.jpg\",\"contentUrl\":\"https:\\\/\\\/funtana.com\\\/wp-content\\\/uploads\\\/2024\\\/03\\\/FUNTANA-202101146-1-scaled.jpg\"},{\"@type\":\"BreadcrumbList\",\"@id\":\"https:\\\/\\\/funtana.com\\\/it\\\/frequently-asked-questions\\\/#breadcrumb\",\"itemListElement\":[{\"@type\":\"ListItem\",\"position\":1,\"name\":\"Home\",\"item\":\"https:\\\/\\\/funtana.com\\\/it\\\/\"},{\"@type\":\"ListItem\",\"position\":2,\"name\":\"Consigli turistici\"}]},{\"@type\":\"WebSite\",\"@id\":\"https:\\\/\\\/funtana.com\\\/it\\\/#website\",\"url\":\"https:\\\/\\\/funtana.com\\\/it\\\/\",\"name\":\"Funtana turisti\u010dka zajednica\",\"description\":\"Ente turistico\",\"publisher\":{\"@id\":\"https:\\\/\\\/funtana.com\\\/it\\\/#organization\"},\"alternateName\":\"Turisti\u010dka zajednica Op\u0107ine Funtana\",\"potentialAction\":[{\"@type\":\"SearchAction\",\"target\":{\"@type\":\"EntryPoint\",\"urlTemplate\":\"https:\\\/\\\/funtana.com\\\/it\\\/?s={search_term_string}\"},\"query-input\":{\"@type\":\"PropertyValueSpecification\",\"valueRequired\":true,\"valueName\":\"search_term_string\"}}],\"inLanguage\":\"it-IT\"},{\"@type\":\"Organization\",\"@id\":\"https:\\\/\\\/funtana.com\\\/it\\\/#organization\",\"name\":\"Funtana turisti\u010dka zajednica\",\"url\":\"https:\\\/\\\/funtana.com\\\/it\\\/\",\"logo\":{\"@type\":\"ImageObject\",\"inLanguage\":\"it-IT\",\"@id\":\"https:\\\/\\\/funtana.com\\\/it\\\/#\\\/schema\\\/logo\\\/image\\\/\",\"url\":\"https:\\\/\\\/funtana.com\\\/wp-content\\\/uploads\\\/2023\\\/04\\\/cropped-funtanalogo-e1681572065284.png\",\"contentUrl\":\"https:\\\/\\\/funtana.com\\\/wp-content\\\/uploads\\\/2023\\\/04\\\/cropped-funtanalogo-e1681572065284.png\",\"width\":90,\"height\":72,\"caption\":\"Funtana turisti\u010dka zajednica\"},\"image\":{\"@id\":\"https:\\\/\\\/funtana.com\\\/it\\\/#\\\/schema\\\/logo\\\/image\\\/\"},\"sameAs\":[\"https:\\\/\\\/www.facebook.com\\\/funtanaistria\",\"https:\\\/\\\/www.instagram.com\\\/funtanaistria\\\/\"]}]}<\/script>\n<!-- \/ Yoast SEO plugin. -->","yoast_head_json":{"title":"Consigli turistici - Funtana Ente turistico","robots":{"index":"index","follow":"follow","max-snippet":"max-snippet:-1","max-image-preview":"max-image-preview:large","max-video-preview":"max-video-preview:-1"},"canonical":"https:\/\/funtana.com\/it\/frequently-asked-questions\/","og_locale":"it_IT","og_type":"article","og_title":"Consigli turistici - Funtana Ente turistico","og_url":"https:\/\/funtana.com\/it\/frequently-asked-questions\/","article_publisher":"https:\/\/www.facebook.com\/funtanaistria","article_modified_time":"2024-03-18T13:17:29+00:00","og_image":[{"url":"https:\/\/funtana.com\/wp-content\/uploads\/2024\/03\/FUNTANA-202101146-1-scaled.jpg","type":"","width":"","height":""}],"twitter_card":"summary_large_image","twitter_misc":{"Tempo di lettura stimato":"4 minuti"},"schema":{"@context":"https:\/\/schema.org","@graph":[{"@type":"WebPage","@id":"https:\/\/funtana.com\/it\/frequently-asked-questions\/","url":"https:\/\/funtana.com\/it\/frequently-asked-questions\/","name":"Consigli turistici - Funtana Ente turistico","isPartOf":{"@id":"https:\/\/funtana.com\/it\/#website"},"primaryImageOfPage":{"@id":"https:\/\/funtana.com\/it\/frequently-asked-questions\/#primaryimage"},"image":{"@id":"https:\/\/funtana.com\/it\/frequently-asked-questions\/#primaryimage"},"thumbnailUrl":"https:\/\/funtana.com\/wp-content\/uploads\/2024\/03\/FUNTANA-202101146-1-scaled.jpg","datePublished":"2024-03-17T12:29:43+00:00","dateModified":"2024-03-18T13:17:29+00:00","breadcrumb":{"@id":"https:\/\/funtana.com\/it\/frequently-asked-questions\/#breadcrumb"},"inLanguage":"it-IT","potentialAction":[{"@type":"ReadAction","target":["https:\/\/funtana.com\/it\/frequently-asked-questions\/"]}]},{"@type":"ImageObject","inLanguage":"it-IT","@id":"https:\/\/funtana.com\/it\/frequently-asked-questions\/#primaryimage","url":"https:\/\/funtana.com\/wp-content\/uploads\/2024\/03\/FUNTANA-202101146-1-scaled.jpg","contentUrl":"https:\/\/funtana.com\/wp-content\/uploads\/2024\/03\/FUNTANA-202101146-1-scaled.jpg"},{"@type":"BreadcrumbList","@id":"https:\/\/funtana.com\/it\/frequently-asked-questions\/#breadcrumb","itemListElement":[{"@type":"ListItem","position":1,"name":"Home","item":"https:\/\/funtana.com\/it\/"},{"@type":"ListItem","position":2,"name":"Consigli turistici"}]},{"@type":"WebSite","@id":"https:\/\/funtana.com\/it\/#website","url":"https:\/\/funtana.com\/it\/","name":"Funtana turisti\u010dka zajednica","description":"Ente turistico","publisher":{"@id":"https:\/\/funtana.com\/it\/#organization"},"alternateName":"Turisti\u010dka zajednica Op\u0107ine Funtana","potentialAction":[{"@type":"SearchAction","target":{"@type":"EntryPoint","urlTemplate":"https:\/\/funtana.com\/it\/?s={search_term_string}"},"query-input":{"@type":"PropertyValueSpecification","valueRequired":true,"valueName":"search_term_string"}}],"inLanguage":"it-IT"},{"@type":"Organization","@id":"https:\/\/funtana.com\/it\/#organization","name":"Funtana turisti\u010dka zajednica","url":"https:\/\/funtana.com\/it\/","logo":{"@type":"ImageObject","inLanguage":"it-IT","@id":"https:\/\/funtana.com\/it\/#\/schema\/logo\/image\/","url":"https:\/\/funtana.com\/wp-content\/uploads\/2023\/04\/cropped-funtanalogo-e1681572065284.png","contentUrl":"https:\/\/funtana.com\/wp-content\/uploads\/2023\/04\/cropped-funtanalogo-e1681572065284.png","width":90,"height":72,"caption":"Funtana turisti\u010dka zajednica"},"image":{"@id":"https:\/\/funtana.com\/it\/#\/schema\/logo\/image\/"},"sameAs":["https:\/\/www.facebook.com\/funtanaistria","https:\/\/www.instagram.com\/funtanaistria\/"]}]}},"publishpress_future_action":{"enabled":false,"date":"2026-05-20 05:37:57","action":"change-status","newStatus":"draft","terms":[],"taxonomy":"translation_priority","extraData":[]},"publishpress_future_workflow_manual_trigger":{"enabledWorkflows":[]},"_links":{"self":[{"href":"https:\/\/funtana.com\/it\/wp-json\/wp\/v2\/pages\/22608","targetHints":{"allow":["GET"]}}],"collection":[{"href":"https:\/\/funtana.com\/it\/wp-json\/wp\/v2\/pages"}],"about":[{"href":"https:\/\/funtana.com\/it\/wp-json\/wp\/v2\/types\/page"}],"author":[{"embeddable":true,"href":"https:\/\/funtana.com\/it\/wp-json\/wp\/v2\/users\/1"}],"replies":[{"embeddable":true,"href":"https:\/\/funtana.com\/it\/wp-json\/wp\/v2\/comments?post=22608"}],"version-history":[{"count":1,"href":"https:\/\/funtana.com\/it\/wp-json\/wp\/v2\/pages\/22608\/revisions"}],"predecessor-version":[{"id":22632,"href":"https:\/\/funtana.com\/it\/wp-json\/wp\/v2\/pages\/22608\/revisions\/22632"}],"wp:attachment":[{"href":"https:\/\/funtana.com\/it\/wp-json\/wp\/v2\/media?parent=22608"}],"curies":[{"name":"wp","href":"https:\/\/api.w.org\/{rel}","templated":true}]}}