{"id":25833,"date":"2024-05-21T12:04:32","date_gmt":"2024-05-21T12:04:32","guid":{"rendered":"https:\/\/nova.funtana.com\/climate-and-weather\/"},"modified":"2024-05-21T21:42:33","modified_gmt":"2024-05-21T21:42:33","slug":"climate-and-weather","status":"publish","type":"page","link":"https:\/\/funtana.com\/hr\/climate-and-weather\/","title":{"rendered":"Klima i vrijeme"},"content":{"rendered":"\n<p><a href=\"https:\/\/funtana.com\/wp-content\/uploads\/2014\/03\/sl_040311114846.jpg\"><\/a><\/p>\n\n\n\n<div class=\"wp-block-citadela-blocks-custom-container citadela-block-custom-container size-fullwidth bg-type-none inside-space-none\"><div class=\"inner-holder\">         <div \r\n            class=\"citadela-block-responsive-text align-center\"\r\n                                 >\r\n            <h1 class=\"inner-tag\" style=\"color: #67afdf;\"><\/h1>         <\/div>\r\n      \n\n\n<div class=\"wp-block-cover is-light has-custom-content-position is-position-top-center has-white-color has-text-color has-link-color wp-elements-e46009c0f9d73b23c7f5157d35c6a0d7\"><span aria-hidden=\"true\" class=\"wp-block-cover__background has-background-dim-0 has-background-dim\" style=\"background-color:#476f83\"><\/span><img loading=\"lazy\" decoding=\"async\" width=\"2560\" height=\"1708\" class=\"wp-block-cover__image-background wp-image-25772\" alt=\"\" src=\"https:\/\/funtana.com\/wp-content\/uploads\/2024\/05\/FUNTANA-202101135-1-scaled.jpg\" style=\"object-position:55% 62%\" data-object-fit=\"cover\" data-object-position=\"55% 62%\" srcset=\"https:\/\/funtana.com\/wp-content\/uploads\/2024\/05\/FUNTANA-202101135-1-scaled.jpg 2560w, https:\/\/funtana.com\/wp-content\/uploads\/2024\/05\/FUNTANA-202101135-1-300x200.jpg 300w, https:\/\/funtana.com\/wp-content\/uploads\/2024\/05\/FUNTANA-202101135-1-1024x683.jpg 1024w, https:\/\/funtana.com\/wp-content\/uploads\/2024\/05\/FUNTANA-202101135-1-768x513.jpg 768w, https:\/\/funtana.com\/wp-content\/uploads\/2024\/05\/FUNTANA-202101135-1-50x33.jpg 50w, https:\/\/funtana.com\/wp-content\/uploads\/2024\/05\/FUNTANA-202101135-1-1600x1068.jpg 1600w, https:\/\/funtana.com\/wp-content\/uploads\/2024\/05\/FUNTANA-202101135-1-1536x1025.jpg 1536w, https:\/\/funtana.com\/wp-content\/uploads\/2024\/05\/FUNTANA-202101135-1-2048x1367.jpg 2048w\" sizes=\"auto, (max-width: 2560px) 100vw, 2560px\" \/><div class=\"wp-block-cover__inner-container is-layout-constrained wp-block-cover-is-layout-constrained\">\n<p class=\"has-text-align-center has-vivid-cyan-blue-color has-text-color has-background has-link-color has-large-font-size wp-elements-6217339c221bc7a014898bf2c4482ce1\" style=\"background-color:#ffffff21;font-style:normal;font-weight:700\">Klima i vrijeme<\/p>\n<\/div><\/div>\n\n\n\n<p><\/p>\n\n\n\n<p>Hrvatska je jadranska i srednjoeuropska zemlja \u0161to se pru\u017ea od Dunava na sjeveroistoku do Istre na zapadu i Boke Kotorske na jugoistoku. Povr\u0161ina je kopna 56.538 km2 a pripadaju\u0107eg obalnoga mora oko 31.900 km2. Prema popisu iz 2001. godine ima oko 4,5 milijuna stanovnika. Glavni je grad Zagreb s oko milijun stanovnika.<\/p>\n\n\n\n<p>Istra, najve\u0107i poluotok na Jadranskom moru (3160 km2), koji je dio toplog Sredozemnog mora, najdublje je uvu\u010den u srednju Europu izme\u0111u Alpi i Dinara pa \u010dini prirodna vrata srednje Europe za ulazak\/dolazak na Jadran. Utjecajem Sredozemnoga mora zime su bez snijega, a ljeta duga, sun\u010dana i topla. Istra se ubraja me\u0111u najsun\u010danije oaze u Europi. Presijeca je 45. paralela i 14. meridijan. S obzirom na konfiguraciju krase je tri forme \u2013 Bijela, Crvena i Siva Istra. Razvedenost, bogatstvo obli\u010dja, zimzelena vegetacija, kultivirana polja i sklad urbanih aglomeracija daju joj specifi\u010dan pitoreskni pejza\u017e.<\/p>\n\n\n\n<p>Funtana se smjestila na bogomdanom prostoru uz obalu koju oplakuje modro more Jadrana. To je najbli\u017ee toplo more kontinentalne Europe \u017eeljne svih okusa i boja Mediterana. Kona\u010dno, upravo je hrvatski dio Jadrana naj\u010di\u0161\u0107e more na Mediteranu. U Funtani \u0107e namjernik susresti predivnu razvedenu obalu s brojnim uvalama, otocima i hridima koji su u \u0161irokom vidokrugu obgrlili mjesto. Ovo je more izuzetno bogato florom i faunom.<\/p>\n\n\n\n<p>Klima je blaga, mediteranska s prosje\u010dnom temperaturom u najhladnijem sije\u010dnju od +5 C i u najtoplijem kolovozu od +28 C. Mo\u017ee se ugodno spavati i zimi i ljeti; ne trese hladno\u0107a, ne gu\u0161i zapara. Sezona kupanja ovdje traje od svibnja do listopada. Upravo ove prirodno-klimatske pogodnosti utjecale su na razvoj turizma i dolazak velikog broja gostiju. Zapadna obala Istre ima oko 2000 sun\u010danih sati godi\u0161nje. Osnovni su vjetrovi bura, jugo i maestral. Bura pu\u0161e uglavnom zimi s kopna prema moru i donosi zahla\u0111\u0091enje, jugo ili \u0161iroko pu\u0161e s pu\u010dine prema kopnu i donosi naoblaku i ki\u0161u, a maestral, koji ljeti pu\u0161e s pu\u010dine, donosi blagotvorno osvje\u017eenje.<\/p>\n\n\n\n<p><\/p>\n\n\n\n<p><\/p>\n<\/div><\/div>\n","protected":false},"excerpt":{"rendered":"","protected":false},"author":1,"featured_media":0,"parent":0,"menu_order":0,"comment_status":"closed","ping_status":"closed","template":"","meta":{"loftloader_page_shortcode":"","_citadela_hide_page_title":"1","_citadela_remove_header_space":"1","_citadela_custom_class":"","_citadela_half_map_provider":"","_citadela_half_map_theme":"","_citadela_half_map_themeOSM":"","_citadela_half_map_customTheme":"","_citadela_half_map_dataType":"","_citadela_half_map_dynamicTrack":false,"_citadela_half_map_trackColor":"","_citadela_half_map_trackEndpointsColor":"","_citadela_half_map_filterCategory":"","_citadela_half_map_filterLocation":"","_citadela_half_map_filterFeatured":false,"_citadela_half_map_noDataBehavior":"empty-map","_citadela_half_map_noDataText":"","_citadela_half_map_clusterGridSize":80,"_citadela_header":false,"_citadela_header_over_content":false,"_citadela_header_text_color":"","_citadela_header_logo":[],"_citadela_header_bg_image":[],"_citadela_header_bg_position":{"x":0.5,"y":0.5},"_citadela_header_bg_size":"cover","_citadela_header_bg_repeat":"no-repeat","_citadela_header_bg_fixed":false,"_citadela_header_bg_color":"","_citadela_header_bg_image_overlay":"","_citadela_header_transparent_bg":false,"_citadela_content_width":"wide","_citadela_half_layout_position":"","footnotes":""},"class_list":["post-25833","page","type-page","status-publish","hentry"],"yoast_head":"<!-- This site is optimized with the Yoast SEO plugin v27.6 - https:\/\/yoast.com\/product\/yoast-seo-wordpress\/ -->\n<title>Klima i vrijeme - Funtana turisti\u010dka zajednica<\/title>\n<meta name=\"robots\" content=\"index, follow, max-snippet:-1, max-image-preview:large, max-video-preview:-1\" \/>\n<link rel=\"canonical\" href=\"https:\/\/funtana.com\/hr\/climate-and-weather\/\" \/>\n<meta property=\"og:locale\" content=\"hr_HR\" \/>\n<meta property=\"og:type\" content=\"article\" \/>\n<meta property=\"og:title\" content=\"Klima i vrijeme - Funtana turisti\u010dka zajednica\" \/>\n<meta property=\"og:url\" content=\"https:\/\/funtana.com\/hr\/climate-and-weather\/\" \/>\n<meta property=\"article:publisher\" content=\"https:\/\/www.facebook.com\/funtanaistria\" \/>\n<meta property=\"article:modified_time\" content=\"2024-05-21T21:42:33+00:00\" \/>\n<meta property=\"og:image\" content=\"https:\/\/funtana.com\/wp-content\/uploads\/2024\/05\/FUNTANA-202101135-1-scaled.jpg\" \/>\n<meta name=\"twitter:card\" content=\"summary_large_image\" \/>\n<meta name=\"twitter:label1\" content=\"Procijenjeno vrijeme \u010ditanja\" \/>\n\t<meta name=\"twitter:data1\" content=\"2 minute\" \/>\n<script type=\"application\/ld+json\" class=\"yoast-schema-graph\">{\"@context\":\"https:\\\/\\\/schema.org\",\"@graph\":[{\"@type\":\"WebPage\",\"@id\":\"https:\\\/\\\/funtana.com\\\/hr\\\/climate-and-weather\\\/\",\"url\":\"https:\\\/\\\/funtana.com\\\/hr\\\/climate-and-weather\\\/\",\"name\":\"Klima i vrijeme - Funtana turisti\u010dka zajednica\",\"isPartOf\":{\"@id\":\"https:\\\/\\\/funtana.com\\\/hr\\\/#website\"},\"primaryImageOfPage\":{\"@id\":\"https:\\\/\\\/funtana.com\\\/hr\\\/climate-and-weather\\\/#primaryimage\"},\"image\":{\"@id\":\"https:\\\/\\\/funtana.com\\\/hr\\\/climate-and-weather\\\/#primaryimage\"},\"thumbnailUrl\":\"https:\\\/\\\/funtana.com\\\/wp-content\\\/uploads\\\/2024\\\/05\\\/FUNTANA-202101135-1-scaled.jpg\",\"datePublished\":\"2024-05-21T12:04:32+00:00\",\"dateModified\":\"2024-05-21T21:42:33+00:00\",\"breadcrumb\":{\"@id\":\"https:\\\/\\\/funtana.com\\\/hr\\\/climate-and-weather\\\/#breadcrumb\"},\"inLanguage\":\"hr\",\"potentialAction\":[{\"@type\":\"ReadAction\",\"target\":[\"https:\\\/\\\/funtana.com\\\/hr\\\/climate-and-weather\\\/\"]}]},{\"@type\":\"ImageObject\",\"inLanguage\":\"hr\",\"@id\":\"https:\\\/\\\/funtana.com\\\/hr\\\/climate-and-weather\\\/#primaryimage\",\"url\":\"https:\\\/\\\/funtana.com\\\/wp-content\\\/uploads\\\/2024\\\/05\\\/FUNTANA-202101135-1-scaled.jpg\",\"contentUrl\":\"https:\\\/\\\/funtana.com\\\/wp-content\\\/uploads\\\/2024\\\/05\\\/FUNTANA-202101135-1-scaled.jpg\"},{\"@type\":\"BreadcrumbList\",\"@id\":\"https:\\\/\\\/funtana.com\\\/hr\\\/climate-and-weather\\\/#breadcrumb\",\"itemListElement\":[{\"@type\":\"ListItem\",\"position\":1,\"name\":\"Home\",\"item\":\"https:\\\/\\\/funtana.com\\\/hr\\\/\"},{\"@type\":\"ListItem\",\"position\":2,\"name\":\"Klima i vrijeme\"}]},{\"@type\":\"WebSite\",\"@id\":\"https:\\\/\\\/funtana.com\\\/hr\\\/#website\",\"url\":\"https:\\\/\\\/funtana.com\\\/hr\\\/\",\"name\":\"Funtana turisti\u010dka zajednica\",\"description\":\"Turisti\u010dka zajednica Op\u0107ine\",\"publisher\":{\"@id\":\"https:\\\/\\\/funtana.com\\\/hr\\\/#organization\"},\"alternateName\":\"Turisti\u010dka zajednica Op\u0107ine Funtana\",\"potentialAction\":[{\"@type\":\"SearchAction\",\"target\":{\"@type\":\"EntryPoint\",\"urlTemplate\":\"https:\\\/\\\/funtana.com\\\/hr\\\/?s={search_term_string}\"},\"query-input\":{\"@type\":\"PropertyValueSpecification\",\"valueRequired\":true,\"valueName\":\"search_term_string\"}}],\"inLanguage\":\"hr\"},{\"@type\":\"Organization\",\"@id\":\"https:\\\/\\\/funtana.com\\\/hr\\\/#organization\",\"name\":\"Funtana turisti\u010dka zajednica\",\"url\":\"https:\\\/\\\/funtana.com\\\/hr\\\/\",\"logo\":{\"@type\":\"ImageObject\",\"inLanguage\":\"hr\",\"@id\":\"https:\\\/\\\/funtana.com\\\/hr\\\/#\\\/schema\\\/logo\\\/image\\\/\",\"url\":\"https:\\\/\\\/funtana.com\\\/wp-content\\\/uploads\\\/2023\\\/04\\\/cropped-funtanalogo-e1681572065284.png\",\"contentUrl\":\"https:\\\/\\\/funtana.com\\\/wp-content\\\/uploads\\\/2023\\\/04\\\/cropped-funtanalogo-e1681572065284.png\",\"width\":90,\"height\":72,\"caption\":\"Funtana turisti\u010dka zajednica\"},\"image\":{\"@id\":\"https:\\\/\\\/funtana.com\\\/hr\\\/#\\\/schema\\\/logo\\\/image\\\/\"},\"sameAs\":[\"https:\\\/\\\/www.facebook.com\\\/funtanaistria\",\"https:\\\/\\\/www.instagram.com\\\/funtanaistria\\\/\"]}]}<\/script>\n<!-- \/ Yoast SEO plugin. -->","yoast_head_json":{"title":"Klima i vrijeme - Funtana turisti\u010dka zajednica","robots":{"index":"index","follow":"follow","max-snippet":"max-snippet:-1","max-image-preview":"max-image-preview:large","max-video-preview":"max-video-preview:-1"},"canonical":"https:\/\/funtana.com\/hr\/climate-and-weather\/","og_locale":"hr_HR","og_type":"article","og_title":"Klima i vrijeme - Funtana turisti\u010dka zajednica","og_url":"https:\/\/funtana.com\/hr\/climate-and-weather\/","article_publisher":"https:\/\/www.facebook.com\/funtanaistria","article_modified_time":"2024-05-21T21:42:33+00:00","og_image":[{"url":"https:\/\/funtana.com\/wp-content\/uploads\/2024\/05\/FUNTANA-202101135-1-scaled.jpg","type":"","width":"","height":""}],"twitter_card":"summary_large_image","twitter_misc":{"Procijenjeno vrijeme \u010ditanja":"2 minute"},"schema":{"@context":"https:\/\/schema.org","@graph":[{"@type":"WebPage","@id":"https:\/\/funtana.com\/hr\/climate-and-weather\/","url":"https:\/\/funtana.com\/hr\/climate-and-weather\/","name":"Klima i vrijeme - Funtana turisti\u010dka zajednica","isPartOf":{"@id":"https:\/\/funtana.com\/hr\/#website"},"primaryImageOfPage":{"@id":"https:\/\/funtana.com\/hr\/climate-and-weather\/#primaryimage"},"image":{"@id":"https:\/\/funtana.com\/hr\/climate-and-weather\/#primaryimage"},"thumbnailUrl":"https:\/\/funtana.com\/wp-content\/uploads\/2024\/05\/FUNTANA-202101135-1-scaled.jpg","datePublished":"2024-05-21T12:04:32+00:00","dateModified":"2024-05-21T21:42:33+00:00","breadcrumb":{"@id":"https:\/\/funtana.com\/hr\/climate-and-weather\/#breadcrumb"},"inLanguage":"hr","potentialAction":[{"@type":"ReadAction","target":["https:\/\/funtana.com\/hr\/climate-and-weather\/"]}]},{"@type":"ImageObject","inLanguage":"hr","@id":"https:\/\/funtana.com\/hr\/climate-and-weather\/#primaryimage","url":"https:\/\/funtana.com\/wp-content\/uploads\/2024\/05\/FUNTANA-202101135-1-scaled.jpg","contentUrl":"https:\/\/funtana.com\/wp-content\/uploads\/2024\/05\/FUNTANA-202101135-1-scaled.jpg"},{"@type":"BreadcrumbList","@id":"https:\/\/funtana.com\/hr\/climate-and-weather\/#breadcrumb","itemListElement":[{"@type":"ListItem","position":1,"name":"Home","item":"https:\/\/funtana.com\/hr\/"},{"@type":"ListItem","position":2,"name":"Klima i vrijeme"}]},{"@type":"WebSite","@id":"https:\/\/funtana.com\/hr\/#website","url":"https:\/\/funtana.com\/hr\/","name":"Funtana turisti\u010dka zajednica","description":"Turisti\u010dka zajednica Op\u0107ine","publisher":{"@id":"https:\/\/funtana.com\/hr\/#organization"},"alternateName":"Turisti\u010dka zajednica Op\u0107ine Funtana","potentialAction":[{"@type":"SearchAction","target":{"@type":"EntryPoint","urlTemplate":"https:\/\/funtana.com\/hr\/?s={search_term_string}"},"query-input":{"@type":"PropertyValueSpecification","valueRequired":true,"valueName":"search_term_string"}}],"inLanguage":"hr"},{"@type":"Organization","@id":"https:\/\/funtana.com\/hr\/#organization","name":"Funtana turisti\u010dka zajednica","url":"https:\/\/funtana.com\/hr\/","logo":{"@type":"ImageObject","inLanguage":"hr","@id":"https:\/\/funtana.com\/hr\/#\/schema\/logo\/image\/","url":"https:\/\/funtana.com\/wp-content\/uploads\/2023\/04\/cropped-funtanalogo-e1681572065284.png","contentUrl":"https:\/\/funtana.com\/wp-content\/uploads\/2023\/04\/cropped-funtanalogo-e1681572065284.png","width":90,"height":72,"caption":"Funtana turisti\u010dka zajednica"},"image":{"@id":"https:\/\/funtana.com\/hr\/#\/schema\/logo\/image\/"},"sameAs":["https:\/\/www.facebook.com\/funtanaistria","https:\/\/www.instagram.com\/funtanaistria\/"]}]}},"publishpress_future_action":{"enabled":false,"date":"2026-05-20 18:02:53","action":"change-status","newStatus":"draft","terms":[],"taxonomy":"translation_priority","extraData":[]},"publishpress_future_workflow_manual_trigger":{"enabledWorkflows":[]},"_links":{"self":[{"href":"https:\/\/funtana.com\/hr\/wp-json\/wp\/v2\/pages\/25833","targetHints":{"allow":["GET"]}}],"collection":[{"href":"https:\/\/funtana.com\/hr\/wp-json\/wp\/v2\/pages"}],"about":[{"href":"https:\/\/funtana.com\/hr\/wp-json\/wp\/v2\/types\/page"}],"author":[{"embeddable":true,"href":"https:\/\/funtana.com\/hr\/wp-json\/wp\/v2\/users\/1"}],"replies":[{"embeddable":true,"href":"https:\/\/funtana.com\/hr\/wp-json\/wp\/v2\/comments?post=25833"}],"version-history":[{"count":1,"href":"https:\/\/funtana.com\/hr\/wp-json\/wp\/v2\/pages\/25833\/revisions"}],"predecessor-version":[{"id":25839,"href":"https:\/\/funtana.com\/hr\/wp-json\/wp\/v2\/pages\/25833\/revisions\/25839"}],"wp:attachment":[{"href":"https:\/\/funtana.com\/hr\/wp-json\/wp\/v2\/media?parent=25833"}],"curies":[{"name":"wp","href":"https:\/\/api.w.org\/{rel}","templated":true}]}}