{"id":22618,"date":"2024-03-17T13:03:57","date_gmt":"2024-03-17T13:03:57","guid":{"rendered":"https:\/\/nova.funtana.com\/other-useful-information\/"},"modified":"2024-03-19T08:38:55","modified_gmt":"2024-03-19T08:38:55","slug":"ostale-korisne-informacije","status":"publish","type":"page","link":"https:\/\/funtana.com\/hr\/ostale-korisne-informacije\/","title":{"rendered":"Ostale korisne informacije"},"content":{"rendered":"\n<p><a href=\"https:\/\/funtana.com\/wp-content\/uploads\/2014\/03\/sl_040311114846.jpg\"><\/a><\/p>\n\n\n\n<div class=\"wp-block-citadela-blocks-custom-container citadela-block-custom-container size-fullwidth bg-type-none inside-space-none\"><div class=\"inner-holder\">         <div \r\n            class=\"citadela-block-responsive-text align-center\"\r\n                                 >\r\n            <h1 class=\"inner-tag\" style=\"color: #67afdf;\"><\/h1>         <\/div>\r\n      \n\n\n<div class=\"wp-block-cover is-light has-custom-content-position is-position-top-center has-white-color has-text-color has-link-color wp-elements-f4f5d03ef2b03a9db11fbee348a8d4be\"><span aria-hidden=\"true\" class=\"wp-block-cover__background has-background-dim-0 has-background-dim\"><\/span><img loading=\"lazy\" decoding=\"async\" width=\"2560\" height=\"1498\" class=\"wp-block-cover__image-background wp-image-22171\" alt=\"\" src=\"https:\/\/funtana.com\/wp-content\/uploads\/2024\/03\/FUNTANA-134-DA-scaled.jpg\" data-object-fit=\"cover\" srcset=\"https:\/\/funtana.com\/wp-content\/uploads\/2024\/03\/FUNTANA-134-DA-scaled.jpg 2560w, https:\/\/funtana.com\/wp-content\/uploads\/2024\/03\/FUNTANA-134-DA-300x176.jpg 300w, https:\/\/funtana.com\/wp-content\/uploads\/2024\/03\/FUNTANA-134-DA-1024x599.jpg 1024w, https:\/\/funtana.com\/wp-content\/uploads\/2024\/03\/FUNTANA-134-DA-768x449.jpg 768w, https:\/\/funtana.com\/wp-content\/uploads\/2024\/03\/FUNTANA-134-DA-50x29.jpg 50w, https:\/\/funtana.com\/wp-content\/uploads\/2024\/03\/FUNTANA-134-DA-1600x936.jpg 1600w, https:\/\/funtana.com\/wp-content\/uploads\/2024\/03\/FUNTANA-134-DA-1536x899.jpg 1536w, https:\/\/funtana.com\/wp-content\/uploads\/2024\/03\/FUNTANA-134-DA-2048x1198.jpg 2048w\" sizes=\"auto, (max-width: 2560px) 100vw, 2560px\" \/><div class=\"wp-block-cover__inner-container is-layout-constrained wp-block-cover-is-layout-constrained\">\n<p class=\"has-text-align-center has-luminous-vivid-orange-color has-text-color has-background has-link-color has-large-font-size wp-elements-7efe7ce6d19d93d05bad80297c3f2a72\" style=\"background-color:#ffffff21;font-style:normal;font-weight:700\">Ostale korisne informacije<\/p>\n<\/div><\/div>\n\n\n\n<p><\/p>\n\n\n\n<h3 class=\"wp-block-heading\">Novac<\/h3>\n\n\n\n<p>Slu\u017ebena valuta u Hrvatskoj je EURO (1 euro =100 centi). Strana valuta mijenja se u bankama, mjenja\u010dnicama, po\u0161tanskim uredima i u ve\u0107ini turisti\u010dkih agencija, hotela i kampova.<\/p>\n\n\n\n<h3 class=\"wp-block-heading\">Promet i prometne usluge<\/h3>\n\n\n\n<p>Na cestama u Hrvatskoj vrijede isti propisi kao i u Europi. Ograni\u010denja brzine ozna\u010dena su na pojedinim prometnicama.<\/p>\n\n\n\n<h3 class=\"wp-block-heading\">Prometna ograni\u010denja<\/h3>\n\n\n\n<p>Na ulicama: Nepropisno parkirani automobili mogu se ukloniti specijalnim vozilom, tzv. paukom, i deponirati.<\/p>\n\n\n\n<p>U vo\u017enji: obavezno kori\u0161tenje sigurnosnih pojaseva. Obavezno upaljena kratka svijetla. Zabranjena uporaba telefona. Kroz naseljena mjesta brzina je ograni\u010dena na 50 km.<br>Na moru: Nije dozvoljeno glisiranje brzim motornim \u010damcima i skijanje na vodi unutar 200 metara od obale.<\/p>\n\n\n\n<h3 class=\"wp-block-heading\">Blagdani i neradni dani:<\/h3>\n\n\n\n<p>1. sije\u010dnja \u2013 Nova godina; 6. sije\u010dnja \u2013 Sv. tri kralja; Uskrs i uskrsni ponedjeljak; 01. svibnja \u2013 Praznik rada; Tijelovo; 22. lipnja \u2013 Dan antifa\u0161isti\u010dke borbe; 25. lipnja \u2013 Dan dr\u017eavnosti; 05. kolovoza \u2013 Dan pobjede i domovinske zahvalnosti; 15. kolovoza \u2013 Velika Gospa; 08. listopada \u2013 Dan neovisnosti; 01. studenoga \u2013 Svi sveti 25. i 26. prosinca \u2013 bo\u017ei\u0107ni blagdani.<\/p>\n\n\n\n<p><\/p>\n<\/div><\/div>\n","protected":false},"excerpt":{"rendered":"","protected":false},"author":1,"featured_media":0,"parent":0,"menu_order":0,"comment_status":"closed","ping_status":"closed","template":"page-templates\/right-sidebar.php","meta":{"loftloader_page_shortcode":"","_citadela_hide_page_title":"1","_citadela_remove_header_space":"1","_citadela_custom_class":"","_citadela_half_map_provider":"","_citadela_half_map_theme":"","_citadela_half_map_themeOSM":"","_citadela_half_map_customTheme":"","_citadela_half_map_dataType":"","_citadela_half_map_dynamicTrack":false,"_citadela_half_map_trackColor":"","_citadela_half_map_trackEndpointsColor":"","_citadela_half_map_filterCategory":"","_citadela_half_map_filterLocation":"","_citadela_half_map_filterFeatured":false,"_citadela_half_map_noDataBehavior":"empty-map","_citadela_half_map_noDataText":"","_citadela_half_map_clusterGridSize":80,"_citadela_header":false,"_citadela_header_over_content":false,"_citadela_header_text_color":"","_citadela_header_logo":[],"_citadela_header_bg_image":[],"_citadela_header_bg_position":{"x":0.5,"y":0.5},"_citadela_header_bg_size":"cover","_citadela_header_bg_repeat":"no-repeat","_citadela_header_bg_fixed":false,"_citadela_header_bg_color":"","_citadela_header_bg_image_overlay":"","_citadela_header_transparent_bg":false,"_citadela_content_width":"wide","_citadela_half_layout_position":"","footnotes":""},"class_list":["post-22618","page","type-page","status-publish","hentry"],"yoast_head":"<!-- This site is optimized with the Yoast SEO plugin v27.5 - https:\/\/yoast.com\/product\/yoast-seo-wordpress\/ -->\n<title>Ostale korisne informacije - Funtana turisti\u010dka zajednica<\/title>\n<meta name=\"robots\" content=\"index, follow, max-snippet:-1, max-image-preview:large, max-video-preview:-1\" \/>\n<link rel=\"canonical\" href=\"https:\/\/funtana.com\/hr\/ostale-korisne-informacije\/\" \/>\n<meta property=\"og:locale\" content=\"hr_HR\" \/>\n<meta property=\"og:type\" content=\"article\" \/>\n<meta property=\"og:title\" content=\"Ostale korisne informacije - Funtana turisti\u010dka zajednica\" \/>\n<meta property=\"og:url\" content=\"https:\/\/funtana.com\/hr\/ostale-korisne-informacije\/\" \/>\n<meta property=\"article:publisher\" content=\"https:\/\/www.facebook.com\/funtanaistria\" \/>\n<meta property=\"article:modified_time\" content=\"2024-03-19T08:38:55+00:00\" \/>\n<meta property=\"og:image\" content=\"https:\/\/funtana.com\/wp-content\/uploads\/2024\/03\/FUNTANA-134-DA-scaled.jpg\" \/>\n<meta name=\"twitter:card\" content=\"summary_large_image\" \/>\n<meta name=\"twitter:label1\" content=\"Procijenjeno vrijeme \u010ditanja\" \/>\n\t<meta name=\"twitter:data1\" content=\"1 minuta\" \/>\n<script type=\"application\/ld+json\" class=\"yoast-schema-graph\">{\"@context\":\"https:\\\/\\\/schema.org\",\"@graph\":[{\"@type\":\"WebPage\",\"@id\":\"https:\\\/\\\/funtana.com\\\/hr\\\/ostale-korisne-informacije\\\/\",\"url\":\"https:\\\/\\\/funtana.com\\\/hr\\\/ostale-korisne-informacije\\\/\",\"name\":\"Ostale korisne informacije - Funtana turisti\u010dka zajednica\",\"isPartOf\":{\"@id\":\"https:\\\/\\\/funtana.com\\\/hr\\\/#website\"},\"primaryImageOfPage\":{\"@id\":\"https:\\\/\\\/funtana.com\\\/hr\\\/ostale-korisne-informacije\\\/#primaryimage\"},\"image\":{\"@id\":\"https:\\\/\\\/funtana.com\\\/hr\\\/ostale-korisne-informacije\\\/#primaryimage\"},\"thumbnailUrl\":\"https:\\\/\\\/funtana.com\\\/wp-content\\\/uploads\\\/2024\\\/03\\\/FUNTANA-134-DA-scaled.jpg\",\"datePublished\":\"2024-03-17T13:03:57+00:00\",\"dateModified\":\"2024-03-19T08:38:55+00:00\",\"breadcrumb\":{\"@id\":\"https:\\\/\\\/funtana.com\\\/hr\\\/ostale-korisne-informacije\\\/#breadcrumb\"},\"inLanguage\":\"hr\",\"potentialAction\":[{\"@type\":\"ReadAction\",\"target\":[\"https:\\\/\\\/funtana.com\\\/hr\\\/ostale-korisne-informacije\\\/\"]}]},{\"@type\":\"ImageObject\",\"inLanguage\":\"hr\",\"@id\":\"https:\\\/\\\/funtana.com\\\/hr\\\/ostale-korisne-informacije\\\/#primaryimage\",\"url\":\"https:\\\/\\\/funtana.com\\\/wp-content\\\/uploads\\\/2024\\\/03\\\/FUNTANA-134-DA-scaled.jpg\",\"contentUrl\":\"https:\\\/\\\/funtana.com\\\/wp-content\\\/uploads\\\/2024\\\/03\\\/FUNTANA-134-DA-scaled.jpg\"},{\"@type\":\"BreadcrumbList\",\"@id\":\"https:\\\/\\\/funtana.com\\\/hr\\\/ostale-korisne-informacije\\\/#breadcrumb\",\"itemListElement\":[{\"@type\":\"ListItem\",\"position\":1,\"name\":\"Home\",\"item\":\"https:\\\/\\\/funtana.com\\\/hr\\\/\"},{\"@type\":\"ListItem\",\"position\":2,\"name\":\"Ostale korisne informacije\"}]},{\"@type\":\"WebSite\",\"@id\":\"https:\\\/\\\/funtana.com\\\/hr\\\/#website\",\"url\":\"https:\\\/\\\/funtana.com\\\/hr\\\/\",\"name\":\"Funtana turisti\u010dka zajednica\",\"description\":\"Turisti\u010dka zajednica Op\u0107ine\",\"publisher\":{\"@id\":\"https:\\\/\\\/funtana.com\\\/hr\\\/#organization\"},\"alternateName\":\"Turisti\u010dka zajednica Op\u0107ine Funtana\",\"potentialAction\":[{\"@type\":\"SearchAction\",\"target\":{\"@type\":\"EntryPoint\",\"urlTemplate\":\"https:\\\/\\\/funtana.com\\\/hr\\\/?s={search_term_string}\"},\"query-input\":{\"@type\":\"PropertyValueSpecification\",\"valueRequired\":true,\"valueName\":\"search_term_string\"}}],\"inLanguage\":\"hr\"},{\"@type\":\"Organization\",\"@id\":\"https:\\\/\\\/funtana.com\\\/hr\\\/#organization\",\"name\":\"Funtana turisti\u010dka zajednica\",\"url\":\"https:\\\/\\\/funtana.com\\\/hr\\\/\",\"logo\":{\"@type\":\"ImageObject\",\"inLanguage\":\"hr\",\"@id\":\"https:\\\/\\\/funtana.com\\\/hr\\\/#\\\/schema\\\/logo\\\/image\\\/\",\"url\":\"https:\\\/\\\/funtana.com\\\/wp-content\\\/uploads\\\/2023\\\/04\\\/cropped-funtanalogo-e1681572065284.png\",\"contentUrl\":\"https:\\\/\\\/funtana.com\\\/wp-content\\\/uploads\\\/2023\\\/04\\\/cropped-funtanalogo-e1681572065284.png\",\"width\":90,\"height\":72,\"caption\":\"Funtana turisti\u010dka zajednica\"},\"image\":{\"@id\":\"https:\\\/\\\/funtana.com\\\/hr\\\/#\\\/schema\\\/logo\\\/image\\\/\"},\"sameAs\":[\"https:\\\/\\\/www.facebook.com\\\/funtanaistria\",\"https:\\\/\\\/www.instagram.com\\\/funtanaistria\\\/\"]}]}<\/script>\n<!-- \/ Yoast SEO plugin. -->","yoast_head_json":{"title":"Ostale korisne informacije - Funtana turisti\u010dka zajednica","robots":{"index":"index","follow":"follow","max-snippet":"max-snippet:-1","max-image-preview":"max-image-preview:large","max-video-preview":"max-video-preview:-1"},"canonical":"https:\/\/funtana.com\/hr\/ostale-korisne-informacije\/","og_locale":"hr_HR","og_type":"article","og_title":"Ostale korisne informacije - Funtana turisti\u010dka zajednica","og_url":"https:\/\/funtana.com\/hr\/ostale-korisne-informacije\/","article_publisher":"https:\/\/www.facebook.com\/funtanaistria","article_modified_time":"2024-03-19T08:38:55+00:00","og_image":[{"url":"https:\/\/funtana.com\/wp-content\/uploads\/2024\/03\/FUNTANA-134-DA-scaled.jpg","type":"","width":"","height":""}],"twitter_card":"summary_large_image","twitter_misc":{"Procijenjeno vrijeme \u010ditanja":"1 minuta"},"schema":{"@context":"https:\/\/schema.org","@graph":[{"@type":"WebPage","@id":"https:\/\/funtana.com\/hr\/ostale-korisne-informacije\/","url":"https:\/\/funtana.com\/hr\/ostale-korisne-informacije\/","name":"Ostale korisne informacije - Funtana turisti\u010dka zajednica","isPartOf":{"@id":"https:\/\/funtana.com\/hr\/#website"},"primaryImageOfPage":{"@id":"https:\/\/funtana.com\/hr\/ostale-korisne-informacije\/#primaryimage"},"image":{"@id":"https:\/\/funtana.com\/hr\/ostale-korisne-informacije\/#primaryimage"},"thumbnailUrl":"https:\/\/funtana.com\/wp-content\/uploads\/2024\/03\/FUNTANA-134-DA-scaled.jpg","datePublished":"2024-03-17T13:03:57+00:00","dateModified":"2024-03-19T08:38:55+00:00","breadcrumb":{"@id":"https:\/\/funtana.com\/hr\/ostale-korisne-informacije\/#breadcrumb"},"inLanguage":"hr","potentialAction":[{"@type":"ReadAction","target":["https:\/\/funtana.com\/hr\/ostale-korisne-informacije\/"]}]},{"@type":"ImageObject","inLanguage":"hr","@id":"https:\/\/funtana.com\/hr\/ostale-korisne-informacije\/#primaryimage","url":"https:\/\/funtana.com\/wp-content\/uploads\/2024\/03\/FUNTANA-134-DA-scaled.jpg","contentUrl":"https:\/\/funtana.com\/wp-content\/uploads\/2024\/03\/FUNTANA-134-DA-scaled.jpg"},{"@type":"BreadcrumbList","@id":"https:\/\/funtana.com\/hr\/ostale-korisne-informacije\/#breadcrumb","itemListElement":[{"@type":"ListItem","position":1,"name":"Home","item":"https:\/\/funtana.com\/hr\/"},{"@type":"ListItem","position":2,"name":"Ostale korisne informacije"}]},{"@type":"WebSite","@id":"https:\/\/funtana.com\/hr\/#website","url":"https:\/\/funtana.com\/hr\/","name":"Funtana turisti\u010dka zajednica","description":"Turisti\u010dka zajednica Op\u0107ine","publisher":{"@id":"https:\/\/funtana.com\/hr\/#organization"},"alternateName":"Turisti\u010dka zajednica Op\u0107ine Funtana","potentialAction":[{"@type":"SearchAction","target":{"@type":"EntryPoint","urlTemplate":"https:\/\/funtana.com\/hr\/?s={search_term_string}"},"query-input":{"@type":"PropertyValueSpecification","valueRequired":true,"valueName":"search_term_string"}}],"inLanguage":"hr"},{"@type":"Organization","@id":"https:\/\/funtana.com\/hr\/#organization","name":"Funtana turisti\u010dka zajednica","url":"https:\/\/funtana.com\/hr\/","logo":{"@type":"ImageObject","inLanguage":"hr","@id":"https:\/\/funtana.com\/hr\/#\/schema\/logo\/image\/","url":"https:\/\/funtana.com\/wp-content\/uploads\/2023\/04\/cropped-funtanalogo-e1681572065284.png","contentUrl":"https:\/\/funtana.com\/wp-content\/uploads\/2023\/04\/cropped-funtanalogo-e1681572065284.png","width":90,"height":72,"caption":"Funtana turisti\u010dka zajednica"},"image":{"@id":"https:\/\/funtana.com\/hr\/#\/schema\/logo\/image\/"},"sameAs":["https:\/\/www.facebook.com\/funtanaistria","https:\/\/www.instagram.com\/funtanaistria\/"]}]}},"publishpress_future_action":{"enabled":false,"date":"2026-05-17 12:36:39","action":"change-status","newStatus":"draft","terms":[],"taxonomy":"translation_priority","extraData":[]},"publishpress_future_workflow_manual_trigger":{"enabledWorkflows":[]},"_links":{"self":[{"href":"https:\/\/funtana.com\/hr\/wp-json\/wp\/v2\/pages\/22618","targetHints":{"allow":["GET"]}}],"collection":[{"href":"https:\/\/funtana.com\/hr\/wp-json\/wp\/v2\/pages"}],"about":[{"href":"https:\/\/funtana.com\/hr\/wp-json\/wp\/v2\/types\/page"}],"author":[{"embeddable":true,"href":"https:\/\/funtana.com\/hr\/wp-json\/wp\/v2\/users\/1"}],"replies":[{"embeddable":true,"href":"https:\/\/funtana.com\/hr\/wp-json\/wp\/v2\/comments?post=22618"}],"version-history":[{"count":1,"href":"https:\/\/funtana.com\/hr\/wp-json\/wp\/v2\/pages\/22618\/revisions"}],"predecessor-version":[{"id":22649,"href":"https:\/\/funtana.com\/hr\/wp-json\/wp\/v2\/pages\/22618\/revisions\/22649"}],"wp:attachment":[{"href":"https:\/\/funtana.com\/hr\/wp-json\/wp\/v2\/media?parent=22618"}],"curies":[{"name":"wp","href":"https:\/\/api.w.org\/{rel}","templated":true}]}}