{"id":22610,"date":"2024-03-17T12:37:51","date_gmt":"2024-03-17T12:37:51","guid":{"rendered":"https:\/\/nova.funtana.com\/health-services-information-for-tourist\/"},"modified":"2024-08-02T22:00:49","modified_gmt":"2024-08-02T22:00:49","slug":"zdravstvena-zastita","status":"publish","type":"page","link":"https:\/\/funtana.com\/hr\/zdravstvena-zastita\/","title":{"rendered":"ZDRAVSTVENA ZA\u0160TITA"},"content":{"rendered":"\n<p><a href=\"https:\/\/funtana.com\/wp-content\/uploads\/2014\/03\/sl_040311114846.jpg\"><\/a><\/p>\n\n\n\n<div class=\"wp-block-citadela-blocks-custom-container citadela-block-custom-container size-fullwidth bg-type-none inside-space-none\"><div class=\"inner-holder\">         <div \r\n            class=\"citadela-block-responsive-text align-center\"\r\n                                 >\r\n            <h1 class=\"inner-tag\" style=\"color: #67afdf;\"><\/h1>         <\/div>\r\n      \n\n\n<div class=\"wp-block-cover is-light has-custom-content-position is-position-top-center has-white-color has-text-color has-link-color wp-elements-30367cf54c4731edaa6096f6d7137505\"><span aria-hidden=\"true\" class=\"wp-block-cover__background has-background-dim-0 has-background-dim\"><\/span><img loading=\"lazy\" decoding=\"async\" width=\"2560\" height=\"1918\" class=\"wp-block-cover__image-background wp-image-21493\" alt=\"\" src=\"https:\/\/funtana.com\/wp-content\/uploads\/2024\/03\/FUNTANA-202100891-C1-DA-1-scaled.jpg\" data-object-fit=\"cover\" srcset=\"https:\/\/funtana.com\/wp-content\/uploads\/2024\/03\/FUNTANA-202100891-C1-DA-1-scaled.jpg 2560w, https:\/\/funtana.com\/wp-content\/uploads\/2024\/03\/FUNTANA-202100891-C1-DA-1-300x225.jpg 300w, https:\/\/funtana.com\/wp-content\/uploads\/2024\/03\/FUNTANA-202100891-C1-DA-1-1024x767.jpg 1024w, https:\/\/funtana.com\/wp-content\/uploads\/2024\/03\/FUNTANA-202100891-C1-DA-1-768x575.jpg 768w, https:\/\/funtana.com\/wp-content\/uploads\/2024\/03\/FUNTANA-202100891-C1-DA-1-50x37.jpg 50w, https:\/\/funtana.com\/wp-content\/uploads\/2024\/03\/FUNTANA-202100891-C1-DA-1-1600x1199.jpg 1600w, https:\/\/funtana.com\/wp-content\/uploads\/2024\/03\/FUNTANA-202100891-C1-DA-1-1536x1151.jpg 1536w, https:\/\/funtana.com\/wp-content\/uploads\/2024\/03\/FUNTANA-202100891-C1-DA-1-2048x1534.jpg 2048w, https:\/\/funtana.com\/wp-content\/uploads\/2024\/03\/FUNTANA-202100891-C1-DA-1-640x480.jpg 640w, https:\/\/funtana.com\/wp-content\/uploads\/2024\/03\/FUNTANA-202100891-C1-DA-1-480x360.jpg 480w\" sizes=\"auto, (max-width: 2560px) 100vw, 2560px\" \/><div class=\"wp-block-cover__inner-container is-layout-constrained wp-block-cover-is-layout-constrained\">\n<p class=\"has-text-align-center has-luminous-vivid-orange-color has-text-color has-background has-link-color has-large-font-size wp-elements-230c547a1c4a5374436280e3db9f4d08\" style=\"background-color:#ffffff21;font-style:normal;font-weight:700\">ZDRAVSTVENA ZA\u0160TITA<\/p>\n<\/div><\/div>\n\n\n\n<p><\/p>\n\n\n\n<p><strong>AMBULANTE<\/strong><\/p>\n\n\n\n<p>AMBULANTA Dr. Caruzzi \u017deljko Funtana, Bernarda Borisia 2: Uto i \u010cet 12:00-13:30<br>AMBULANTA Dr. Caruzzi \u017deljko, Dalmatinska 64a, Vrsar<br>+385 (0)52 494 895, +385957799551<br>AMBULANTA Dr. Janko Radovan Vesna, Petalon 1F, (Sportska dvorana), Vrsar<br>+385 (0)52 879 086, cell. +385992277905<\/p>\n\n\n\n<p><strong>TURISTI\u010cKE AMBULANTE<\/strong><\/p>\n\n\n\n<p>Valamar Camping Istra<\/p>\n\n\n\n<p><a href=\"https:\/\/terramedica.eu\/\">Terra Medica Clinic,<\/a> <strong>+385 98 410 680<\/strong>; <strong>+385 98 212 104<\/strong><br>Valamar Camping Istra, Grgeti 35, Funtana<br>Radno vrijeme (od 1. srpnja do 1. rujna):<br>&#8211; <strong>Ponedjeljak &#8211; Nedjelja: 8-21h<\/strong><br>Radno vrijeme (od 1.svibnja &#8211; 1.srpnja):<br>&#8211; <strong>Ponedjeljak &#8211; Nedjelja: 8-17h<\/strong><\/p>\n\n\n\n<p>AC Valkanela,&nbsp;+385 (0)52 445 216<br>FKK Koversada, +385 (0)52 441 299 , +385 (0)98 219 998<\/p>\n\n\n\n<p><strong>LJEKARNE<\/strong><\/p>\n\n\n\n<p>LJEKARNA FUNTANA \u2013 LJEKARNA RADO\u0160<br>Istarska 37, Funtana<br>+385 (0)52 441 392<br>Ljetno radno vrijeme: Pon \u2013 Ned: 8:00 h \u2013 21:00 h<br>Zimsko radno vrijeme: Pon \u2013 Pet: 8:00 h \u2013 19:00h,&nbsp; Sub: 8:00h \u2013 15:00h,&nbsp; Ned: Zatvoreno<\/p>\n\n\n\n<p>LJEKARNA VRSAR \u2013 MAJA KOLENC<br>Petalon 1F, (Sportska dvorana), Vrsar<br>+385 52 433 824<\/p>\n\n\n\n<p>Radno vrijeme:<\/p>\n\n\n\n<p>Pon \u2013 Pet 8 \u2013 18 h<br>Subota: 8 \u2013 13 h<\/p>\n\n\n\n<p>PULA 24\/7 Ljekarna CENTAR<br>Giardini 14, Pula<br>24\/7 otvoreno<\/p>\n\n\n\n<p><a href=\"https:\/\/funtana.com\/wp-content\/uploads\/2011\/04\/letak_za_turiste_2023_hr-1.pdf\" class=\"mtli_attachment mtli_pdf\">Zdravstvene usluge turistima u javnim ustanovama u Istarskoj \u017eupaniji \u2013 ljeto 2023. godine<\/a><\/p>\n\n\n\n<p><\/p>\n<\/div><\/div>\n","protected":false},"excerpt":{"rendered":"","protected":false},"author":1,"featured_media":0,"parent":0,"menu_order":0,"comment_status":"closed","ping_status":"closed","template":"page-templates\/right-sidebar.php","meta":{"loftloader_page_shortcode":"","_citadela_hide_page_title":"1","_citadela_remove_header_space":"1","_citadela_custom_class":"","_citadela_half_map_provider":"","_citadela_half_map_theme":"","_citadela_half_map_themeOSM":"","_citadela_half_map_customTheme":"","_citadela_half_map_dataType":"","_citadela_half_map_dynamicTrack":false,"_citadela_half_map_trackColor":"","_citadela_half_map_trackEndpointsColor":"","_citadela_half_map_filterCategory":"","_citadela_half_map_filterLocation":"","_citadela_half_map_filterFeatured":false,"_citadela_half_map_noDataBehavior":"empty-map","_citadela_half_map_noDataText":"","_citadela_half_map_clusterGridSize":80,"_citadela_header":false,"_citadela_header_over_content":false,"_citadela_header_text_color":"","_citadela_header_logo":[],"_citadela_header_bg_image":[],"_citadela_header_bg_position":{"x":0.5,"y":0.5},"_citadela_header_bg_size":"cover","_citadela_header_bg_repeat":"no-repeat","_citadela_header_bg_fixed":false,"_citadela_header_bg_color":"","_citadela_header_bg_image_overlay":"","_citadela_header_transparent_bg":false,"_citadela_content_width":"wide","_citadela_half_layout_position":"","footnotes":""},"class_list":["post-22610","page","type-page","status-publish","hentry"],"yoast_head":"<!-- This site is optimized with the Yoast SEO plugin v27.5 - https:\/\/yoast.com\/product\/yoast-seo-wordpress\/ -->\n<title>ZDRAVSTVENA ZA\u0160TITA - Funtana turisti\u010dka zajednica<\/title>\n<meta name=\"robots\" content=\"index, follow, max-snippet:-1, max-image-preview:large, max-video-preview:-1\" \/>\n<link rel=\"canonical\" href=\"https:\/\/funtana.com\/hr\/zdravstvena-zastita\/\" \/>\n<meta property=\"og:locale\" content=\"hr_HR\" \/>\n<meta property=\"og:type\" content=\"article\" \/>\n<meta property=\"og:title\" content=\"ZDRAVSTVENA ZA\u0160TITA - Funtana turisti\u010dka zajednica\" \/>\n<meta property=\"og:url\" content=\"https:\/\/funtana.com\/hr\/zdravstvena-zastita\/\" \/>\n<meta property=\"article:publisher\" content=\"https:\/\/www.facebook.com\/funtanaistria\" \/>\n<meta property=\"article:modified_time\" content=\"2024-08-02T22:00:49+00:00\" \/>\n<meta property=\"og:image\" content=\"https:\/\/funtana.com\/wp-content\/uploads\/2024\/03\/FUNTANA-202100891-C1-DA-1-scaled.jpg\" \/>\n<meta name=\"twitter:card\" content=\"summary_large_image\" \/>\n<meta name=\"twitter:label1\" content=\"Procijenjeno vrijeme \u010ditanja\" \/>\n\t<meta name=\"twitter:data1\" content=\"1 minuta\" \/>\n<script type=\"application\/ld+json\" class=\"yoast-schema-graph\">{\"@context\":\"https:\\\/\\\/schema.org\",\"@graph\":[{\"@type\":\"WebPage\",\"@id\":\"https:\\\/\\\/funtana.com\\\/hr\\\/zdravstvena-zastita\\\/\",\"url\":\"https:\\\/\\\/funtana.com\\\/hr\\\/zdravstvena-zastita\\\/\",\"name\":\"ZDRAVSTVENA ZA\u0160TITA - Funtana turisti\u010dka zajednica\",\"isPartOf\":{\"@id\":\"https:\\\/\\\/funtana.com\\\/hr\\\/#website\"},\"primaryImageOfPage\":{\"@id\":\"https:\\\/\\\/funtana.com\\\/hr\\\/zdravstvena-zastita\\\/#primaryimage\"},\"image\":{\"@id\":\"https:\\\/\\\/funtana.com\\\/hr\\\/zdravstvena-zastita\\\/#primaryimage\"},\"thumbnailUrl\":\"https:\\\/\\\/funtana.com\\\/wp-content\\\/uploads\\\/2024\\\/03\\\/FUNTANA-202100891-C1-DA-1-scaled.jpg\",\"datePublished\":\"2024-03-17T12:37:51+00:00\",\"dateModified\":\"2024-08-02T22:00:49+00:00\",\"breadcrumb\":{\"@id\":\"https:\\\/\\\/funtana.com\\\/hr\\\/zdravstvena-zastita\\\/#breadcrumb\"},\"inLanguage\":\"hr\",\"potentialAction\":[{\"@type\":\"ReadAction\",\"target\":[\"https:\\\/\\\/funtana.com\\\/hr\\\/zdravstvena-zastita\\\/\"]}]},{\"@type\":\"ImageObject\",\"inLanguage\":\"hr\",\"@id\":\"https:\\\/\\\/funtana.com\\\/hr\\\/zdravstvena-zastita\\\/#primaryimage\",\"url\":\"https:\\\/\\\/funtana.com\\\/wp-content\\\/uploads\\\/2024\\\/03\\\/FUNTANA-202100891-C1-DA-1-scaled.jpg\",\"contentUrl\":\"https:\\\/\\\/funtana.com\\\/wp-content\\\/uploads\\\/2024\\\/03\\\/FUNTANA-202100891-C1-DA-1-scaled.jpg\"},{\"@type\":\"BreadcrumbList\",\"@id\":\"https:\\\/\\\/funtana.com\\\/hr\\\/zdravstvena-zastita\\\/#breadcrumb\",\"itemListElement\":[{\"@type\":\"ListItem\",\"position\":1,\"name\":\"Home\",\"item\":\"https:\\\/\\\/funtana.com\\\/hr\\\/\"},{\"@type\":\"ListItem\",\"position\":2,\"name\":\"ZDRAVSTVENA ZA\u0160TITA\"}]},{\"@type\":\"WebSite\",\"@id\":\"https:\\\/\\\/funtana.com\\\/hr\\\/#website\",\"url\":\"https:\\\/\\\/funtana.com\\\/hr\\\/\",\"name\":\"Funtana turisti\u010dka zajednica\",\"description\":\"Turisti\u010dka zajednica Op\u0107ine\",\"publisher\":{\"@id\":\"https:\\\/\\\/funtana.com\\\/hr\\\/#organization\"},\"alternateName\":\"Turisti\u010dka zajednica Op\u0107ine Funtana\",\"potentialAction\":[{\"@type\":\"SearchAction\",\"target\":{\"@type\":\"EntryPoint\",\"urlTemplate\":\"https:\\\/\\\/funtana.com\\\/hr\\\/?s={search_term_string}\"},\"query-input\":{\"@type\":\"PropertyValueSpecification\",\"valueRequired\":true,\"valueName\":\"search_term_string\"}}],\"inLanguage\":\"hr\"},{\"@type\":\"Organization\",\"@id\":\"https:\\\/\\\/funtana.com\\\/hr\\\/#organization\",\"name\":\"Funtana turisti\u010dka zajednica\",\"url\":\"https:\\\/\\\/funtana.com\\\/hr\\\/\",\"logo\":{\"@type\":\"ImageObject\",\"inLanguage\":\"hr\",\"@id\":\"https:\\\/\\\/funtana.com\\\/hr\\\/#\\\/schema\\\/logo\\\/image\\\/\",\"url\":\"https:\\\/\\\/funtana.com\\\/wp-content\\\/uploads\\\/2023\\\/04\\\/cropped-funtanalogo-e1681572065284.png\",\"contentUrl\":\"https:\\\/\\\/funtana.com\\\/wp-content\\\/uploads\\\/2023\\\/04\\\/cropped-funtanalogo-e1681572065284.png\",\"width\":90,\"height\":72,\"caption\":\"Funtana turisti\u010dka zajednica\"},\"image\":{\"@id\":\"https:\\\/\\\/funtana.com\\\/hr\\\/#\\\/schema\\\/logo\\\/image\\\/\"},\"sameAs\":[\"https:\\\/\\\/www.facebook.com\\\/funtanaistria\",\"https:\\\/\\\/www.instagram.com\\\/funtanaistria\\\/\"]}]}<\/script>\n<!-- \/ Yoast SEO plugin. -->","yoast_head_json":{"title":"ZDRAVSTVENA ZA\u0160TITA - Funtana turisti\u010dka zajednica","robots":{"index":"index","follow":"follow","max-snippet":"max-snippet:-1","max-image-preview":"max-image-preview:large","max-video-preview":"max-video-preview:-1"},"canonical":"https:\/\/funtana.com\/hr\/zdravstvena-zastita\/","og_locale":"hr_HR","og_type":"article","og_title":"ZDRAVSTVENA ZA\u0160TITA - Funtana turisti\u010dka zajednica","og_url":"https:\/\/funtana.com\/hr\/zdravstvena-zastita\/","article_publisher":"https:\/\/www.facebook.com\/funtanaistria","article_modified_time":"2024-08-02T22:00:49+00:00","og_image":[{"url":"https:\/\/funtana.com\/wp-content\/uploads\/2024\/03\/FUNTANA-202100891-C1-DA-1-scaled.jpg","type":"","width":"","height":""}],"twitter_card":"summary_large_image","twitter_misc":{"Procijenjeno vrijeme \u010ditanja":"1 minuta"},"schema":{"@context":"https:\/\/schema.org","@graph":[{"@type":"WebPage","@id":"https:\/\/funtana.com\/hr\/zdravstvena-zastita\/","url":"https:\/\/funtana.com\/hr\/zdravstvena-zastita\/","name":"ZDRAVSTVENA ZA\u0160TITA - Funtana turisti\u010dka zajednica","isPartOf":{"@id":"https:\/\/funtana.com\/hr\/#website"},"primaryImageOfPage":{"@id":"https:\/\/funtana.com\/hr\/zdravstvena-zastita\/#primaryimage"},"image":{"@id":"https:\/\/funtana.com\/hr\/zdravstvena-zastita\/#primaryimage"},"thumbnailUrl":"https:\/\/funtana.com\/wp-content\/uploads\/2024\/03\/FUNTANA-202100891-C1-DA-1-scaled.jpg","datePublished":"2024-03-17T12:37:51+00:00","dateModified":"2024-08-02T22:00:49+00:00","breadcrumb":{"@id":"https:\/\/funtana.com\/hr\/zdravstvena-zastita\/#breadcrumb"},"inLanguage":"hr","potentialAction":[{"@type":"ReadAction","target":["https:\/\/funtana.com\/hr\/zdravstvena-zastita\/"]}]},{"@type":"ImageObject","inLanguage":"hr","@id":"https:\/\/funtana.com\/hr\/zdravstvena-zastita\/#primaryimage","url":"https:\/\/funtana.com\/wp-content\/uploads\/2024\/03\/FUNTANA-202100891-C1-DA-1-scaled.jpg","contentUrl":"https:\/\/funtana.com\/wp-content\/uploads\/2024\/03\/FUNTANA-202100891-C1-DA-1-scaled.jpg"},{"@type":"BreadcrumbList","@id":"https:\/\/funtana.com\/hr\/zdravstvena-zastita\/#breadcrumb","itemListElement":[{"@type":"ListItem","position":1,"name":"Home","item":"https:\/\/funtana.com\/hr\/"},{"@type":"ListItem","position":2,"name":"ZDRAVSTVENA ZA\u0160TITA"}]},{"@type":"WebSite","@id":"https:\/\/funtana.com\/hr\/#website","url":"https:\/\/funtana.com\/hr\/","name":"Funtana turisti\u010dka zajednica","description":"Turisti\u010dka zajednica Op\u0107ine","publisher":{"@id":"https:\/\/funtana.com\/hr\/#organization"},"alternateName":"Turisti\u010dka zajednica Op\u0107ine Funtana","potentialAction":[{"@type":"SearchAction","target":{"@type":"EntryPoint","urlTemplate":"https:\/\/funtana.com\/hr\/?s={search_term_string}"},"query-input":{"@type":"PropertyValueSpecification","valueRequired":true,"valueName":"search_term_string"}}],"inLanguage":"hr"},{"@type":"Organization","@id":"https:\/\/funtana.com\/hr\/#organization","name":"Funtana turisti\u010dka zajednica","url":"https:\/\/funtana.com\/hr\/","logo":{"@type":"ImageObject","inLanguage":"hr","@id":"https:\/\/funtana.com\/hr\/#\/schema\/logo\/image\/","url":"https:\/\/funtana.com\/wp-content\/uploads\/2023\/04\/cropped-funtanalogo-e1681572065284.png","contentUrl":"https:\/\/funtana.com\/wp-content\/uploads\/2023\/04\/cropped-funtanalogo-e1681572065284.png","width":90,"height":72,"caption":"Funtana turisti\u010dka zajednica"},"image":{"@id":"https:\/\/funtana.com\/hr\/#\/schema\/logo\/image\/"},"sameAs":["https:\/\/www.facebook.com\/funtanaistria","https:\/\/www.instagram.com\/funtanaistria\/"]}]}},"publishpress_future_action":{"enabled":false,"date":"2026-05-17 12:37:18","action":"change-status","newStatus":"draft","terms":[],"taxonomy":"translation_priority","extraData":[]},"publishpress_future_workflow_manual_trigger":{"enabledWorkflows":[]},"_links":{"self":[{"href":"https:\/\/funtana.com\/hr\/wp-json\/wp\/v2\/pages\/22610","targetHints":{"allow":["GET"]}}],"collection":[{"href":"https:\/\/funtana.com\/hr\/wp-json\/wp\/v2\/pages"}],"about":[{"href":"https:\/\/funtana.com\/hr\/wp-json\/wp\/v2\/types\/page"}],"author":[{"embeddable":true,"href":"https:\/\/funtana.com\/hr\/wp-json\/wp\/v2\/users\/1"}],"replies":[{"embeddable":true,"href":"https:\/\/funtana.com\/hr\/wp-json\/wp\/v2\/comments?post=22610"}],"version-history":[{"count":2,"href":"https:\/\/funtana.com\/hr\/wp-json\/wp\/v2\/pages\/22610\/revisions"}],"predecessor-version":[{"id":34891,"href":"https:\/\/funtana.com\/hr\/wp-json\/wp\/v2\/pages\/22610\/revisions\/34891"}],"wp:attachment":[{"href":"https:\/\/funtana.com\/hr\/wp-json\/wp\/v2\/media?parent=22610"}],"curies":[{"name":"wp","href":"https:\/\/api.w.org\/{rel}","templated":true}]}}