{"id":18454,"date":"2024-03-14T14:12:33","date_gmt":"2024-03-14T14:12:33","guid":{"rendered":"https:\/\/nova.funtana.com\/marina-funtana\/"},"modified":"2024-03-15T11:17:12","modified_gmt":"2024-03-15T11:17:12","slug":"marina-funtana","status":"publish","type":"page","link":"https:\/\/funtana.com\/hr\/marina-funtana\/","title":{"rendered":"Marina Funtana"},"content":{"rendered":"\n<p><a href=\"https:\/\/funtana.com\/wp-content\/uploads\/2014\/03\/sl_040311114846.jpg\"><\/a><\/p>\n\n\n\n<div class=\"wp-block-citadela-blocks-custom-container citadela-block-custom-container size-fullwidth bg-type-none inside-space-none\"><div class=\"inner-holder\">         <div \r\n            class=\"citadela-block-responsive-text align-center\"\r\n                                 >\r\n            <h1 class=\"inner-tag\" style=\"color: #67afdf;\"><\/h1>         <\/div>\r\n      \n\n\n<div class=\"wp-block-cover is-light has-custom-content-position is-position-top-center has-white-color has-text-color has-link-color wp-elements-38ff40a126600743d2a815db6e2261f4\"><span aria-hidden=\"true\" class=\"wp-block-cover__background has-background-dim-0 has-background-dim\"><\/span><img loading=\"lazy\" decoding=\"async\" width=\"2016\" height=\"1512\" class=\"wp-block-cover__image-background wp-image-18405\" alt=\"\" src=\"https:\/\/funtana.com\/wp-content\/uploads\/2024\/03\/152503147_3728408057241024_4771842286608162716_n.jpg\" style=\"object-position:53% 59%\" data-object-fit=\"cover\" data-object-position=\"53% 59%\" srcset=\"https:\/\/funtana.com\/wp-content\/uploads\/2024\/03\/152503147_3728408057241024_4771842286608162716_n.jpg 2016w, https:\/\/funtana.com\/wp-content\/uploads\/2024\/03\/152503147_3728408057241024_4771842286608162716_n-300x225.jpg 300w, https:\/\/funtana.com\/wp-content\/uploads\/2024\/03\/152503147_3728408057241024_4771842286608162716_n-1024x768.jpg 1024w, https:\/\/funtana.com\/wp-content\/uploads\/2024\/03\/152503147_3728408057241024_4771842286608162716_n-768x576.jpg 768w, https:\/\/funtana.com\/wp-content\/uploads\/2024\/03\/152503147_3728408057241024_4771842286608162716_n-50x38.jpg 50w, https:\/\/funtana.com\/wp-content\/uploads\/2024\/03\/152503147_3728408057241024_4771842286608162716_n-1600x1200.jpg 1600w, https:\/\/funtana.com\/wp-content\/uploads\/2024\/03\/152503147_3728408057241024_4771842286608162716_n-1536x1152.jpg 1536w, https:\/\/funtana.com\/wp-content\/uploads\/2024\/03\/152503147_3728408057241024_4771842286608162716_n-640x480.jpg 640w, https:\/\/funtana.com\/wp-content\/uploads\/2024\/03\/152503147_3728408057241024_4771842286608162716_n-480x360.jpg 480w\" sizes=\"auto, (max-width: 2016px) 100vw, 2016px\" \/><div class=\"wp-block-cover__inner-container is-layout-constrained wp-block-cover-is-layout-constrained\">\n<p class=\"has-text-align-center has-white-color has-text-color has-background has-link-color has-large-font-size wp-elements-c840e3948fbeffa0cfe5898f4f408d2f\" style=\"background-color:#ffffff21;font-style:normal;font-weight:700\">Marina Funtana<\/p>\n<\/div><\/div>\n\n\n\n<p><\/p>\n\n\n\n<p>Marina u Funtani&nbsp;<strong>izgra\u0111ena 2003. godine u ovom turisti\u010dkom i ribarskom mjestu na istarskoj rivijeri<\/strong>&nbsp;otvorena je cijele godine. Ima 200 vezova u moru za plovila od 5 do 30 metara i svi imaju dvostruke mooringe, vodu i struju. Maksimalna dubina na vezovima je 4 metra, a najmanja 1,5 metar.<\/p>\n\n\n\n<p>Marina ima recepciju, sanitarije i tu\u0161eve, caffe bar-bistro, parkirali\u0161te, praonicu rublja, tehni\u010dki servis, market i charter plovila. Ostalim uslugama, uklju\u010duju\u0107i i opskrbu gorivom, nauti\u010dari se mogu koristiti u vrsarskoj marini, udaljenoj 1,5 nauti\u010dku milju ju\u017enije.<\/p>\n\n\n\n<p>Kao orijentir za uplovljavanje slu\u017ei naselje sa zvonikom i lu\u010dko svjetlo na glavi lukobrana. Nauti\u010dari moraju pa\u017eljivo ploviti uvalom zbog pli\u010dina, hridi i grebena.&nbsp;<strong>U luku Funatane&nbsp;<\/strong>najsigurnije se uplovljava sa zapadne strane.<\/p>\n\n\n\n<p><strong>Propisi za inozemne nauti\u010dare<\/strong><\/p>\n\n\n\n<p>Vlasnik ili zapovjednik plovila du\u017ean je nakon ulaska u obalno more Hrvatske uploviti u najbli\u017ee pristani\u0161te za me\u0111unarodni promet, svoj dolazak prijaviti i podnijeti zahtjev za izdavanje odobrenja.<\/p>\n\n\n\n<div class=\"wp-block-columns are-vertically-aligned-top is-layout-flex wp-container-core-columns-is-layout-9d6595d7 wp-block-columns-is-layout-flex\">\n<div class=\"wp-block-column is-vertically-aligned-top is-layout-flow wp-block-column-is-layout-flow\">\n<p>Odobrenja se izdaju uz ograni\u010deni ili neograni\u010deni rok trajanja i njime se ne ograni\u010dava podru\u010dje plovidbe, a pristojba se pla\u0107a ovisno o du\u017eini.<\/p>\n\n\n\n<h3 class=\"wp-block-heading\">Marina Funtana<\/h3>\n\n\n\n<p>\u2013 Nautical maps, Port Light<br>45\u00b011\u2033 N, 13\u00b036\u2033 E<br>Address: Ribarska 11, HR-52452 Funtana<\/p>\n\n\n\n<p>Tel. +385 52 428 500<br>Fax. +385 52 428 501<\/p>\n\n\n\n<p>E-mail: <a href=\"mailto:funtana@montraker.hr\">funtana@montraker.hr<\/a><\/p>\n\n\n\n<p><a href=\"http:\/\/www.montraker.hr\">www.montraker.hr<\/a><br>VHP channel 17<\/p>\n\n\n\n<p>Nautical maps: HHI: 100-15, MK-2, Plan 2<br>British Admiralty: BA 201, BA 1417<br>Germany: D 1077,D 601<br>Port Light: ZB1 (2) 5s 6m, 4M (0,5+1; 0,5+3);<\/p>\n\n\n\n<p><a href=\"https:\/\/funtana.com\/wp-content\/uploads\/2022\/06\/HTZ-2022_letak_nautika-pristojba_HR.pdf\" class=\"mtli_attachment mtli_pdf\">Online pla\u0107anje turisti\u010dke pristojbe za nauti\u010dare na portalu nautika.evisitor.hr<\/a><\/p>\n<\/div>\n\n\n\n<div class=\"wp-block-column is-vertically-aligned-top is-layout-flow wp-block-column-is-layout-flow\">\n<figure class=\"wp-block-gallery aligncenter has-nested-images columns-1 is-cropped wp-block-gallery-1 is-layout-flex wp-block-gallery-is-layout-flex\">\n<figure data-wp-context=\"{&quot;imageId&quot;:&quot;6a07127ea15e7&quot;}\" data-wp-interactive=\"core\/image\" data-wp-key=\"6a07127ea15e7\" class=\"wp-block-image alignwide size-large wp-lightbox-container\"><img loading=\"lazy\" decoding=\"async\" width=\"1024\" height=\"682\" data-wp-class--hide=\"state.isContentHidden\" data-wp-class--show=\"state.isContentVisible\" data-wp-init=\"callbacks.setButtonStyles\" data-wp-on--click=\"actions.showLightbox\" data-wp-on--load=\"callbacks.setButtonStyles\" data-wp-on-window--resize=\"callbacks.setButtonStyles\" data-id=\"18415\" src=\"https:\/\/funtana.com\/wp-content\/uploads\/2024\/03\/60031198_2232545823493929_7634929105992941568_n-1024x682.jpg\" alt=\"\" class=\"wp-image-18415\" srcset=\"https:\/\/funtana.com\/wp-content\/uploads\/2024\/03\/60031198_2232545823493929_7634929105992941568_n-1024x682.jpg 1024w, https:\/\/funtana.com\/wp-content\/uploads\/2024\/03\/60031198_2232545823493929_7634929105992941568_n-300x200.jpg 300w, https:\/\/funtana.com\/wp-content\/uploads\/2024\/03\/60031198_2232545823493929_7634929105992941568_n-768x512.jpg 768w, https:\/\/funtana.com\/wp-content\/uploads\/2024\/03\/60031198_2232545823493929_7634929105992941568_n-50x33.jpg 50w, https:\/\/funtana.com\/wp-content\/uploads\/2024\/03\/60031198_2232545823493929_7634929105992941568_n-1600x1066.jpg 1600w, https:\/\/funtana.com\/wp-content\/uploads\/2024\/03\/60031198_2232545823493929_7634929105992941568_n-1536x1023.jpg 1536w, https:\/\/funtana.com\/wp-content\/uploads\/2024\/03\/60031198_2232545823493929_7634929105992941568_n.jpg 2048w\" sizes=\"auto, (max-width: 1024px) 100vw, 1024px\" \/><button\n\t\t\tclass=\"lightbox-trigger\"\n\t\t\ttype=\"button\"\n\t\t\taria-haspopup=\"dialog\"\n\t\t\taria-label=\"Uve\u0107aj\"\n\t\t\tdata-wp-init=\"callbacks.initTriggerButton\"\n\t\t\tdata-wp-on--click=\"actions.showLightbox\"\n\t\t\tdata-wp-style--right=\"state.imageButtonRight\"\n\t\t\tdata-wp-style--top=\"state.imageButtonTop\"\n\t\t>\n\t\t\t<svg xmlns=\"http:\/\/www.w3.org\/2000\/svg\" width=\"12\" height=\"12\" fill=\"none\" viewBox=\"0 0 12 12\">\n\t\t\t\t<path fill=\"#fff\" d=\"M2 0a2 2 0 0 0-2 2v2h1.5V2a.5.5 0 0 1 .5-.5h2V0H2Zm2 10.5H2a.5.5 0 0 1-.5-.5V8H0v2a2 2 0 0 0 2 2h2v-1.5ZM8 12v-1.5h2a.5.5 0 0 0 .5-.5V8H12v2a2 2 0 0 1-2 2H8Zm2-12a2 2 0 0 1 2 2v2h-1.5V2a.5.5 0 0 0-.5-.5H8V0h2Z\" \/>\n\t\t\t<\/svg>\n\t\t<\/button><\/figure>\n\n\n\n<figure class=\"wp-block-image size-large\"><img loading=\"lazy\" decoding=\"async\" width=\"1024\" height=\"682\" data-id=\"18410\" src=\"https:\/\/funtana.com\/wp-content\/uploads\/2024\/03\/28947249_1628685673879950_5644820402489308628_o-1024x682.jpg\" alt=\"\" class=\"wp-image-18410\" srcset=\"https:\/\/funtana.com\/wp-content\/uploads\/2024\/03\/28947249_1628685673879950_5644820402489308628_o-1024x682.jpg 1024w, https:\/\/funtana.com\/wp-content\/uploads\/2024\/03\/28947249_1628685673879950_5644820402489308628_o-300x200.jpg 300w, https:\/\/funtana.com\/wp-content\/uploads\/2024\/03\/28947249_1628685673879950_5644820402489308628_o-768x512.jpg 768w, https:\/\/funtana.com\/wp-content\/uploads\/2024\/03\/28947249_1628685673879950_5644820402489308628_o-50x33.jpg 50w, https:\/\/funtana.com\/wp-content\/uploads\/2024\/03\/28947249_1628685673879950_5644820402489308628_o-1600x1066.jpg 1600w, https:\/\/funtana.com\/wp-content\/uploads\/2024\/03\/28947249_1628685673879950_5644820402489308628_o-1536x1023.jpg 1536w, https:\/\/funtana.com\/wp-content\/uploads\/2024\/03\/28947249_1628685673879950_5644820402489308628_o.jpg 2048w\" sizes=\"auto, (max-width: 1024px) 100vw, 1024px\" \/><\/figure>\n<\/figure>\n<\/div>\n<\/div>\n\n\n\n<p><\/p>\n<\/div><\/div>\n","protected":false},"excerpt":{"rendered":"","protected":false},"author":1,"featured_media":0,"parent":0,"menu_order":0,"comment_status":"closed","ping_status":"closed","template":"page-templates\/right-sidebar.php","meta":{"loftloader_page_shortcode":"","_citadela_hide_page_title":"1","_citadela_remove_header_space":"1","_citadela_custom_class":"","_citadela_half_map_provider":"","_citadela_half_map_theme":"","_citadela_half_map_themeOSM":"","_citadela_half_map_customTheme":"","_citadela_half_map_dataType":"","_citadela_half_map_dynamicTrack":false,"_citadela_half_map_trackColor":"","_citadela_half_map_trackEndpointsColor":"","_citadela_half_map_filterCategory":"","_citadela_half_map_filterLocation":"","_citadela_half_map_filterFeatured":false,"_citadela_half_map_noDataBehavior":"empty-map","_citadela_half_map_noDataText":"","_citadela_half_map_clusterGridSize":80,"_citadela_header":false,"_citadela_header_over_content":false,"_citadela_header_text_color":"","_citadela_header_logo":[],"_citadela_header_bg_image":[],"_citadela_header_bg_position":{"x":0.5,"y":0.5},"_citadela_header_bg_size":"cover","_citadela_header_bg_repeat":"no-repeat","_citadela_header_bg_fixed":false,"_citadela_header_bg_color":"","_citadela_header_bg_image_overlay":"","_citadela_header_transparent_bg":false,"_citadela_content_width":"wide","_citadela_half_layout_position":"","footnotes":""},"class_list":["post-18454","page","type-page","status-publish","hentry"],"yoast_head":"<!-- This site is optimized with the Yoast SEO plugin v27.6 - https:\/\/yoast.com\/product\/yoast-seo-wordpress\/ -->\n<title>Marina Funtana - Funtana turisti\u010dka zajednica<\/title>\n<meta name=\"robots\" content=\"index, follow, max-snippet:-1, max-image-preview:large, max-video-preview:-1\" \/>\n<link rel=\"canonical\" href=\"https:\/\/funtana.com\/hr\/marina-funtana\/\" \/>\n<meta property=\"og:locale\" content=\"hr_HR\" \/>\n<meta property=\"og:type\" content=\"article\" \/>\n<meta property=\"og:title\" content=\"Marina Funtana - Funtana turisti\u010dka zajednica\" \/>\n<meta property=\"og:url\" content=\"https:\/\/funtana.com\/hr\/marina-funtana\/\" \/>\n<meta property=\"article:publisher\" content=\"https:\/\/www.facebook.com\/funtanaistria\" \/>\n<meta property=\"article:modified_time\" content=\"2024-03-15T11:17:12+00:00\" \/>\n<meta property=\"og:image\" content=\"https:\/\/funtana.com\/wp-content\/uploads\/2024\/03\/152503147_3728408057241024_4771842286608162716_n.jpg\" \/>\n<meta name=\"twitter:card\" content=\"summary_large_image\" \/>\n<meta name=\"twitter:label1\" content=\"Procijenjeno vrijeme \u010ditanja\" \/>\n\t<meta name=\"twitter:data1\" content=\"2 minute\" \/>\n<script type=\"application\/ld+json\" class=\"yoast-schema-graph\">{\"@context\":\"https:\\\/\\\/schema.org\",\"@graph\":[{\"@type\":\"WebPage\",\"@id\":\"https:\\\/\\\/funtana.com\\\/hr\\\/marina-funtana\\\/\",\"url\":\"https:\\\/\\\/funtana.com\\\/hr\\\/marina-funtana\\\/\",\"name\":\"Marina Funtana - Funtana turisti\u010dka zajednica\",\"isPartOf\":{\"@id\":\"https:\\\/\\\/funtana.com\\\/hr\\\/#website\"},\"primaryImageOfPage\":{\"@id\":\"https:\\\/\\\/funtana.com\\\/hr\\\/marina-funtana\\\/#primaryimage\"},\"image\":{\"@id\":\"https:\\\/\\\/funtana.com\\\/hr\\\/marina-funtana\\\/#primaryimage\"},\"thumbnailUrl\":\"https:\\\/\\\/funtana.com\\\/wp-content\\\/uploads\\\/2024\\\/03\\\/152503147_3728408057241024_4771842286608162716_n.jpg\",\"datePublished\":\"2024-03-14T14:12:33+00:00\",\"dateModified\":\"2024-03-15T11:17:12+00:00\",\"breadcrumb\":{\"@id\":\"https:\\\/\\\/funtana.com\\\/hr\\\/marina-funtana\\\/#breadcrumb\"},\"inLanguage\":\"hr\",\"potentialAction\":[{\"@type\":\"ReadAction\",\"target\":[\"https:\\\/\\\/funtana.com\\\/hr\\\/marina-funtana\\\/\"]}]},{\"@type\":\"ImageObject\",\"inLanguage\":\"hr\",\"@id\":\"https:\\\/\\\/funtana.com\\\/hr\\\/marina-funtana\\\/#primaryimage\",\"url\":\"https:\\\/\\\/funtana.com\\\/wp-content\\\/uploads\\\/2024\\\/03\\\/152503147_3728408057241024_4771842286608162716_n.jpg\",\"contentUrl\":\"https:\\\/\\\/funtana.com\\\/wp-content\\\/uploads\\\/2024\\\/03\\\/152503147_3728408057241024_4771842286608162716_n.jpg\"},{\"@type\":\"BreadcrumbList\",\"@id\":\"https:\\\/\\\/funtana.com\\\/hr\\\/marina-funtana\\\/#breadcrumb\",\"itemListElement\":[{\"@type\":\"ListItem\",\"position\":1,\"name\":\"Home\",\"item\":\"https:\\\/\\\/funtana.com\\\/hr\\\/\"},{\"@type\":\"ListItem\",\"position\":2,\"name\":\"Marina Funtana\"}]},{\"@type\":\"WebSite\",\"@id\":\"https:\\\/\\\/funtana.com\\\/hr\\\/#website\",\"url\":\"https:\\\/\\\/funtana.com\\\/hr\\\/\",\"name\":\"Funtana turisti\u010dka zajednica\",\"description\":\"Turisti\u010dka zajednica Op\u0107ine\",\"publisher\":{\"@id\":\"https:\\\/\\\/funtana.com\\\/hr\\\/#organization\"},\"alternateName\":\"Turisti\u010dka zajednica Op\u0107ine Funtana\",\"potentialAction\":[{\"@type\":\"SearchAction\",\"target\":{\"@type\":\"EntryPoint\",\"urlTemplate\":\"https:\\\/\\\/funtana.com\\\/hr\\\/?s={search_term_string}\"},\"query-input\":{\"@type\":\"PropertyValueSpecification\",\"valueRequired\":true,\"valueName\":\"search_term_string\"}}],\"inLanguage\":\"hr\"},{\"@type\":\"Organization\",\"@id\":\"https:\\\/\\\/funtana.com\\\/hr\\\/#organization\",\"name\":\"Funtana turisti\u010dka zajednica\",\"url\":\"https:\\\/\\\/funtana.com\\\/hr\\\/\",\"logo\":{\"@type\":\"ImageObject\",\"inLanguage\":\"hr\",\"@id\":\"https:\\\/\\\/funtana.com\\\/hr\\\/#\\\/schema\\\/logo\\\/image\\\/\",\"url\":\"https:\\\/\\\/funtana.com\\\/wp-content\\\/uploads\\\/2023\\\/04\\\/cropped-funtanalogo-e1681572065284.png\",\"contentUrl\":\"https:\\\/\\\/funtana.com\\\/wp-content\\\/uploads\\\/2023\\\/04\\\/cropped-funtanalogo-e1681572065284.png\",\"width\":90,\"height\":72,\"caption\":\"Funtana turisti\u010dka zajednica\"},\"image\":{\"@id\":\"https:\\\/\\\/funtana.com\\\/hr\\\/#\\\/schema\\\/logo\\\/image\\\/\"},\"sameAs\":[\"https:\\\/\\\/www.facebook.com\\\/funtanaistria\",\"https:\\\/\\\/www.instagram.com\\\/funtanaistria\\\/\"]}]}<\/script>\n<!-- \/ Yoast SEO plugin. -->","yoast_head_json":{"title":"Marina Funtana - Funtana turisti\u010dka zajednica","robots":{"index":"index","follow":"follow","max-snippet":"max-snippet:-1","max-image-preview":"max-image-preview:large","max-video-preview":"max-video-preview:-1"},"canonical":"https:\/\/funtana.com\/hr\/marina-funtana\/","og_locale":"hr_HR","og_type":"article","og_title":"Marina Funtana - Funtana turisti\u010dka zajednica","og_url":"https:\/\/funtana.com\/hr\/marina-funtana\/","article_publisher":"https:\/\/www.facebook.com\/funtanaistria","article_modified_time":"2024-03-15T11:17:12+00:00","og_image":[{"url":"https:\/\/funtana.com\/wp-content\/uploads\/2024\/03\/152503147_3728408057241024_4771842286608162716_n.jpg","type":"","width":"","height":""}],"twitter_card":"summary_large_image","twitter_misc":{"Procijenjeno vrijeme \u010ditanja":"2 minute"},"schema":{"@context":"https:\/\/schema.org","@graph":[{"@type":"WebPage","@id":"https:\/\/funtana.com\/hr\/marina-funtana\/","url":"https:\/\/funtana.com\/hr\/marina-funtana\/","name":"Marina Funtana - Funtana turisti\u010dka zajednica","isPartOf":{"@id":"https:\/\/funtana.com\/hr\/#website"},"primaryImageOfPage":{"@id":"https:\/\/funtana.com\/hr\/marina-funtana\/#primaryimage"},"image":{"@id":"https:\/\/funtana.com\/hr\/marina-funtana\/#primaryimage"},"thumbnailUrl":"https:\/\/funtana.com\/wp-content\/uploads\/2024\/03\/152503147_3728408057241024_4771842286608162716_n.jpg","datePublished":"2024-03-14T14:12:33+00:00","dateModified":"2024-03-15T11:17:12+00:00","breadcrumb":{"@id":"https:\/\/funtana.com\/hr\/marina-funtana\/#breadcrumb"},"inLanguage":"hr","potentialAction":[{"@type":"ReadAction","target":["https:\/\/funtana.com\/hr\/marina-funtana\/"]}]},{"@type":"ImageObject","inLanguage":"hr","@id":"https:\/\/funtana.com\/hr\/marina-funtana\/#primaryimage","url":"https:\/\/funtana.com\/wp-content\/uploads\/2024\/03\/152503147_3728408057241024_4771842286608162716_n.jpg","contentUrl":"https:\/\/funtana.com\/wp-content\/uploads\/2024\/03\/152503147_3728408057241024_4771842286608162716_n.jpg"},{"@type":"BreadcrumbList","@id":"https:\/\/funtana.com\/hr\/marina-funtana\/#breadcrumb","itemListElement":[{"@type":"ListItem","position":1,"name":"Home","item":"https:\/\/funtana.com\/hr\/"},{"@type":"ListItem","position":2,"name":"Marina Funtana"}]},{"@type":"WebSite","@id":"https:\/\/funtana.com\/hr\/#website","url":"https:\/\/funtana.com\/hr\/","name":"Funtana turisti\u010dka zajednica","description":"Turisti\u010dka zajednica Op\u0107ine","publisher":{"@id":"https:\/\/funtana.com\/hr\/#organization"},"alternateName":"Turisti\u010dka zajednica Op\u0107ine Funtana","potentialAction":[{"@type":"SearchAction","target":{"@type":"EntryPoint","urlTemplate":"https:\/\/funtana.com\/hr\/?s={search_term_string}"},"query-input":{"@type":"PropertyValueSpecification","valueRequired":true,"valueName":"search_term_string"}}],"inLanguage":"hr"},{"@type":"Organization","@id":"https:\/\/funtana.com\/hr\/#organization","name":"Funtana turisti\u010dka zajednica","url":"https:\/\/funtana.com\/hr\/","logo":{"@type":"ImageObject","inLanguage":"hr","@id":"https:\/\/funtana.com\/hr\/#\/schema\/logo\/image\/","url":"https:\/\/funtana.com\/wp-content\/uploads\/2023\/04\/cropped-funtanalogo-e1681572065284.png","contentUrl":"https:\/\/funtana.com\/wp-content\/uploads\/2023\/04\/cropped-funtanalogo-e1681572065284.png","width":90,"height":72,"caption":"Funtana turisti\u010dka zajednica"},"image":{"@id":"https:\/\/funtana.com\/hr\/#\/schema\/logo\/image\/"},"sameAs":["https:\/\/www.facebook.com\/funtanaistria","https:\/\/www.instagram.com\/funtanaistria\/"]}]}},"publishpress_future_action":{"enabled":false,"date":"2026-05-22 12:33:02","action":"change-status","newStatus":"draft","terms":[],"taxonomy":"translation_priority","extraData":[]},"publishpress_future_workflow_manual_trigger":{"enabledWorkflows":[]},"_links":{"self":[{"href":"https:\/\/funtana.com\/hr\/wp-json\/wp\/v2\/pages\/18454","targetHints":{"allow":["GET"]}}],"collection":[{"href":"https:\/\/funtana.com\/hr\/wp-json\/wp\/v2\/pages"}],"about":[{"href":"https:\/\/funtana.com\/hr\/wp-json\/wp\/v2\/types\/page"}],"author":[{"embeddable":true,"href":"https:\/\/funtana.com\/hr\/wp-json\/wp\/v2\/users\/1"}],"replies":[{"embeddable":true,"href":"https:\/\/funtana.com\/hr\/wp-json\/wp\/v2\/comments?post=18454"}],"version-history":[{"count":1,"href":"https:\/\/funtana.com\/hr\/wp-json\/wp\/v2\/pages\/18454\/revisions"}],"predecessor-version":[{"id":18473,"href":"https:\/\/funtana.com\/hr\/wp-json\/wp\/v2\/pages\/18454\/revisions\/18473"}],"wp:attachment":[{"href":"https:\/\/funtana.com\/hr\/wp-json\/wp\/v2\/media?parent=18454"}],"curies":[{"name":"wp","href":"https:\/\/api.w.org\/{rel}","templated":true}]}}