{"id":25837,"date":"2024-05-21T11:55:03","date_gmt":"2024-05-21T11:55:03","guid":{"rendered":"https:\/\/nova.funtana.com\/currency\/"},"modified":"2024-05-21T21:49:34","modified_gmt":"2024-05-21T21:49:34","slug":"currency","status":"publish","type":"page","link":"https:\/\/funtana.com\/de\/currency\/","title":{"rendered":"W\u00e4hrung"},"content":{"rendered":"\n<p><a href=\"https:\/\/funtana.com\/wp-content\/uploads\/2014\/03\/sl_040311114846.jpg\"><\/a><\/p>\n\n\n\n<div class=\"wp-block-citadela-blocks-custom-container citadela-block-custom-container size-fullwidth bg-type-none inside-space-none\"><div class=\"inner-holder\">         <div \r\n            class=\"citadela-block-responsive-text align-center\"\r\n                                 >\r\n            <h1 class=\"inner-tag\" style=\"color: #67afdf;\"><\/h1>         <\/div>\r\n      \n\n\n<div class=\"wp-block-cover has-custom-content-position is-position-top-center has-white-color has-text-color has-link-color wp-elements-5b5219ad6a00285c0359dcf6dc3f8bfc\"><span aria-hidden=\"true\" class=\"wp-block-cover__background has-background-dim-0 has-background-dim\" style=\"background-color:#476f83\"><\/span><img loading=\"lazy\" decoding=\"async\" width=\"2560\" height=\"1709\" class=\"wp-block-cover__image-background wp-image-22542\" alt=\"\" src=\"https:\/\/funtana.com\/wp-content\/uploads\/2024\/03\/FUNTANA-2016-6259-1-scaled-10.jpg\" style=\"object-position:53% 71%\" data-object-fit=\"cover\" data-object-position=\"53% 71%\" srcset=\"https:\/\/funtana.com\/wp-content\/uploads\/2024\/03\/FUNTANA-2016-6259-1-scaled-10.jpg 2560w, https:\/\/funtana.com\/wp-content\/uploads\/2024\/03\/FUNTANA-2016-6259-1-scaled-10-300x200.jpg 300w, https:\/\/funtana.com\/wp-content\/uploads\/2024\/03\/FUNTANA-2016-6259-1-scaled-10-1024x684.jpg 1024w, https:\/\/funtana.com\/wp-content\/uploads\/2024\/03\/FUNTANA-2016-6259-1-scaled-10-768x513.jpg 768w, https:\/\/funtana.com\/wp-content\/uploads\/2024\/03\/FUNTANA-2016-6259-1-scaled-10-50x33.jpg 50w, https:\/\/funtana.com\/wp-content\/uploads\/2024\/03\/FUNTANA-2016-6259-1-scaled-10-1600x1068.jpg 1600w, https:\/\/funtana.com\/wp-content\/uploads\/2024\/03\/FUNTANA-2016-6259-1-scaled-10-1536x1025.jpg 1536w, https:\/\/funtana.com\/wp-content\/uploads\/2024\/03\/FUNTANA-2016-6259-1-scaled-10-2048x1367.jpg 2048w\" sizes=\"auto, (max-width: 2560px) 100vw, 2560px\" \/><div class=\"wp-block-cover__inner-container is-layout-constrained wp-block-cover-is-layout-constrained\">\n<p class=\"has-text-align-center has-luminous-vivid-orange-color has-text-color has-background has-link-color has-large-font-size wp-elements-7c57bf7fdc33cd73552686a73a10b2f4\" style=\"background-color:#ffffff21;font-style:normal;font-weight:700\">W\u00e4hrung<\/p>\n<\/div><\/div>\n\n\n\n<p><\/p>\n\n\n\n<p>Die Republik Kroatien ist seit dem 1. Januar 2023 Mitglied der Eurozone, was bedeutet, dass der Euro (\u20ac) die neue offizielle W\u00e4hrung und das legale Zahlungsmittel ist.<br>Euro ist die gemeinsame W\u00e4hrung der Europ\u00e4ischen Union und eines der Hauptsymbole der europ\u00e4ischen Integration.<\/p>\n\n\n\n<p>Umtausch von Kuna in Euro<br>economy-finance.ec.europa.eu\/euro\/euro-coins-and-notes_de<br>Falls Sie unsere Stammg\u00e4ste sind und noch Kuna bei sich haben, keine Sorge:<br>Geldscheine und M\u00fcnzen k\u00f6nnen Sie w\u00e4hrend des gesamten Jahres 2023 und ohne Geb\u00fchr zum fixen Wechselkurz umtauschen:<\/p>\n\n\n\n<ul class=\"wp-block-list\">\n<li>in Bankfilialen<\/li>\n\n\n\n<li>in Filialen der Finanzagentur FINA<\/li>\n\n\n\n<li>in allen Postfilialen in Kroatien (Hrvatska po\u0161ta)<\/li>\n<\/ul>\n\n\n\n<p>Die Anzahl der Geldscheine und M\u00fcnzen, welche kostenlos umgetauscht werden k\u00f6nnen, ist auf h\u00f6chstens 100 begrenzt. Bei einer Transaktion k\u00f6nnen auch mehr als 100 Kuna Geldscheine und M\u00fcnzen umgetauscht werden, aber mit einer m\u00f6glichen Geb\u00fchr<\/p>\n\n\n\n<p><\/p>\n\n\n\n<p><\/p>\n<\/div><\/div>\n","protected":false},"excerpt":{"rendered":"","protected":false},"author":1,"featured_media":0,"parent":0,"menu_order":0,"comment_status":"closed","ping_status":"closed","template":"","meta":{"loftloader_page_shortcode":"","_citadela_hide_page_title":"1","_citadela_remove_header_space":"1","_citadela_custom_class":"","_citadela_half_map_provider":"","_citadela_half_map_theme":"","_citadela_half_map_themeOSM":"","_citadela_half_map_customTheme":"","_citadela_half_map_dataType":"","_citadela_half_map_dynamicTrack":false,"_citadela_half_map_trackColor":"","_citadela_half_map_trackEndpointsColor":"","_citadela_half_map_filterCategory":"","_citadela_half_map_filterLocation":"","_citadela_half_map_filterFeatured":false,"_citadela_half_map_noDataBehavior":"empty-map","_citadela_half_map_noDataText":"","_citadela_half_map_clusterGridSize":80,"_citadela_header":false,"_citadela_header_over_content":false,"_citadela_header_text_color":"","_citadela_header_logo":[],"_citadela_header_bg_image":[],"_citadela_header_bg_position":{"x":0.5,"y":0.5},"_citadela_header_bg_size":"cover","_citadela_header_bg_repeat":"no-repeat","_citadela_header_bg_fixed":false,"_citadela_header_bg_color":"","_citadela_header_bg_image_overlay":"","_citadela_header_transparent_bg":false,"_citadela_content_width":"wide","_citadela_half_layout_position":"","footnotes":""},"class_list":["post-25837","page","type-page","status-publish","hentry"],"yoast_head":"<!-- This site is optimized with the Yoast SEO plugin v27.5 - https:\/\/yoast.com\/product\/yoast-seo-wordpress\/ -->\n<title>W\u00e4hrung - Funtana Tourismusverband<\/title>\n<meta name=\"robots\" content=\"index, follow, max-snippet:-1, max-image-preview:large, max-video-preview:-1\" \/>\n<link rel=\"canonical\" href=\"https:\/\/funtana.com\/de\/currency\/\" \/>\n<meta property=\"og:locale\" content=\"de_DE\" \/>\n<meta property=\"og:type\" content=\"article\" \/>\n<meta property=\"og:title\" content=\"W\u00e4hrung - Funtana Tourismusverband\" \/>\n<meta property=\"og:url\" content=\"https:\/\/funtana.com\/de\/currency\/\" \/>\n<meta property=\"article:publisher\" content=\"https:\/\/www.facebook.com\/funtanaistria\" \/>\n<meta property=\"article:modified_time\" content=\"2024-05-21T21:49:34+00:00\" \/>\n<meta property=\"og:image\" content=\"https:\/\/funtana.com\/wp-content\/uploads\/2024\/03\/FUNTANA-2016-6259-1-scaled-10.jpg\" \/>\n<meta name=\"twitter:card\" content=\"summary_large_image\" \/>\n<meta name=\"twitter:label1\" content=\"Gesch\u00e4tzte Lesezeit\" \/>\n\t<meta name=\"twitter:data1\" content=\"1\u00a0Minute\" \/>\n<script type=\"application\/ld+json\" class=\"yoast-schema-graph\">{\"@context\":\"https:\\\/\\\/schema.org\",\"@graph\":[{\"@type\":\"WebPage\",\"@id\":\"https:\\\/\\\/funtana.com\\\/de\\\/currency\\\/\",\"url\":\"https:\\\/\\\/funtana.com\\\/de\\\/currency\\\/\",\"name\":\"W\u00e4hrung - Funtana Tourismusverband\",\"isPartOf\":{\"@id\":\"https:\\\/\\\/funtana.com\\\/de\\\/#website\"},\"primaryImageOfPage\":{\"@id\":\"https:\\\/\\\/funtana.com\\\/de\\\/currency\\\/#primaryimage\"},\"image\":{\"@id\":\"https:\\\/\\\/funtana.com\\\/de\\\/currency\\\/#primaryimage\"},\"thumbnailUrl\":\"https:\\\/\\\/funtana.com\\\/wp-content\\\/uploads\\\/2024\\\/03\\\/FUNTANA-2016-6259-1-scaled-10.jpg\",\"datePublished\":\"2024-05-21T11:55:03+00:00\",\"dateModified\":\"2024-05-21T21:49:34+00:00\",\"breadcrumb\":{\"@id\":\"https:\\\/\\\/funtana.com\\\/de\\\/currency\\\/#breadcrumb\"},\"inLanguage\":\"de\",\"potentialAction\":[{\"@type\":\"ReadAction\",\"target\":[\"https:\\\/\\\/funtana.com\\\/de\\\/currency\\\/\"]}]},{\"@type\":\"ImageObject\",\"inLanguage\":\"de\",\"@id\":\"https:\\\/\\\/funtana.com\\\/de\\\/currency\\\/#primaryimage\",\"url\":\"https:\\\/\\\/funtana.com\\\/wp-content\\\/uploads\\\/2024\\\/03\\\/FUNTANA-2016-6259-1-scaled-10.jpg\",\"contentUrl\":\"https:\\\/\\\/funtana.com\\\/wp-content\\\/uploads\\\/2024\\\/03\\\/FUNTANA-2016-6259-1-scaled-10.jpg\"},{\"@type\":\"BreadcrumbList\",\"@id\":\"https:\\\/\\\/funtana.com\\\/de\\\/currency\\\/#breadcrumb\",\"itemListElement\":[{\"@type\":\"ListItem\",\"position\":1,\"name\":\"Home\",\"item\":\"https:\\\/\\\/funtana.com\\\/de\\\/\"},{\"@type\":\"ListItem\",\"position\":2,\"name\":\"W\u00e4hrung\"}]},{\"@type\":\"WebSite\",\"@id\":\"https:\\\/\\\/funtana.com\\\/de\\\/#website\",\"url\":\"https:\\\/\\\/funtana.com\\\/de\\\/\",\"name\":\"Funtana turisti\u010dka zajednica\",\"description\":\"Willkommen in Funtana\",\"publisher\":{\"@id\":\"https:\\\/\\\/funtana.com\\\/de\\\/#organization\"},\"alternateName\":\"Turisti\u010dka zajednica Op\u0107ine Funtana\",\"potentialAction\":[{\"@type\":\"SearchAction\",\"target\":{\"@type\":\"EntryPoint\",\"urlTemplate\":\"https:\\\/\\\/funtana.com\\\/de\\\/?s={search_term_string}\"},\"query-input\":{\"@type\":\"PropertyValueSpecification\",\"valueRequired\":true,\"valueName\":\"search_term_string\"}}],\"inLanguage\":\"de\"},{\"@type\":\"Organization\",\"@id\":\"https:\\\/\\\/funtana.com\\\/de\\\/#organization\",\"name\":\"Funtana turisti\u010dka zajednica\",\"url\":\"https:\\\/\\\/funtana.com\\\/de\\\/\",\"logo\":{\"@type\":\"ImageObject\",\"inLanguage\":\"de\",\"@id\":\"https:\\\/\\\/funtana.com\\\/de\\\/#\\\/schema\\\/logo\\\/image\\\/\",\"url\":\"https:\\\/\\\/funtana.com\\\/wp-content\\\/uploads\\\/2023\\\/04\\\/cropped-funtanalogo-e1681572065284.png\",\"contentUrl\":\"https:\\\/\\\/funtana.com\\\/wp-content\\\/uploads\\\/2023\\\/04\\\/cropped-funtanalogo-e1681572065284.png\",\"width\":90,\"height\":72,\"caption\":\"Funtana turisti\u010dka zajednica\"},\"image\":{\"@id\":\"https:\\\/\\\/funtana.com\\\/de\\\/#\\\/schema\\\/logo\\\/image\\\/\"},\"sameAs\":[\"https:\\\/\\\/www.facebook.com\\\/funtanaistria\",\"https:\\\/\\\/www.instagram.com\\\/funtanaistria\\\/\"]}]}<\/script>\n<!-- \/ Yoast SEO plugin. -->","yoast_head_json":{"title":"W\u00e4hrung - Funtana Tourismusverband","robots":{"index":"index","follow":"follow","max-snippet":"max-snippet:-1","max-image-preview":"max-image-preview:large","max-video-preview":"max-video-preview:-1"},"canonical":"https:\/\/funtana.com\/de\/currency\/","og_locale":"de_DE","og_type":"article","og_title":"W\u00e4hrung - Funtana Tourismusverband","og_url":"https:\/\/funtana.com\/de\/currency\/","article_publisher":"https:\/\/www.facebook.com\/funtanaistria","article_modified_time":"2024-05-21T21:49:34+00:00","og_image":[{"url":"https:\/\/funtana.com\/wp-content\/uploads\/2024\/03\/FUNTANA-2016-6259-1-scaled-10.jpg","type":"","width":"","height":""}],"twitter_card":"summary_large_image","twitter_misc":{"Gesch\u00e4tzte Lesezeit":"1\u00a0Minute"},"schema":{"@context":"https:\/\/schema.org","@graph":[{"@type":"WebPage","@id":"https:\/\/funtana.com\/de\/currency\/","url":"https:\/\/funtana.com\/de\/currency\/","name":"W\u00e4hrung - Funtana Tourismusverband","isPartOf":{"@id":"https:\/\/funtana.com\/de\/#website"},"primaryImageOfPage":{"@id":"https:\/\/funtana.com\/de\/currency\/#primaryimage"},"image":{"@id":"https:\/\/funtana.com\/de\/currency\/#primaryimage"},"thumbnailUrl":"https:\/\/funtana.com\/wp-content\/uploads\/2024\/03\/FUNTANA-2016-6259-1-scaled-10.jpg","datePublished":"2024-05-21T11:55:03+00:00","dateModified":"2024-05-21T21:49:34+00:00","breadcrumb":{"@id":"https:\/\/funtana.com\/de\/currency\/#breadcrumb"},"inLanguage":"de","potentialAction":[{"@type":"ReadAction","target":["https:\/\/funtana.com\/de\/currency\/"]}]},{"@type":"ImageObject","inLanguage":"de","@id":"https:\/\/funtana.com\/de\/currency\/#primaryimage","url":"https:\/\/funtana.com\/wp-content\/uploads\/2024\/03\/FUNTANA-2016-6259-1-scaled-10.jpg","contentUrl":"https:\/\/funtana.com\/wp-content\/uploads\/2024\/03\/FUNTANA-2016-6259-1-scaled-10.jpg"},{"@type":"BreadcrumbList","@id":"https:\/\/funtana.com\/de\/currency\/#breadcrumb","itemListElement":[{"@type":"ListItem","position":1,"name":"Home","item":"https:\/\/funtana.com\/de\/"},{"@type":"ListItem","position":2,"name":"W\u00e4hrung"}]},{"@type":"WebSite","@id":"https:\/\/funtana.com\/de\/#website","url":"https:\/\/funtana.com\/de\/","name":"Funtana turisti\u010dka zajednica","description":"Willkommen in Funtana","publisher":{"@id":"https:\/\/funtana.com\/de\/#organization"},"alternateName":"Turisti\u010dka zajednica Op\u0107ine Funtana","potentialAction":[{"@type":"SearchAction","target":{"@type":"EntryPoint","urlTemplate":"https:\/\/funtana.com\/de\/?s={search_term_string}"},"query-input":{"@type":"PropertyValueSpecification","valueRequired":true,"valueName":"search_term_string"}}],"inLanguage":"de"},{"@type":"Organization","@id":"https:\/\/funtana.com\/de\/#organization","name":"Funtana turisti\u010dka zajednica","url":"https:\/\/funtana.com\/de\/","logo":{"@type":"ImageObject","inLanguage":"de","@id":"https:\/\/funtana.com\/de\/#\/schema\/logo\/image\/","url":"https:\/\/funtana.com\/wp-content\/uploads\/2023\/04\/cropped-funtanalogo-e1681572065284.png","contentUrl":"https:\/\/funtana.com\/wp-content\/uploads\/2023\/04\/cropped-funtanalogo-e1681572065284.png","width":90,"height":72,"caption":"Funtana turisti\u010dka zajednica"},"image":{"@id":"https:\/\/funtana.com\/de\/#\/schema\/logo\/image\/"},"sameAs":["https:\/\/www.facebook.com\/funtanaistria","https:\/\/www.instagram.com\/funtanaistria\/"]}]}},"publishpress_future_action":{"enabled":false,"date":"2026-05-17 13:09:23","action":"change-status","newStatus":"draft","terms":[],"taxonomy":"translation_priority","extraData":[]},"publishpress_future_workflow_manual_trigger":{"enabledWorkflows":[]},"_links":{"self":[{"href":"https:\/\/funtana.com\/de\/wp-json\/wp\/v2\/pages\/25837","targetHints":{"allow":["GET"]}}],"collection":[{"href":"https:\/\/funtana.com\/de\/wp-json\/wp\/v2\/pages"}],"about":[{"href":"https:\/\/funtana.com\/de\/wp-json\/wp\/v2\/types\/page"}],"author":[{"embeddable":true,"href":"https:\/\/funtana.com\/de\/wp-json\/wp\/v2\/users\/1"}],"replies":[{"embeddable":true,"href":"https:\/\/funtana.com\/de\/wp-json\/wp\/v2\/comments?post=25837"}],"version-history":[{"count":1,"href":"https:\/\/funtana.com\/de\/wp-json\/wp\/v2\/pages\/25837\/revisions"}],"predecessor-version":[{"id":25847,"href":"https:\/\/funtana.com\/de\/wp-json\/wp\/v2\/pages\/25837\/revisions\/25847"}],"wp:attachment":[{"href":"https:\/\/funtana.com\/de\/wp-json\/wp\/v2\/media?parent=25837"}],"curies":[{"name":"wp","href":"https:\/\/api.w.org\/{rel}","templated":true}]}}