{"id":22607,"date":"2024-03-17T12:29:43","date_gmt":"2024-03-17T12:29:43","guid":{"rendered":"https:\/\/nova.funtana.com\/frequently-asked-questions\/"},"modified":"2024-03-18T13:16:12","modified_gmt":"2024-03-18T13:16:12","slug":"frequently-asked-questions","status":"publish","type":"page","link":"https:\/\/funtana.com\/de\/frequently-asked-questions\/","title":{"rendered":"Ratschl\u00e4ge f\u00fcr Ferieng\u00e4ste"},"content":{"rendered":"\n<p><a href=\"https:\/\/funtana.com\/wp-content\/uploads\/2014\/03\/sl_040311114846.jpg\"><\/a><\/p>\n\n\n\n<div class=\"wp-block-citadela-blocks-custom-container citadela-block-custom-container size-fullwidth bg-type-none inside-space-none\"><div class=\"inner-holder\">         <div \r\n            class=\"citadela-block-responsive-text align-center\"\r\n                                 >\r\n            <h1 class=\"inner-tag\" style=\"color: #67afdf;\"><\/h1>         <\/div>\r\n      \n\n\n<div class=\"wp-block-cover is-light has-custom-content-position is-position-top-center has-white-color has-text-color has-link-color wp-elements-3c2574aff4db68eb0eb23e6a9c5f077d\"><span aria-hidden=\"true\" class=\"wp-block-cover__background has-background-dim-0 has-background-dim\"><\/span><img loading=\"lazy\" decoding=\"async\" width=\"2560\" height=\"1707\" class=\"wp-block-cover__image-background wp-image-21319\" alt=\"\" src=\"https:\/\/funtana.com\/wp-content\/uploads\/2024\/03\/FUNTANA-202101146-1-scaled.jpg\" data-object-fit=\"cover\" srcset=\"https:\/\/funtana.com\/wp-content\/uploads\/2024\/03\/FUNTANA-202101146-1-scaled.jpg 2560w, https:\/\/funtana.com\/wp-content\/uploads\/2024\/03\/FUNTANA-202101146-1-300x200.jpg 300w, https:\/\/funtana.com\/wp-content\/uploads\/2024\/03\/FUNTANA-202101146-1-1024x683.jpg 1024w, https:\/\/funtana.com\/wp-content\/uploads\/2024\/03\/FUNTANA-202101146-1-768x512.jpg 768w, https:\/\/funtana.com\/wp-content\/uploads\/2024\/03\/FUNTANA-202101146-1-50x33.jpg 50w, https:\/\/funtana.com\/wp-content\/uploads\/2024\/03\/FUNTANA-202101146-1-1600x1067.jpg 1600w, https:\/\/funtana.com\/wp-content\/uploads\/2024\/03\/FUNTANA-202101146-1-1536x1024.jpg 1536w, https:\/\/funtana.com\/wp-content\/uploads\/2024\/03\/FUNTANA-202101146-1-2048x1365.jpg 2048w\" sizes=\"auto, (max-width: 2560px) 100vw, 2560px\" \/><div class=\"wp-block-cover__inner-container is-layout-constrained wp-block-cover-is-layout-constrained\">\n<p class=\"has-text-align-center has-luminous-vivid-orange-color has-text-color has-background has-link-color has-large-font-size wp-elements-4a9ed5aaa984bd6200f90ebc1abb4ee4\" style=\"background-color:#ffffff21;font-style:normal;font-weight:700\">Ratschl\u00e4ge f\u00fcr Ferieng\u00e4ste<\/p>\n<\/div><\/div>\n\n\n\n<p><\/p>\n\n\n\n<h3 class=\"wp-block-heading\"><strong>Gesundheitsversorgung von Ferieng\u00e4sten<\/strong><\/h3>\n\n\n\n<p>Krankenh\u00e4user und Kliniken gibt es in allen gr\u00f6\u00dferen St\u00e4dten, und einen Notdienst und Apotheken in allen Ortschaften. Ferieng\u00e4ste aus dem Ausland zahlen keine \u00e4rztlichen Leistungen, sofern eine unterzeichnete Vereinbarung \u00fcber medizinische Versorgung (\u201eHealth Care Convention\u201c) zwischen Kroatien und dem Land, aus dem sie kommen, besteht. Kosten f\u00fcr \u00e4rztliche Leistungen an Personen, die aus L\u00e4ndern kommen, mit denen keine Vereinbarung \u00fcber medizinische Versorgung unterzeichnet wurde, werden vom Patienten direkt laut Preisliste erhoben. Patienten, deren Leben in Gefahr ist, k\u00f6nnen durch die Luft (per Hubschrauber) oder \u00fcbers Meer (per Schnellboot) transportiert werden.<br>Ferieng\u00e4ste k\u00f6nnen au\u00dferdem auch die Leistungen von Privat\u00e4rzten und Zahn\u00e4rzten in Anspruch nehmen, wof\u00fcr sie den vollen Preis aller \u00e4rztlichen Leistungen zahlen m\u00fcssen.<br>Apotheke die rund um die Uhr offen ist, 7 Tage in der Woche, befindet sich in Pula, Giardini 14, T. +385 (0)52 222551.<\/p>\n\n\n\n<h3 class=\"wp-block-heading\"><strong>Anmeldung<\/strong><\/h3>\n\n\n\n<p>Wenn Sie sich im Hotel, G\u00e4stehaus, Campingplatz oder in einer Ferienwohnung anmelden, sind Sie automatisch auch bei der Polizei angemeldet, was gesetzlich vorgeschrieben ist. Falls Sie beim Freund untergebracht sind, bitten wir Sie, sich pers\u00f6nlich anzumelden. Innerhalb 24 Stunden. Melden Sie sich im n\u00e4chsten Polizeiamt an (Tel: 92) und vergessen Sie nicht, Ihren Personalausweis mitzunehmen. Sie werden freundlich gebeten, einige Formulare auszuf\u00fcllen; Prozedur, die f\u00fcr Ihre pers\u00f6nliche Sicherheit ist, die Ihnen hilft, alle Unannehmlichkeiten zu vermeiden, die im Urlaub passieren k\u00f6nne.<\/p>\n\n\n\n<h3 class=\"wp-block-heading\"><strong>Reisedokumente<\/strong><\/h3>\n\n\n\n<p>Reisepass oder ein anderer international anerkannter Identifikationsdokument. Touristen k\u00f6nnen in Kroatien h\u00f6chstens drei Monate lang bleiben.<\/p>\n\n\n\n<h3 class=\"wp-block-heading\"><strong>Gep\u00e4ck<\/strong><\/h3>\n\n\n\n<p>Ausl\u00e4ndische Staatsb\u00fcrger k\u00f6nnen ihr Gep\u00e4ck ohne Begrenzungen herein bringen. Die Fremdw\u00e4hrung kann frei hineinund heraus getragen werden (bis 3000 Euro), bis 15 000 Kuna. Wertvolle professionelle und technische Ausr\u00fcstung soll an der Grenze angemeldet sein.<\/p>\n\n\n\n<h3 class=\"wp-block-heading\"><strong>Visum<\/strong><\/h3>\n\n\n\n<p>Den B\u00fcrgern der EU, der Schweiz, Nord- und S\u00fcdamerika und vieler anderer L\u00e4nder ist der Eintritt in Kroatien ohne ein Visum m\u00f6glich. F\u00fcr die komplette Liste, bitten wir Sie, die Botschaft des Au\u00dfenministeriums zu kontrollieren: C-2\/3, Trg N. \u0160. Zrinskog 7-8, T. +385 (0)1 4569964, F. +385 (0)1 4581795 oder besuchen Sie:&nbsp;<a href=\"http:\/\/www.mfa.hr\/MVP.asp?pcpid=1612\">www.mvp.hr<\/a>. Jeder, der ein Visum ben\u00f6tigt, muss es vor dem Eintritt ins Land erhalten. Sie k\u00f6nnen es nicht an der kroatischen Grenze verlangen.<\/p>\n\n\n\n<h3 class=\"wp-block-heading\"><strong>Haustiere<\/strong><\/h3>\n\n\n\n<p>F\u00fcr Katzen und Hunde, die von ihren Herrchen begleitet sind, ben\u00f6tigt man das internationale Zertifikat des registrierten Tierarztes, in dem sichtbar ist, dass sie wenigstens 15 Tage vor der Fahrt und nicht l\u00e4nger als vor 6 Monaten gegen Tollwut geimpft worden sind.<\/p>\n\n\n\n<h3 class=\"wp-block-heading\"><strong>W\u00e4hrung<\/strong><\/h3>\n\n\n\n<p>Die einzige W\u00e4hrung, die in Kroatien und Istrien gebraucht wird, ist die Kuna (1 Kuna = 100 Lipa). Es gibt M\u00fcnzen von 1, 2, 5, 10, 20, 50 Lipa; M\u00fcnzen von 1, 2, 5 und 25 Kuna, und Geldscheine von 5, 10, 20, 50, 100, 200, 500 und 1.000 Kuna. Geldautomate gibt es \u00fcberall. Die meisten Hotels, Restaurants und Gesch\u00e4fte akzeptieren auch Kreditkarten (American Express, Diners Club, Eurocard\/Mastercard, Visa).<br>Geld k\u00f6nnen Sie in der Bank, in den Wechselstuben, in der Post, in der Touristenagentur, Hotels, Campingpl\u00e4tzen und Marinen umtauschen. Schecks k\u00f6nnen in der Bank umgetauscht werden.<\/p>\n\n\n\n<h3 class=\"wp-block-heading\"><strong>Zoll<\/strong><\/h3>\n\n\n\n<p>Die Zollvorschriften der Republik Kroatien sind mit den Vorschriften der EU \u2013 L\u00e4nder \u00fcbereingestimmt. Mehr Informationen erhalten Sie auf der Seite:<a href=\"http:\/\/www.carina.hr\/engindex.htm\">www.carina.hr<\/a><\/p>\n\n\n\n<h3 class=\"wp-block-heading\"><strong>Zeitzone<\/strong><\/h3>\n\n\n\n<p>GMT plus eine Stunde im Winter und GMT plus zwei Stunden im Sommer.<\/p>\n\n\n\n<h3 class=\"wp-block-heading\"><strong>Elektrizit\u00e4t<\/strong><\/h3>\n\n\n\n<p>Die elektrische Spannung des Stromnetzes ist 220 V, Frequenz 50 Hz, so dass Besucher aus den USA einen Transformator und jene aus GB einen Adapter f\u00fcr das europ\u00e4ische Stromnetz benutzen m\u00fcssen, damit sie ihre elektrischen Ger\u00e4te gebrauchen k\u00f6nnen.<\/p>\n\n\n\n<h3 class=\"wp-block-heading\"><strong>Nationale Feiertage:<\/strong><\/h3>\n\n\n\n<p>1. Januar, Neujahr<br>6. Januar, Heilige drei K\u00f6nige<br>Oster, Ostermontag<br>1. Mai, Tag der Arbeit<br>30. Mai, Stastsfeiertag<br>22. Juni, Tag des antifaschistischen Kampfes<br>Pfingsten<br>5. August, Danksagungstag<br>15. August, Maria Himmelsfahrt<br>1. November, Allerheiligen<br>18. November<br>25. und 26. Dezember, Weihnachtsfeiertage<\/p>\n\n\n\n<p>W\u00e4hrend der nationalen Feiertage sind alle \u00f6ffentlichen Anstalten geschlossen!<\/p>\n\n\n\n<p><\/p>\n<\/div><\/div>\n","protected":false},"excerpt":{"rendered":"","protected":false},"author":1,"featured_media":0,"parent":0,"menu_order":0,"comment_status":"closed","ping_status":"closed","template":"page-templates\/right-sidebar.php","meta":{"loftloader_page_shortcode":"","_citadela_hide_page_title":"1","_citadela_remove_header_space":"1","_citadela_custom_class":"","_citadela_half_map_provider":"","_citadela_half_map_theme":"","_citadela_half_map_themeOSM":"","_citadela_half_map_customTheme":"","_citadela_half_map_dataType":"","_citadela_half_map_dynamicTrack":false,"_citadela_half_map_trackColor":"","_citadela_half_map_trackEndpointsColor":"","_citadela_half_map_filterCategory":"","_citadela_half_map_filterLocation":"","_citadela_half_map_filterFeatured":false,"_citadela_half_map_noDataBehavior":"empty-map","_citadela_half_map_noDataText":"","_citadela_half_map_clusterGridSize":80,"_citadela_header":false,"_citadela_header_over_content":false,"_citadela_header_text_color":"","_citadela_header_logo":[],"_citadela_header_bg_image":[],"_citadela_header_bg_position":{"x":0.5,"y":0.5},"_citadela_header_bg_size":"cover","_citadela_header_bg_repeat":"no-repeat","_citadela_header_bg_fixed":false,"_citadela_header_bg_color":"","_citadela_header_bg_image_overlay":"","_citadela_header_transparent_bg":false,"_citadela_content_width":"wide","_citadela_half_layout_position":"","footnotes":""},"class_list":["post-22607","page","type-page","status-publish","hentry"],"yoast_head":"<!-- This site is optimized with the Yoast SEO plugin v27.5 - https:\/\/yoast.com\/product\/yoast-seo-wordpress\/ -->\n<title>Ratschl\u00e4ge f\u00fcr Ferieng\u00e4ste - Funtana Tourismusverband<\/title>\n<meta name=\"robots\" content=\"index, follow, max-snippet:-1, max-image-preview:large, max-video-preview:-1\" \/>\n<link rel=\"canonical\" href=\"https:\/\/funtana.com\/de\/frequently-asked-questions\/\" \/>\n<meta property=\"og:locale\" content=\"de_DE\" \/>\n<meta property=\"og:type\" content=\"article\" \/>\n<meta property=\"og:title\" content=\"Ratschl\u00e4ge f\u00fcr Ferieng\u00e4ste - Funtana Tourismusverband\" \/>\n<meta property=\"og:url\" content=\"https:\/\/funtana.com\/de\/frequently-asked-questions\/\" \/>\n<meta property=\"article:publisher\" content=\"https:\/\/www.facebook.com\/funtanaistria\" \/>\n<meta property=\"article:modified_time\" content=\"2024-03-18T13:16:12+00:00\" \/>\n<meta property=\"og:image\" content=\"https:\/\/funtana.com\/wp-content\/uploads\/2024\/03\/FUNTANA-202101146-1-scaled.jpg\" \/>\n<meta name=\"twitter:card\" content=\"summary_large_image\" \/>\n<meta name=\"twitter:label1\" content=\"Gesch\u00e4tzte Lesezeit\" \/>\n\t<meta name=\"twitter:data1\" content=\"3\u00a0Minuten\" \/>\n<script type=\"application\/ld+json\" class=\"yoast-schema-graph\">{\"@context\":\"https:\\\/\\\/schema.org\",\"@graph\":[{\"@type\":\"WebPage\",\"@id\":\"https:\\\/\\\/funtana.com\\\/de\\\/frequently-asked-questions\\\/\",\"url\":\"https:\\\/\\\/funtana.com\\\/de\\\/frequently-asked-questions\\\/\",\"name\":\"Ratschl\u00e4ge f\u00fcr Ferieng\u00e4ste - Funtana Tourismusverband\",\"isPartOf\":{\"@id\":\"https:\\\/\\\/funtana.com\\\/de\\\/#website\"},\"primaryImageOfPage\":{\"@id\":\"https:\\\/\\\/funtana.com\\\/de\\\/frequently-asked-questions\\\/#primaryimage\"},\"image\":{\"@id\":\"https:\\\/\\\/funtana.com\\\/de\\\/frequently-asked-questions\\\/#primaryimage\"},\"thumbnailUrl\":\"https:\\\/\\\/funtana.com\\\/wp-content\\\/uploads\\\/2024\\\/03\\\/FUNTANA-202101146-1-scaled.jpg\",\"datePublished\":\"2024-03-17T12:29:43+00:00\",\"dateModified\":\"2024-03-18T13:16:12+00:00\",\"breadcrumb\":{\"@id\":\"https:\\\/\\\/funtana.com\\\/de\\\/frequently-asked-questions\\\/#breadcrumb\"},\"inLanguage\":\"de\",\"potentialAction\":[{\"@type\":\"ReadAction\",\"target\":[\"https:\\\/\\\/funtana.com\\\/de\\\/frequently-asked-questions\\\/\"]}]},{\"@type\":\"ImageObject\",\"inLanguage\":\"de\",\"@id\":\"https:\\\/\\\/funtana.com\\\/de\\\/frequently-asked-questions\\\/#primaryimage\",\"url\":\"https:\\\/\\\/funtana.com\\\/wp-content\\\/uploads\\\/2024\\\/03\\\/FUNTANA-202101146-1-scaled.jpg\",\"contentUrl\":\"https:\\\/\\\/funtana.com\\\/wp-content\\\/uploads\\\/2024\\\/03\\\/FUNTANA-202101146-1-scaled.jpg\"},{\"@type\":\"BreadcrumbList\",\"@id\":\"https:\\\/\\\/funtana.com\\\/de\\\/frequently-asked-questions\\\/#breadcrumb\",\"itemListElement\":[{\"@type\":\"ListItem\",\"position\":1,\"name\":\"Home\",\"item\":\"https:\\\/\\\/funtana.com\\\/de\\\/\"},{\"@type\":\"ListItem\",\"position\":2,\"name\":\"Ratschl\u00e4ge f\u00fcr Ferieng\u00e4ste\"}]},{\"@type\":\"WebSite\",\"@id\":\"https:\\\/\\\/funtana.com\\\/de\\\/#website\",\"url\":\"https:\\\/\\\/funtana.com\\\/de\\\/\",\"name\":\"Funtana turisti\u010dka zajednica\",\"description\":\"Willkommen in Funtana\",\"publisher\":{\"@id\":\"https:\\\/\\\/funtana.com\\\/de\\\/#organization\"},\"alternateName\":\"Turisti\u010dka zajednica Op\u0107ine Funtana\",\"potentialAction\":[{\"@type\":\"SearchAction\",\"target\":{\"@type\":\"EntryPoint\",\"urlTemplate\":\"https:\\\/\\\/funtana.com\\\/de\\\/?s={search_term_string}\"},\"query-input\":{\"@type\":\"PropertyValueSpecification\",\"valueRequired\":true,\"valueName\":\"search_term_string\"}}],\"inLanguage\":\"de\"},{\"@type\":\"Organization\",\"@id\":\"https:\\\/\\\/funtana.com\\\/de\\\/#organization\",\"name\":\"Funtana turisti\u010dka zajednica\",\"url\":\"https:\\\/\\\/funtana.com\\\/de\\\/\",\"logo\":{\"@type\":\"ImageObject\",\"inLanguage\":\"de\",\"@id\":\"https:\\\/\\\/funtana.com\\\/de\\\/#\\\/schema\\\/logo\\\/image\\\/\",\"url\":\"https:\\\/\\\/funtana.com\\\/wp-content\\\/uploads\\\/2023\\\/04\\\/cropped-funtanalogo-e1681572065284.png\",\"contentUrl\":\"https:\\\/\\\/funtana.com\\\/wp-content\\\/uploads\\\/2023\\\/04\\\/cropped-funtanalogo-e1681572065284.png\",\"width\":90,\"height\":72,\"caption\":\"Funtana turisti\u010dka zajednica\"},\"image\":{\"@id\":\"https:\\\/\\\/funtana.com\\\/de\\\/#\\\/schema\\\/logo\\\/image\\\/\"},\"sameAs\":[\"https:\\\/\\\/www.facebook.com\\\/funtanaistria\",\"https:\\\/\\\/www.instagram.com\\\/funtanaistria\\\/\"]}]}<\/script>\n<!-- \/ Yoast SEO plugin. -->","yoast_head_json":{"title":"Ratschl\u00e4ge f\u00fcr Ferieng\u00e4ste - Funtana Tourismusverband","robots":{"index":"index","follow":"follow","max-snippet":"max-snippet:-1","max-image-preview":"max-image-preview:large","max-video-preview":"max-video-preview:-1"},"canonical":"https:\/\/funtana.com\/de\/frequently-asked-questions\/","og_locale":"de_DE","og_type":"article","og_title":"Ratschl\u00e4ge f\u00fcr Ferieng\u00e4ste - Funtana Tourismusverband","og_url":"https:\/\/funtana.com\/de\/frequently-asked-questions\/","article_publisher":"https:\/\/www.facebook.com\/funtanaistria","article_modified_time":"2024-03-18T13:16:12+00:00","og_image":[{"url":"https:\/\/funtana.com\/wp-content\/uploads\/2024\/03\/FUNTANA-202101146-1-scaled.jpg","type":"","width":"","height":""}],"twitter_card":"summary_large_image","twitter_misc":{"Gesch\u00e4tzte Lesezeit":"3\u00a0Minuten"},"schema":{"@context":"https:\/\/schema.org","@graph":[{"@type":"WebPage","@id":"https:\/\/funtana.com\/de\/frequently-asked-questions\/","url":"https:\/\/funtana.com\/de\/frequently-asked-questions\/","name":"Ratschl\u00e4ge f\u00fcr Ferieng\u00e4ste - Funtana Tourismusverband","isPartOf":{"@id":"https:\/\/funtana.com\/de\/#website"},"primaryImageOfPage":{"@id":"https:\/\/funtana.com\/de\/frequently-asked-questions\/#primaryimage"},"image":{"@id":"https:\/\/funtana.com\/de\/frequently-asked-questions\/#primaryimage"},"thumbnailUrl":"https:\/\/funtana.com\/wp-content\/uploads\/2024\/03\/FUNTANA-202101146-1-scaled.jpg","datePublished":"2024-03-17T12:29:43+00:00","dateModified":"2024-03-18T13:16:12+00:00","breadcrumb":{"@id":"https:\/\/funtana.com\/de\/frequently-asked-questions\/#breadcrumb"},"inLanguage":"de","potentialAction":[{"@type":"ReadAction","target":["https:\/\/funtana.com\/de\/frequently-asked-questions\/"]}]},{"@type":"ImageObject","inLanguage":"de","@id":"https:\/\/funtana.com\/de\/frequently-asked-questions\/#primaryimage","url":"https:\/\/funtana.com\/wp-content\/uploads\/2024\/03\/FUNTANA-202101146-1-scaled.jpg","contentUrl":"https:\/\/funtana.com\/wp-content\/uploads\/2024\/03\/FUNTANA-202101146-1-scaled.jpg"},{"@type":"BreadcrumbList","@id":"https:\/\/funtana.com\/de\/frequently-asked-questions\/#breadcrumb","itemListElement":[{"@type":"ListItem","position":1,"name":"Home","item":"https:\/\/funtana.com\/de\/"},{"@type":"ListItem","position":2,"name":"Ratschl\u00e4ge f\u00fcr Ferieng\u00e4ste"}]},{"@type":"WebSite","@id":"https:\/\/funtana.com\/de\/#website","url":"https:\/\/funtana.com\/de\/","name":"Funtana turisti\u010dka zajednica","description":"Willkommen in Funtana","publisher":{"@id":"https:\/\/funtana.com\/de\/#organization"},"alternateName":"Turisti\u010dka zajednica Op\u0107ine Funtana","potentialAction":[{"@type":"SearchAction","target":{"@type":"EntryPoint","urlTemplate":"https:\/\/funtana.com\/de\/?s={search_term_string}"},"query-input":{"@type":"PropertyValueSpecification","valueRequired":true,"valueName":"search_term_string"}}],"inLanguage":"de"},{"@type":"Organization","@id":"https:\/\/funtana.com\/de\/#organization","name":"Funtana turisti\u010dka zajednica","url":"https:\/\/funtana.com\/de\/","logo":{"@type":"ImageObject","inLanguage":"de","@id":"https:\/\/funtana.com\/de\/#\/schema\/logo\/image\/","url":"https:\/\/funtana.com\/wp-content\/uploads\/2023\/04\/cropped-funtanalogo-e1681572065284.png","contentUrl":"https:\/\/funtana.com\/wp-content\/uploads\/2023\/04\/cropped-funtanalogo-e1681572065284.png","width":90,"height":72,"caption":"Funtana turisti\u010dka zajednica"},"image":{"@id":"https:\/\/funtana.com\/de\/#\/schema\/logo\/image\/"},"sameAs":["https:\/\/www.facebook.com\/funtanaistria","https:\/\/www.instagram.com\/funtanaistria\/"]}]}},"publishpress_future_action":{"enabled":false,"date":"2026-05-17 12:36:18","action":"change-status","newStatus":"draft","terms":[],"taxonomy":"translation_priority","extraData":[]},"publishpress_future_workflow_manual_trigger":{"enabledWorkflows":[]},"_links":{"self":[{"href":"https:\/\/funtana.com\/de\/wp-json\/wp\/v2\/pages\/22607","targetHints":{"allow":["GET"]}}],"collection":[{"href":"https:\/\/funtana.com\/de\/wp-json\/wp\/v2\/pages"}],"about":[{"href":"https:\/\/funtana.com\/de\/wp-json\/wp\/v2\/types\/page"}],"author":[{"embeddable":true,"href":"https:\/\/funtana.com\/de\/wp-json\/wp\/v2\/users\/1"}],"replies":[{"embeddable":true,"href":"https:\/\/funtana.com\/de\/wp-json\/wp\/v2\/comments?post=22607"}],"version-history":[{"count":1,"href":"https:\/\/funtana.com\/de\/wp-json\/wp\/v2\/pages\/22607\/revisions"}],"predecessor-version":[{"id":22631,"href":"https:\/\/funtana.com\/de\/wp-json\/wp\/v2\/pages\/22607\/revisions\/22631"}],"wp:attachment":[{"href":"https:\/\/funtana.com\/de\/wp-json\/wp\/v2\/media?parent=22607"}],"curies":[{"name":"wp","href":"https:\/\/api.w.org\/{rel}","templated":true}]}}