{"id":18455,"date":"2024-03-14T14:12:33","date_gmt":"2024-03-14T14:12:33","guid":{"rendered":"https:\/\/nova.funtana.com\/marina-funtana\/"},"modified":"2024-03-15T08:37:30","modified_gmt":"2024-03-15T08:37:30","slug":"marina-funtana","status":"publish","type":"page","link":"https:\/\/funtana.com\/de\/marina-funtana\/","title":{"rendered":"Marina Funtana"},"content":{"rendered":"\n<p><a href=\"https:\/\/funtana.com\/wp-content\/uploads\/2014\/03\/sl_040311114846.jpg\"><\/a><\/p>\n\n\n\n<div class=\"wp-block-citadela-blocks-custom-container citadela-block-custom-container size-fullwidth bg-type-none inside-space-none\"><div class=\"inner-holder\">         <div \r\n            class=\"citadela-block-responsive-text align-center\"\r\n                                 >\r\n            <h1 class=\"inner-tag\" style=\"color: #67afdf;\"><\/h1>         <\/div>\r\n      \n\n\n<div class=\"wp-block-cover is-light has-custom-content-position is-position-top-center has-white-color has-text-color has-link-color wp-elements-38ff40a126600743d2a815db6e2261f4\"><span aria-hidden=\"true\" class=\"wp-block-cover__background has-background-dim-0 has-background-dim\"><\/span><img loading=\"lazy\" decoding=\"async\" width=\"2016\" height=\"1512\" class=\"wp-block-cover__image-background wp-image-18405\" alt=\"\" src=\"https:\/\/funtana.com\/wp-content\/uploads\/2024\/03\/152503147_3728408057241024_4771842286608162716_n.jpg\" style=\"object-position:53% 59%\" data-object-fit=\"cover\" data-object-position=\"53% 59%\" srcset=\"https:\/\/funtana.com\/wp-content\/uploads\/2024\/03\/152503147_3728408057241024_4771842286608162716_n.jpg 2016w, https:\/\/funtana.com\/wp-content\/uploads\/2024\/03\/152503147_3728408057241024_4771842286608162716_n-300x225.jpg 300w, https:\/\/funtana.com\/wp-content\/uploads\/2024\/03\/152503147_3728408057241024_4771842286608162716_n-1024x768.jpg 1024w, https:\/\/funtana.com\/wp-content\/uploads\/2024\/03\/152503147_3728408057241024_4771842286608162716_n-768x576.jpg 768w, https:\/\/funtana.com\/wp-content\/uploads\/2024\/03\/152503147_3728408057241024_4771842286608162716_n-50x38.jpg 50w, https:\/\/funtana.com\/wp-content\/uploads\/2024\/03\/152503147_3728408057241024_4771842286608162716_n-1600x1200.jpg 1600w, https:\/\/funtana.com\/wp-content\/uploads\/2024\/03\/152503147_3728408057241024_4771842286608162716_n-1536x1152.jpg 1536w, https:\/\/funtana.com\/wp-content\/uploads\/2024\/03\/152503147_3728408057241024_4771842286608162716_n-640x480.jpg 640w, https:\/\/funtana.com\/wp-content\/uploads\/2024\/03\/152503147_3728408057241024_4771842286608162716_n-480x360.jpg 480w\" sizes=\"auto, (max-width: 2016px) 100vw, 2016px\" \/><div class=\"wp-block-cover__inner-container is-layout-constrained wp-block-cover-is-layout-constrained\">\n<p class=\"has-text-align-center has-white-color has-text-color has-background has-link-color has-large-font-size wp-elements-c840e3948fbeffa0cfe5898f4f408d2f\" style=\"background-color:#ffffff21;font-style:normal;font-weight:700\">Marina Funtana<\/p>\n<\/div><\/div>\n\n\n\n<p><\/p>\n\n\n\n<p>Der neu 2003 erbaute Jachthafen Funtanas ist in diesem touristischen Fischerort auf der istrischen Riviera das ganze Jahr \u00fcber ge\u00f6ffnet. Er verf\u00fcgt \u00fcber 200 Anlegestellen f\u00fcr Boote von f\u00fcnf bis drei\u00dfig Metern L\u00e4nge. Alle haben eine zweifache Vert\u00e4uung, Wasser- und Stromanschluss. Die maximale Tiefe an den Anlegestellen ist vier und die minimale eineinhalb Meter.<\/p>\n\n\n\n<p>Der Jachthafen verf\u00fcgt \u00fcber eine Rezeption, sanit\u00e4re Anlagen und Duschen, eine Caf\u00e9-Bar und ein Bistrot, einen gro\u00dfen Parkplatz, einen Waschsalon, eine technische Werkstatt, einen Supermarkt sowie \u00fcber einen Bootsverleih. Weitere Dienstleistungen wie z.B. die Benzinversorgung k\u00f6nnen Nautiker im Jachthafen von Vrsar, ca. 1,5 Seemeilen s\u00fcdlicher gelegen, in Anspruch nehmen.<\/p>\n\n\n\n<p>Als Orientierung beim Einlaufen dient die Ortschaft mit ihrem Glockenturm sowie das Leuchtfeuer auf dem Wellenbrecher. Nautiker m\u00fcssen wegen der Untiefen, Felsen und Riffe vorsichtig in die Bucht einlaufen. Am sichersten ist es, den Jachthafen Funtanas von der westlichen Seite her anzulaufen.<\/p>\n\n\n\n<h3 class=\"wp-block-heading\"><strong>Nautik-Vorschriften f\u00fcr ausl\u00e4ndische Bootsfahrer<\/strong><\/h3>\n\n\n\n<p>Wasserfahrzeuge d\u00fcrfen sich in den K\u00fcstengew\u00e4ssern der Republik Kroatien aufhalten und kreuzen, wenn sie die dazu erforderliche Genehmigung besitzen. Sportboote mit Rudern oder Segeln, die nicht l\u00e4nger als 3 m sind, sowie Boote bis 3 m mit einem Motor der weniger als 3,67 PS hat, brauchen keine Genehmigung.<\/p>\n\n\n\n<p>Der Besitzer oder F\u00fchrer eines Wasserfahrzeugs ist verpflichtet, nach dem Einlaufen in die K\u00fcstengew\u00e4sser Kroatiens den n\u00e4chsten Anlegeplatz f\u00fcr internationalen Seeverkehr anzulaufen, seine Ankunft zu melden und einen Antrag auf Erteilung einer Genehmigung zu stellen.<\/p>\n\n\n\n<div class=\"wp-block-columns are-vertically-aligned-top is-layout-flex wp-container-core-columns-is-layout-9d6595d7 wp-block-columns-is-layout-flex\">\n<div class=\"wp-block-column is-vertically-aligned-top is-layout-flow wp-block-column-is-layout-flow\">\n<p>Die Genehmigung wird f\u00fcr eine befristete oder unbefristete Dauer erteilt. Durch sie wird der Bereich der Seefahrt nicht eingeschr\u00e4nkt.<\/p>\n\n\n\n<p>Geb\u00fchren werden entsprechend der Fahrzeugart erhoben.<\/p>\n\n\n\n<p><a href=\"https:\/\/funtana.com\/wp-content\/uploads\/2022\/06\/HTZ-2022_letak_nautika-pristojba_DE.pdf\" class=\"mtli_attachment mtli_pdf\">Online-Zahlung der Kurtaxe f\u00fcr Nautiker\/-innen auf dem Portal<\/a><\/p>\n\n\n\n<h3 class=\"wp-block-heading\">Marina Funtana<\/h3>\n\n\n\n<p>\u2013 Nautical maps, Port Light<br>45\u00b011\u2033 N, 13\u00b036\u2033 E<br>Address: Ribarska 11, HR-52452 Funtana<\/p>\n\n\n\n<p>Tel. +385 52 428 500<br>Fax. +385 52 428 501<\/p>\n\n\n\n<p>E-mail: <a href=\"mailto:funtana@montraker.hr\">funtana@montraker.hr<\/a><\/p>\n\n\n\n<p><a href=\"http:\/\/www.montraker.hr\">www.montraker.hr<\/a><br>VHP channel 17<\/p>\n\n\n\n<p>Nautical maps: HHI: 100-15, MK-2, Plan 2<br>British Admiralty: BA 201, BA 1417<br>Germany: D 1077,D 601<br>Port Light: ZB1 (2) 5s 6m, 4M (0,5+1; 0,5+3);<\/p>\n<\/div>\n\n\n\n<div class=\"wp-block-column is-vertically-aligned-top is-layout-flow wp-block-column-is-layout-flow\">\n<figure class=\"wp-block-gallery aligncenter has-nested-images columns-1 is-cropped wp-block-gallery-1 is-layout-flex wp-block-gallery-is-layout-flex\">\n<figure data-wp-context=\"{&quot;imageId&quot;:&quot;6a0082f971000&quot;}\" data-wp-interactive=\"core\/image\" data-wp-key=\"6a0082f971000\" class=\"wp-block-image alignwide size-large wp-lightbox-container\"><img loading=\"lazy\" decoding=\"async\" width=\"1024\" height=\"682\" data-wp-class--hide=\"state.isContentHidden\" data-wp-class--show=\"state.isContentVisible\" data-wp-init=\"callbacks.setButtonStyles\" data-wp-on--click=\"actions.showLightbox\" data-wp-on--load=\"callbacks.setButtonStyles\" data-wp-on-window--resize=\"callbacks.setButtonStyles\" data-id=\"18415\" src=\"https:\/\/funtana.com\/wp-content\/uploads\/2024\/03\/60031198_2232545823493929_7634929105992941568_n-1024x682.jpg\" alt=\"\" class=\"wp-image-18415\" srcset=\"https:\/\/funtana.com\/wp-content\/uploads\/2024\/03\/60031198_2232545823493929_7634929105992941568_n-1024x682.jpg 1024w, https:\/\/funtana.com\/wp-content\/uploads\/2024\/03\/60031198_2232545823493929_7634929105992941568_n-300x200.jpg 300w, https:\/\/funtana.com\/wp-content\/uploads\/2024\/03\/60031198_2232545823493929_7634929105992941568_n-768x512.jpg 768w, https:\/\/funtana.com\/wp-content\/uploads\/2024\/03\/60031198_2232545823493929_7634929105992941568_n-50x33.jpg 50w, https:\/\/funtana.com\/wp-content\/uploads\/2024\/03\/60031198_2232545823493929_7634929105992941568_n-1600x1066.jpg 1600w, https:\/\/funtana.com\/wp-content\/uploads\/2024\/03\/60031198_2232545823493929_7634929105992941568_n-1536x1023.jpg 1536w, https:\/\/funtana.com\/wp-content\/uploads\/2024\/03\/60031198_2232545823493929_7634929105992941568_n.jpg 2048w\" sizes=\"auto, (max-width: 1024px) 100vw, 1024px\" \/><button\n\t\t\tclass=\"lightbox-trigger\"\n\t\t\ttype=\"button\"\n\t\t\taria-haspopup=\"dialog\"\n\t\t\taria-label=\"Vergr\u00f6\u00dfern\"\n\t\t\tdata-wp-init=\"callbacks.initTriggerButton\"\n\t\t\tdata-wp-on--click=\"actions.showLightbox\"\n\t\t\tdata-wp-style--right=\"state.imageButtonRight\"\n\t\t\tdata-wp-style--top=\"state.imageButtonTop\"\n\t\t>\n\t\t\t<svg xmlns=\"http:\/\/www.w3.org\/2000\/svg\" width=\"12\" height=\"12\" fill=\"none\" viewBox=\"0 0 12 12\">\n\t\t\t\t<path fill=\"#fff\" d=\"M2 0a2 2 0 0 0-2 2v2h1.5V2a.5.5 0 0 1 .5-.5h2V0H2Zm2 10.5H2a.5.5 0 0 1-.5-.5V8H0v2a2 2 0 0 0 2 2h2v-1.5ZM8 12v-1.5h2a.5.5 0 0 0 .5-.5V8H12v2a2 2 0 0 1-2 2H8Zm2-12a2 2 0 0 1 2 2v2h-1.5V2a.5.5 0 0 0-.5-.5H8V0h2Z\" \/>\n\t\t\t<\/svg>\n\t\t<\/button><\/figure>\n\n\n\n<figure class=\"wp-block-image size-large\"><img loading=\"lazy\" decoding=\"async\" width=\"1024\" height=\"682\" data-id=\"18410\" src=\"https:\/\/funtana.com\/wp-content\/uploads\/2024\/03\/28947249_1628685673879950_5644820402489308628_o-1024x682.jpg\" alt=\"\" class=\"wp-image-18410\" srcset=\"https:\/\/funtana.com\/wp-content\/uploads\/2024\/03\/28947249_1628685673879950_5644820402489308628_o-1024x682.jpg 1024w, https:\/\/funtana.com\/wp-content\/uploads\/2024\/03\/28947249_1628685673879950_5644820402489308628_o-300x200.jpg 300w, https:\/\/funtana.com\/wp-content\/uploads\/2024\/03\/28947249_1628685673879950_5644820402489308628_o-768x512.jpg 768w, https:\/\/funtana.com\/wp-content\/uploads\/2024\/03\/28947249_1628685673879950_5644820402489308628_o-50x33.jpg 50w, https:\/\/funtana.com\/wp-content\/uploads\/2024\/03\/28947249_1628685673879950_5644820402489308628_o-1600x1066.jpg 1600w, https:\/\/funtana.com\/wp-content\/uploads\/2024\/03\/28947249_1628685673879950_5644820402489308628_o-1536x1023.jpg 1536w, https:\/\/funtana.com\/wp-content\/uploads\/2024\/03\/28947249_1628685673879950_5644820402489308628_o.jpg 2048w\" sizes=\"auto, (max-width: 1024px) 100vw, 1024px\" \/><\/figure>\n<\/figure>\n<\/div>\n<\/div>\n\n\n\n<p><\/p>\n<\/div><\/div>\n","protected":false},"excerpt":{"rendered":"","protected":false},"author":1,"featured_media":0,"parent":0,"menu_order":0,"comment_status":"closed","ping_status":"closed","template":"page-templates\/right-sidebar.php","meta":{"loftloader_page_shortcode":"","_citadela_hide_page_title":"1","_citadela_remove_header_space":"1","_citadela_custom_class":"","_citadela_half_map_provider":"","_citadela_half_map_theme":"","_citadela_half_map_themeOSM":"","_citadela_half_map_customTheme":"","_citadela_half_map_dataType":"","_citadela_half_map_dynamicTrack":false,"_citadela_half_map_trackColor":"","_citadela_half_map_trackEndpointsColor":"","_citadela_half_map_filterCategory":"","_citadela_half_map_filterLocation":"","_citadela_half_map_filterFeatured":false,"_citadela_half_map_noDataBehavior":"empty-map","_citadela_half_map_noDataText":"","_citadela_half_map_clusterGridSize":80,"_citadela_header":false,"_citadela_header_over_content":false,"_citadela_header_text_color":"","_citadela_header_logo":[],"_citadela_header_bg_image":[],"_citadela_header_bg_position":{"x":0.5,"y":0.5},"_citadela_header_bg_size":"cover","_citadela_header_bg_repeat":"no-repeat","_citadela_header_bg_fixed":false,"_citadela_header_bg_color":"","_citadela_header_bg_image_overlay":"","_citadela_header_transparent_bg":false,"_citadela_content_width":"wide","_citadela_half_layout_position":"","footnotes":""},"class_list":["post-18455","page","type-page","status-publish","hentry"],"yoast_head":"<!-- This site is optimized with the Yoast SEO plugin v27.5 - https:\/\/yoast.com\/product\/yoast-seo-wordpress\/ -->\n<title>Marina Funtana - Funtana Tourismusverband<\/title>\n<meta name=\"robots\" content=\"index, follow, max-snippet:-1, max-image-preview:large, max-video-preview:-1\" \/>\n<link rel=\"canonical\" href=\"https:\/\/funtana.com\/de\/marina-funtana\/\" \/>\n<meta property=\"og:locale\" content=\"de_DE\" \/>\n<meta property=\"og:type\" content=\"article\" \/>\n<meta property=\"og:title\" content=\"Marina Funtana - Funtana Tourismusverband\" \/>\n<meta property=\"og:url\" content=\"https:\/\/funtana.com\/de\/marina-funtana\/\" \/>\n<meta property=\"article:publisher\" content=\"https:\/\/www.facebook.com\/funtanaistria\" \/>\n<meta property=\"article:modified_time\" content=\"2024-03-15T08:37:30+00:00\" \/>\n<meta property=\"og:image\" content=\"https:\/\/funtana.com\/wp-content\/uploads\/2024\/03\/152503147_3728408057241024_4771842286608162716_n.jpg\" \/>\n<meta name=\"twitter:card\" content=\"summary_large_image\" \/>\n<meta name=\"twitter:label1\" content=\"Gesch\u00e4tzte Lesezeit\" \/>\n\t<meta name=\"twitter:data1\" content=\"3\u00a0Minuten\" \/>\n<script type=\"application\/ld+json\" class=\"yoast-schema-graph\">{\"@context\":\"https:\\\/\\\/schema.org\",\"@graph\":[{\"@type\":\"WebPage\",\"@id\":\"https:\\\/\\\/funtana.com\\\/de\\\/marina-funtana\\\/\",\"url\":\"https:\\\/\\\/funtana.com\\\/de\\\/marina-funtana\\\/\",\"name\":\"Marina Funtana - Funtana Tourismusverband\",\"isPartOf\":{\"@id\":\"https:\\\/\\\/funtana.com\\\/de\\\/#website\"},\"primaryImageOfPage\":{\"@id\":\"https:\\\/\\\/funtana.com\\\/de\\\/marina-funtana\\\/#primaryimage\"},\"image\":{\"@id\":\"https:\\\/\\\/funtana.com\\\/de\\\/marina-funtana\\\/#primaryimage\"},\"thumbnailUrl\":\"https:\\\/\\\/funtana.com\\\/wp-content\\\/uploads\\\/2024\\\/03\\\/152503147_3728408057241024_4771842286608162716_n.jpg\",\"datePublished\":\"2024-03-14T14:12:33+00:00\",\"dateModified\":\"2024-03-15T08:37:30+00:00\",\"breadcrumb\":{\"@id\":\"https:\\\/\\\/funtana.com\\\/de\\\/marina-funtana\\\/#breadcrumb\"},\"inLanguage\":\"de\",\"potentialAction\":[{\"@type\":\"ReadAction\",\"target\":[\"https:\\\/\\\/funtana.com\\\/de\\\/marina-funtana\\\/\"]}]},{\"@type\":\"ImageObject\",\"inLanguage\":\"de\",\"@id\":\"https:\\\/\\\/funtana.com\\\/de\\\/marina-funtana\\\/#primaryimage\",\"url\":\"https:\\\/\\\/funtana.com\\\/wp-content\\\/uploads\\\/2024\\\/03\\\/152503147_3728408057241024_4771842286608162716_n.jpg\",\"contentUrl\":\"https:\\\/\\\/funtana.com\\\/wp-content\\\/uploads\\\/2024\\\/03\\\/152503147_3728408057241024_4771842286608162716_n.jpg\"},{\"@type\":\"BreadcrumbList\",\"@id\":\"https:\\\/\\\/funtana.com\\\/de\\\/marina-funtana\\\/#breadcrumb\",\"itemListElement\":[{\"@type\":\"ListItem\",\"position\":1,\"name\":\"Home\",\"item\":\"https:\\\/\\\/funtana.com\\\/de\\\/\"},{\"@type\":\"ListItem\",\"position\":2,\"name\":\"Marina Funtana\"}]},{\"@type\":\"WebSite\",\"@id\":\"https:\\\/\\\/funtana.com\\\/de\\\/#website\",\"url\":\"https:\\\/\\\/funtana.com\\\/de\\\/\",\"name\":\"Funtana turisti\u010dka zajednica\",\"description\":\"Willkommen in Funtana\",\"publisher\":{\"@id\":\"https:\\\/\\\/funtana.com\\\/de\\\/#organization\"},\"alternateName\":\"Turisti\u010dka zajednica Op\u0107ine Funtana\",\"potentialAction\":[{\"@type\":\"SearchAction\",\"target\":{\"@type\":\"EntryPoint\",\"urlTemplate\":\"https:\\\/\\\/funtana.com\\\/de\\\/?s={search_term_string}\"},\"query-input\":{\"@type\":\"PropertyValueSpecification\",\"valueRequired\":true,\"valueName\":\"search_term_string\"}}],\"inLanguage\":\"de\"},{\"@type\":\"Organization\",\"@id\":\"https:\\\/\\\/funtana.com\\\/de\\\/#organization\",\"name\":\"Funtana turisti\u010dka zajednica\",\"url\":\"https:\\\/\\\/funtana.com\\\/de\\\/\",\"logo\":{\"@type\":\"ImageObject\",\"inLanguage\":\"de\",\"@id\":\"https:\\\/\\\/funtana.com\\\/de\\\/#\\\/schema\\\/logo\\\/image\\\/\",\"url\":\"https:\\\/\\\/funtana.com\\\/wp-content\\\/uploads\\\/2023\\\/04\\\/cropped-funtanalogo-e1681572065284.png\",\"contentUrl\":\"https:\\\/\\\/funtana.com\\\/wp-content\\\/uploads\\\/2023\\\/04\\\/cropped-funtanalogo-e1681572065284.png\",\"width\":90,\"height\":72,\"caption\":\"Funtana turisti\u010dka zajednica\"},\"image\":{\"@id\":\"https:\\\/\\\/funtana.com\\\/de\\\/#\\\/schema\\\/logo\\\/image\\\/\"},\"sameAs\":[\"https:\\\/\\\/www.facebook.com\\\/funtanaistria\",\"https:\\\/\\\/www.instagram.com\\\/funtanaistria\\\/\"]}]}<\/script>\n<!-- \/ Yoast SEO plugin. -->","yoast_head_json":{"title":"Marina Funtana - Funtana Tourismusverband","robots":{"index":"index","follow":"follow","max-snippet":"max-snippet:-1","max-image-preview":"max-image-preview:large","max-video-preview":"max-video-preview:-1"},"canonical":"https:\/\/funtana.com\/de\/marina-funtana\/","og_locale":"de_DE","og_type":"article","og_title":"Marina Funtana - Funtana Tourismusverband","og_url":"https:\/\/funtana.com\/de\/marina-funtana\/","article_publisher":"https:\/\/www.facebook.com\/funtanaistria","article_modified_time":"2024-03-15T08:37:30+00:00","og_image":[{"url":"https:\/\/funtana.com\/wp-content\/uploads\/2024\/03\/152503147_3728408057241024_4771842286608162716_n.jpg","type":"","width":"","height":""}],"twitter_card":"summary_large_image","twitter_misc":{"Gesch\u00e4tzte Lesezeit":"3\u00a0Minuten"},"schema":{"@context":"https:\/\/schema.org","@graph":[{"@type":"WebPage","@id":"https:\/\/funtana.com\/de\/marina-funtana\/","url":"https:\/\/funtana.com\/de\/marina-funtana\/","name":"Marina Funtana - Funtana Tourismusverband","isPartOf":{"@id":"https:\/\/funtana.com\/de\/#website"},"primaryImageOfPage":{"@id":"https:\/\/funtana.com\/de\/marina-funtana\/#primaryimage"},"image":{"@id":"https:\/\/funtana.com\/de\/marina-funtana\/#primaryimage"},"thumbnailUrl":"https:\/\/funtana.com\/wp-content\/uploads\/2024\/03\/152503147_3728408057241024_4771842286608162716_n.jpg","datePublished":"2024-03-14T14:12:33+00:00","dateModified":"2024-03-15T08:37:30+00:00","breadcrumb":{"@id":"https:\/\/funtana.com\/de\/marina-funtana\/#breadcrumb"},"inLanguage":"de","potentialAction":[{"@type":"ReadAction","target":["https:\/\/funtana.com\/de\/marina-funtana\/"]}]},{"@type":"ImageObject","inLanguage":"de","@id":"https:\/\/funtana.com\/de\/marina-funtana\/#primaryimage","url":"https:\/\/funtana.com\/wp-content\/uploads\/2024\/03\/152503147_3728408057241024_4771842286608162716_n.jpg","contentUrl":"https:\/\/funtana.com\/wp-content\/uploads\/2024\/03\/152503147_3728408057241024_4771842286608162716_n.jpg"},{"@type":"BreadcrumbList","@id":"https:\/\/funtana.com\/de\/marina-funtana\/#breadcrumb","itemListElement":[{"@type":"ListItem","position":1,"name":"Home","item":"https:\/\/funtana.com\/de\/"},{"@type":"ListItem","position":2,"name":"Marina Funtana"}]},{"@type":"WebSite","@id":"https:\/\/funtana.com\/de\/#website","url":"https:\/\/funtana.com\/de\/","name":"Funtana turisti\u010dka zajednica","description":"Willkommen in Funtana","publisher":{"@id":"https:\/\/funtana.com\/de\/#organization"},"alternateName":"Turisti\u010dka zajednica Op\u0107ine Funtana","potentialAction":[{"@type":"SearchAction","target":{"@type":"EntryPoint","urlTemplate":"https:\/\/funtana.com\/de\/?s={search_term_string}"},"query-input":{"@type":"PropertyValueSpecification","valueRequired":true,"valueName":"search_term_string"}}],"inLanguage":"de"},{"@type":"Organization","@id":"https:\/\/funtana.com\/de\/#organization","name":"Funtana turisti\u010dka zajednica","url":"https:\/\/funtana.com\/de\/","logo":{"@type":"ImageObject","inLanguage":"de","@id":"https:\/\/funtana.com\/de\/#\/schema\/logo\/image\/","url":"https:\/\/funtana.com\/wp-content\/uploads\/2023\/04\/cropped-funtanalogo-e1681572065284.png","contentUrl":"https:\/\/funtana.com\/wp-content\/uploads\/2023\/04\/cropped-funtanalogo-e1681572065284.png","width":90,"height":72,"caption":"Funtana turisti\u010dka zajednica"},"image":{"@id":"https:\/\/funtana.com\/de\/#\/schema\/logo\/image\/"},"sameAs":["https:\/\/www.facebook.com\/funtanaistria","https:\/\/www.instagram.com\/funtanaistria\/"]}]}},"publishpress_future_action":{"enabled":false,"date":"2026-05-17 13:07:05","action":"change-status","newStatus":"draft","terms":[],"taxonomy":"translation_priority","extraData":[]},"publishpress_future_workflow_manual_trigger":{"enabledWorkflows":[]},"_links":{"self":[{"href":"https:\/\/funtana.com\/de\/wp-json\/wp\/v2\/pages\/18455","targetHints":{"allow":["GET"]}}],"collection":[{"href":"https:\/\/funtana.com\/de\/wp-json\/wp\/v2\/pages"}],"about":[{"href":"https:\/\/funtana.com\/de\/wp-json\/wp\/v2\/types\/page"}],"author":[{"embeddable":true,"href":"https:\/\/funtana.com\/de\/wp-json\/wp\/v2\/users\/1"}],"replies":[{"embeddable":true,"href":"https:\/\/funtana.com\/de\/wp-json\/wp\/v2\/comments?post=18455"}],"version-history":[{"count":1,"href":"https:\/\/funtana.com\/de\/wp-json\/wp\/v2\/pages\/18455\/revisions"}],"predecessor-version":[{"id":18467,"href":"https:\/\/funtana.com\/de\/wp-json\/wp\/v2\/pages\/18455\/revisions\/18467"}],"wp:attachment":[{"href":"https:\/\/funtana.com\/de\/wp-json\/wp\/v2\/media?parent=18455"}],"curies":[{"name":"wp","href":"https:\/\/api.w.org\/{rel}","templated":true}]}}