{"id":18451,"date":"2024-03-14T11:57:02","date_gmt":"2024-03-14T11:57:02","guid":{"rendered":"https:\/\/nova.funtana.com\/tourist-agencies-in-funtana\/"},"modified":"2024-07-11T09:33:41","modified_gmt":"2024-07-11T09:33:41","slug":"reiseagenturen-in-funtana","status":"publish","type":"page","link":"https:\/\/funtana.com\/de\/reiseagenturen-in-funtana\/","title":{"rendered":"Reiseagenturen in Funtana"},"content":{"rendered":"\n<p><a href=\"https:\/\/funtana.com\/wp-content\/uploads\/2014\/03\/sl_040311114846.jpg\"><\/a><\/p>\n\n\n\n<div class=\"wp-block-citadela-blocks-custom-container citadela-block-custom-container size-fullwidth bg-type-none inside-space-none\"><div class=\"inner-holder\">         <div \r\n            class=\"citadela-block-responsive-text align-center\"\r\n                                 >\r\n            <h1 class=\"inner-tag\" style=\"color: #67afdf;\"><\/h1>         <\/div>\r\n      \n\n\n<div class=\"wp-block-cover is-light has-custom-content-position is-position-top-center has-white-color has-text-color has-link-color wp-elements-f67b7c82fd85895596e4445345365053\"><span aria-hidden=\"true\" class=\"wp-block-cover__background has-background-dim-0 has-background-dim\"><\/span><img loading=\"lazy\" decoding=\"async\" width=\"1920\" height=\"1278\" class=\"wp-block-cover__image-background wp-image-17320\" alt=\"\" src=\"https:\/\/funtana.com\/wp-content\/uploads\/2024\/03\/FUNTANA-2021-00007.jpg\" style=\"object-position:52% 12%\" data-object-fit=\"cover\" data-object-position=\"52% 12%\" srcset=\"https:\/\/funtana.com\/wp-content\/uploads\/2024\/03\/FUNTANA-2021-00007.jpg 1920w, https:\/\/funtana.com\/wp-content\/uploads\/2024\/03\/FUNTANA-2021-00007-300x200.jpg 300w, https:\/\/funtana.com\/wp-content\/uploads\/2024\/03\/FUNTANA-2021-00007-1024x682.jpg 1024w, https:\/\/funtana.com\/wp-content\/uploads\/2024\/03\/FUNTANA-2021-00007-768x511.jpg 768w, https:\/\/funtana.com\/wp-content\/uploads\/2024\/03\/FUNTANA-2021-00007-50x33.jpg 50w, https:\/\/funtana.com\/wp-content\/uploads\/2024\/03\/FUNTANA-2021-00007-1600x1065.jpg 1600w, https:\/\/funtana.com\/wp-content\/uploads\/2024\/03\/FUNTANA-2021-00007-1536x1022.jpg 1536w\" sizes=\"auto, (max-width: 1920px) 100vw, 1920px\" \/><div class=\"wp-block-cover__inner-container is-layout-constrained wp-block-cover-is-layout-constrained\">\n<p class=\"has-text-align-center has-white-color has-text-color has-background has-link-color has-large-font-size wp-elements-098ffefce274d070c945b90aedc0d271\" style=\"background-color:#ffffff21;font-style:normal;font-weight:700\">Reiseagenturen in Funtana<\/p>\n<\/div><\/div>\n\n\n\n<p><\/p>\n\n\n\n<p>In Funtana gibt es mehrere Reiseagenturen, die hochwertige Pr\u00e4sentationen und den Verkauf von Unterk\u00fcnften und anderen Tourismusprodukten anbieten.<\/p>\n\n\n\n<p>Die Hauptt\u00e4tigkeit der Agenturen ist die Vermietung von Zimmern und Appartements, aber daneben bieten sie auch eine Reihe anderer Leistungen an:<\/p>\n\n\n\n<ul class=\"wp-block-list\">\n<li>Wechselstuben<\/li>\n\n\n\n<li>Verkauf von Souvenirs und Ansichtskarten<\/li>\n\n\n\n<li>Ausgabe von Fischereigenehmigungen<\/li>\n<\/ul>\n\n\n\n<p>\u2013 Fahrradverleih sowie eine breite Palette an Ausfl\u00fcgen:<\/p>\n\n\n\n<ul class=\"wp-block-list\">\n<li>&nbsp;<\/li>\n\n\n\n<li>Brijuni<\/li>\n\n\n\n<li>Plitvicer Seen<\/li>\n\n\n\n<li>Venedig<\/li>\n\n\n\n<li>Off-Road-Touren durch Istrien<\/li>\n<\/ul>\n\n\n\n<p>Zimmer und Appartements verschiedener Gr\u00f6\u00dfen und Kategorien in Privath\u00e4usern k\u00f6nnen Sie mit Hilfe folgender Reiseagenturen reservieren\u2026<\/p>\n\n\n\n<div class=\"wp-block-columns is-layout-flex wp-container-core-columns-is-layout-9d6595d7 wp-block-columns-is-layout-flex\">\n<div class=\"wp-block-column is-vertically-aligned-top is-layout-flow wp-block-column-is-layout-flow\" style=\"flex-basis:40%\">\n<p><\/p>\n\n\n\n<ul class=\"wp-block-list\">\n<li><strong>4\u00d74 PERFORMANCE Pod Ka\u0161telom 2<br><\/strong>Funtana 52452<br><strong>T:<\/strong> +385 52 428 564<br><strong>F:<\/strong> +385 95 9500 500<br><strong>E:<\/strong> <a href=\"mailto:performance@4x4.hr\" target=\"_blank\" rel=\"noreferrer noopener\">performance@4\u00d74.hr<\/a><br><a href=\"http:\/\/www.4x4.hr\">http:\/\/www.4\u00d74.hr<\/a><br><\/li>\n\n\n\n<li><strong>Funtana Istarska 2a<\/strong><br>52452 Funtana<br><strong>T:<\/strong> +385 52 445 045<br><strong>F:<\/strong> 052 445 045<br><strong>E:<\/strong> <a href=\"mailto:info.funtana@jelena.hr\" target=\"_blank\" rel=\"noreferrer noopener\">info.funtana@jelena.hr<\/a><br><a href=\"http:\/\/www.jelena.hr\/\" target=\"_blank\" rel=\"noreferrer noopener\">www.jelena.hr<\/a><br><\/li>\n\n\n\n<li><strong>Istra Expert, A. Ga\u0161parini 18<br><\/strong><a href=\"http:\/\/www.istra-expert.hr\">www.istra-expert.hr<br><\/a>Tel: +385 (0)91 301 3333<br>e-mail: <a href=\"mailto:info@istra-expert.hr\">info@istra-expert.hr<\/a><br><\/li>\n\n\n\n<li><strong>KORI Istarska 1a<br><\/strong>Funtana 52452<br><strong>T:<\/strong> +385 52 428 645<br><strong>F:<\/strong> +385 52 428 646<br><strong>E:<\/strong> <a href=\"mailto:kori@pu.t-com.hr\" target=\"_blank\" rel=\"noreferrer noopener\">kori@pu.t-com.hr<\/a><br><a href=\"http:\/\/www.kori-funtana.net\/\" target=\"_blank\" rel=\"noreferrer noopener\">http:\/\/www.kori-funtana.net<\/a><br><\/li>\n\n\n\n<li><strong>LINET Ribarska 2<br><\/strong>Funtana 52452<br><strong>T:<\/strong> +385 52 445 012<br><strong>F:<\/strong> +385 52 445 090<br><strong>E:<\/strong> <a href=\"mailto:linet@pu.t-com.hr\" target=\"_blank\" rel=\"noreferrer noopener\">linet@pu.t-com.hr<\/a><br><a href=\"http:\/\/www.apartments-linet.com\" target=\"_blank\" rel=\"noreferrer noopener\">http:\/\/www.apartments-linet.com<\/a><\/li>\n<\/ul>\n<\/div>\n\n\n\n<div class=\"wp-block-column is-vertically-aligned-center is-layout-flow wp-block-column-is-layout-flow\" style=\"flex-basis:60%\">\n<figure class=\"wp-block-gallery alignfull has-nested-images columns-2 is-cropped wp-block-gallery-1 is-layout-flex wp-block-gallery-is-layout-flex\">\n<figure data-wp-context=\"{&quot;imageId&quot;:&quot;6a0083851dc26&quot;}\" data-wp-interactive=\"core\/image\" data-wp-key=\"6a0083851dc26\" class=\"wp-block-image size-citadela_service wp-lightbox-container\"><img loading=\"lazy\" decoding=\"async\" width=\"480\" height=\"360\" data-wp-class--hide=\"state.isContentHidden\" data-wp-class--show=\"state.isContentVisible\" data-wp-init=\"callbacks.setButtonStyles\" data-wp-on--click=\"actions.showLightbox\" data-wp-on--load=\"callbacks.setButtonStyles\" data-wp-on-window--resize=\"callbacks.setButtonStyles\" data-id=\"17359\" src=\"https:\/\/funtana.com\/wp-content\/uploads\/2024\/03\/FUNTANA-202101308-1-480x360.jpg\" alt=\"\" class=\"wp-image-17359\" srcset=\"https:\/\/funtana.com\/wp-content\/uploads\/2024\/03\/FUNTANA-202101308-1-480x360.jpg 480w, https:\/\/funtana.com\/wp-content\/uploads\/2024\/03\/FUNTANA-202101308-1-640x480.jpg 640w\" sizes=\"auto, (max-width: 480px) 100vw, 480px\" \/><button\n\t\t\tclass=\"lightbox-trigger\"\n\t\t\ttype=\"button\"\n\t\t\taria-haspopup=\"dialog\"\n\t\t\taria-label=\"Vergr\u00f6\u00dfern\"\n\t\t\tdata-wp-init=\"callbacks.initTriggerButton\"\n\t\t\tdata-wp-on--click=\"actions.showLightbox\"\n\t\t\tdata-wp-style--right=\"state.imageButtonRight\"\n\t\t\tdata-wp-style--top=\"state.imageButtonTop\"\n\t\t>\n\t\t\t<svg xmlns=\"http:\/\/www.w3.org\/2000\/svg\" width=\"12\" height=\"12\" fill=\"none\" viewBox=\"0 0 12 12\">\n\t\t\t\t<path fill=\"#fff\" d=\"M2 0a2 2 0 0 0-2 2v2h1.5V2a.5.5 0 0 1 .5-.5h2V0H2Zm2 10.5H2a.5.5 0 0 1-.5-.5V8H0v2a2 2 0 0 0 2 2h2v-1.5ZM8 12v-1.5h2a.5.5 0 0 0 .5-.5V8H12v2a2 2 0 0 1-2 2H8Zm2-12a2 2 0 0 1 2 2v2h-1.5V2a.5.5 0 0 0-.5-.5H8V0h2Z\" \/>\n\t\t\t<\/svg>\n\t\t<\/button><\/figure>\n\n\n\n<figure data-wp-context=\"{&quot;imageId&quot;:&quot;6a0083851e251&quot;}\" data-wp-interactive=\"core\/image\" data-wp-key=\"6a0083851e251\" class=\"wp-block-image size-citadela_service wp-lightbox-container\"><img loading=\"lazy\" decoding=\"async\" width=\"480\" height=\"360\" data-wp-class--hide=\"state.isContentHidden\" data-wp-class--show=\"state.isContentVisible\" data-wp-init=\"callbacks.setButtonStyles\" data-wp-on--click=\"actions.showLightbox\" data-wp-on--load=\"callbacks.setButtonStyles\" data-wp-on-window--resize=\"callbacks.setButtonStyles\" data-id=\"17354\" src=\"https:\/\/funtana.com\/wp-content\/uploads\/2024\/03\/FUNTANA-202101135-1-1-480x360.jpg\" alt=\"\" class=\"wp-image-17354\" srcset=\"https:\/\/funtana.com\/wp-content\/uploads\/2024\/03\/FUNTANA-202101135-1-1-480x360.jpg 480w, https:\/\/funtana.com\/wp-content\/uploads\/2024\/03\/FUNTANA-202101135-1-1-640x480.jpg 640w\" sizes=\"auto, (max-width: 480px) 100vw, 480px\" \/><button\n\t\t\tclass=\"lightbox-trigger\"\n\t\t\ttype=\"button\"\n\t\t\taria-haspopup=\"dialog\"\n\t\t\taria-label=\"Vergr\u00f6\u00dfern\"\n\t\t\tdata-wp-init=\"callbacks.initTriggerButton\"\n\t\t\tdata-wp-on--click=\"actions.showLightbox\"\n\t\t\tdata-wp-style--right=\"state.imageButtonRight\"\n\t\t\tdata-wp-style--top=\"state.imageButtonTop\"\n\t\t>\n\t\t\t<svg xmlns=\"http:\/\/www.w3.org\/2000\/svg\" width=\"12\" height=\"12\" fill=\"none\" viewBox=\"0 0 12 12\">\n\t\t\t\t<path fill=\"#fff\" d=\"M2 0a2 2 0 0 0-2 2v2h1.5V2a.5.5 0 0 1 .5-.5h2V0H2Zm2 10.5H2a.5.5 0 0 1-.5-.5V8H0v2a2 2 0 0 0 2 2h2v-1.5ZM8 12v-1.5h2a.5.5 0 0 0 .5-.5V8H12v2a2 2 0 0 1-2 2H8Zm2-12a2 2 0 0 1 2 2v2h-1.5V2a.5.5 0 0 0-.5-.5H8V0h2Z\" \/>\n\t\t\t<\/svg>\n\t\t<\/button><\/figure>\n\n\n\n<figure data-wp-context=\"{&quot;imageId&quot;:&quot;6a0083851e6d8&quot;}\" data-wp-interactive=\"core\/image\" data-wp-key=\"6a0083851e6d8\" class=\"wp-block-image size-citadela_service wp-lightbox-container\"><img loading=\"lazy\" decoding=\"async\" width=\"480\" height=\"360\" data-wp-class--hide=\"state.isContentHidden\" data-wp-class--show=\"state.isContentVisible\" data-wp-init=\"callbacks.setButtonStyles\" data-wp-on--click=\"actions.showLightbox\" data-wp-on--load=\"callbacks.setButtonStyles\" data-wp-on-window--resize=\"callbacks.setButtonStyles\" data-id=\"17344\" src=\"https:\/\/funtana.com\/wp-content\/uploads\/2024\/03\/FUNTANA-2021-00032-480x360.jpg\" alt=\"\" class=\"wp-image-17344\" srcset=\"https:\/\/funtana.com\/wp-content\/uploads\/2024\/03\/FUNTANA-2021-00032-480x360.jpg 480w, https:\/\/funtana.com\/wp-content\/uploads\/2024\/03\/FUNTANA-2021-00032-300x225.jpg 300w, https:\/\/funtana.com\/wp-content\/uploads\/2024\/03\/FUNTANA-2021-00032-1024x767.jpg 1024w, https:\/\/funtana.com\/wp-content\/uploads\/2024\/03\/FUNTANA-2021-00032-768x575.jpg 768w, https:\/\/funtana.com\/wp-content\/uploads\/2024\/03\/FUNTANA-2021-00032-50x37.jpg 50w, https:\/\/funtana.com\/wp-content\/uploads\/2024\/03\/FUNTANA-2021-00032-1600x1198.jpg 1600w, https:\/\/funtana.com\/wp-content\/uploads\/2024\/03\/FUNTANA-2021-00032-1536x1150.jpg 1536w, https:\/\/funtana.com\/wp-content\/uploads\/2024\/03\/FUNTANA-2021-00032-640x480.jpg 640w, https:\/\/funtana.com\/wp-content\/uploads\/2024\/03\/FUNTANA-2021-00032.jpg 1920w\" sizes=\"auto, (max-width: 480px) 100vw, 480px\" \/><button\n\t\t\tclass=\"lightbox-trigger\"\n\t\t\ttype=\"button\"\n\t\t\taria-haspopup=\"dialog\"\n\t\t\taria-label=\"Vergr\u00f6\u00dfern\"\n\t\t\tdata-wp-init=\"callbacks.initTriggerButton\"\n\t\t\tdata-wp-on--click=\"actions.showLightbox\"\n\t\t\tdata-wp-style--right=\"state.imageButtonRight\"\n\t\t\tdata-wp-style--top=\"state.imageButtonTop\"\n\t\t>\n\t\t\t<svg xmlns=\"http:\/\/www.w3.org\/2000\/svg\" width=\"12\" height=\"12\" fill=\"none\" viewBox=\"0 0 12 12\">\n\t\t\t\t<path fill=\"#fff\" d=\"M2 0a2 2 0 0 0-2 2v2h1.5V2a.5.5 0 0 1 .5-.5h2V0H2Zm2 10.5H2a.5.5 0 0 1-.5-.5V8H0v2a2 2 0 0 0 2 2h2v-1.5ZM8 12v-1.5h2a.5.5 0 0 0 .5-.5V8H12v2a2 2 0 0 1-2 2H8Zm2-12a2 2 0 0 1 2 2v2h-1.5V2a.5.5 0 0 0-.5-.5H8V0h2Z\" \/>\n\t\t\t<\/svg>\n\t\t<\/button><\/figure>\n\n\n\n<figure data-wp-context=\"{&quot;imageId&quot;:&quot;6a0083851eb3f&quot;}\" data-wp-interactive=\"core\/image\" data-wp-key=\"6a0083851eb3f\" class=\"wp-block-image size-citadela_service wp-lightbox-container\"><img loading=\"lazy\" decoding=\"async\" width=\"480\" height=\"360\" data-wp-class--hide=\"state.isContentHidden\" data-wp-class--show=\"state.isContentVisible\" data-wp-init=\"callbacks.setButtonStyles\" data-wp-on--click=\"actions.showLightbox\" data-wp-on--load=\"callbacks.setButtonStyles\" data-wp-on-window--resize=\"callbacks.setButtonStyles\" data-id=\"17329\" src=\"https:\/\/funtana.com\/wp-content\/uploads\/2024\/03\/FUNTANA-2021-00006-5-480x360.jpg\" alt=\"\" class=\"wp-image-17329\" srcset=\"https:\/\/funtana.com\/wp-content\/uploads\/2024\/03\/FUNTANA-2021-00006-5-480x360.jpg 480w, https:\/\/funtana.com\/wp-content\/uploads\/2024\/03\/FUNTANA-2021-00006-5-640x480.jpg 640w\" sizes=\"auto, (max-width: 480px) 100vw, 480px\" \/><button\n\t\t\tclass=\"lightbox-trigger\"\n\t\t\ttype=\"button\"\n\t\t\taria-haspopup=\"dialog\"\n\t\t\taria-label=\"Vergr\u00f6\u00dfern\"\n\t\t\tdata-wp-init=\"callbacks.initTriggerButton\"\n\t\t\tdata-wp-on--click=\"actions.showLightbox\"\n\t\t\tdata-wp-style--right=\"state.imageButtonRight\"\n\t\t\tdata-wp-style--top=\"state.imageButtonTop\"\n\t\t>\n\t\t\t<svg xmlns=\"http:\/\/www.w3.org\/2000\/svg\" width=\"12\" height=\"12\" fill=\"none\" viewBox=\"0 0 12 12\">\n\t\t\t\t<path fill=\"#fff\" d=\"M2 0a2 2 0 0 0-2 2v2h1.5V2a.5.5 0 0 1 .5-.5h2V0H2Zm2 10.5H2a.5.5 0 0 1-.5-.5V8H0v2a2 2 0 0 0 2 2h2v-1.5ZM8 12v-1.5h2a.5.5 0 0 0 .5-.5V8H12v2a2 2 0 0 1-2 2H8Zm2-12a2 2 0 0 1 2 2v2h-1.5V2a.5.5 0 0 0-.5-.5H8V0h2Z\" \/>\n\t\t\t<\/svg>\n\t\t<\/button><\/figure>\n\n\n\n<figure class=\"wp-block-image size-citadela_service\"><img loading=\"lazy\" decoding=\"async\" width=\"480\" height=\"360\" data-id=\"17334\" src=\"https:\/\/funtana.com\/wp-content\/uploads\/2024\/03\/FUNTANA-2021-00018-5-480x360.jpg\" alt=\"\" class=\"wp-image-17334\" srcset=\"https:\/\/funtana.com\/wp-content\/uploads\/2024\/03\/FUNTANA-2021-00018-5-480x360.jpg 480w, https:\/\/funtana.com\/wp-content\/uploads\/2024\/03\/FUNTANA-2021-00018-5-640x480.jpg 640w\" sizes=\"auto, (max-width: 480px) 100vw, 480px\" \/><\/figure>\n\n\n\n<figure data-wp-context=\"{&quot;imageId&quot;:&quot;6a0083851f160&quot;}\" data-wp-interactive=\"core\/image\" data-wp-key=\"6a0083851f160\" class=\"wp-block-image size-citadela_service wp-lightbox-container\"><img loading=\"lazy\" decoding=\"async\" width=\"480\" height=\"360\" data-wp-class--hide=\"state.isContentHidden\" data-wp-class--show=\"state.isContentVisible\" data-wp-init=\"callbacks.setButtonStyles\" data-wp-on--click=\"actions.showLightbox\" data-wp-on--load=\"callbacks.setButtonStyles\" data-wp-on-window--resize=\"callbacks.setButtonStyles\" data-id=\"17339\" src=\"https:\/\/funtana.com\/wp-content\/uploads\/2024\/03\/FUNTANA-2021-00012-480x360.jpg\" alt=\"\" class=\"wp-image-17339\" srcset=\"https:\/\/funtana.com\/wp-content\/uploads\/2024\/03\/FUNTANA-2021-00012-480x360.jpg 480w, https:\/\/funtana.com\/wp-content\/uploads\/2024\/03\/FUNTANA-2021-00012-640x480.jpg 640w\" sizes=\"auto, (max-width: 480px) 100vw, 480px\" \/><button\n\t\t\tclass=\"lightbox-trigger\"\n\t\t\ttype=\"button\"\n\t\t\taria-haspopup=\"dialog\"\n\t\t\taria-label=\"Vergr\u00f6\u00dfern\"\n\t\t\tdata-wp-init=\"callbacks.initTriggerButton\"\n\t\t\tdata-wp-on--click=\"actions.showLightbox\"\n\t\t\tdata-wp-style--right=\"state.imageButtonRight\"\n\t\t\tdata-wp-style--top=\"state.imageButtonTop\"\n\t\t>\n\t\t\t<svg xmlns=\"http:\/\/www.w3.org\/2000\/svg\" width=\"12\" height=\"12\" fill=\"none\" viewBox=\"0 0 12 12\">\n\t\t\t\t<path fill=\"#fff\" d=\"M2 0a2 2 0 0 0-2 2v2h1.5V2a.5.5 0 0 1 .5-.5h2V0H2Zm2 10.5H2a.5.5 0 0 1-.5-.5V8H0v2a2 2 0 0 0 2 2h2v-1.5ZM8 12v-1.5h2a.5.5 0 0 0 .5-.5V8H12v2a2 2 0 0 1-2 2H8Zm2-12a2 2 0 0 1 2 2v2h-1.5V2a.5.5 0 0 0-.5-.5H8V0h2Z\" \/>\n\t\t\t<\/svg>\n\t\t<\/button><\/figure>\n<\/figure>\n<\/div>\n<\/div>\n\n\n\n<p><\/p>\n\n\n\n<p><\/p>\n\n\n\n<h3 class=\"wp-block-heading has-vivid-cyan-blue-color has-text-color has-link-color wp-elements-6af419a7917ae37441d66beacac91c59\"><\/h3>\n\n\n\n<div class=\"wp-block-citadela-blocks-spacer citadela-block-spacer\"><div class=\"inner-holder\" style=\"padding-top:3em\"><\/div><\/div>\n<\/div><\/div>\n","protected":false},"excerpt":{"rendered":"","protected":false},"author":1,"featured_media":0,"parent":0,"menu_order":0,"comment_status":"closed","ping_status":"closed","template":"page-templates\/right-sidebar.php","meta":{"loftloader_page_shortcode":"","_citadela_hide_page_title":"1","_citadela_remove_header_space":"1","_citadela_custom_class":"","_citadela_half_map_provider":"","_citadela_half_map_theme":"","_citadela_half_map_themeOSM":"","_citadela_half_map_customTheme":"","_citadela_half_map_dataType":"","_citadela_half_map_dynamicTrack":false,"_citadela_half_map_trackColor":"","_citadela_half_map_trackEndpointsColor":"","_citadela_half_map_filterCategory":"","_citadela_half_map_filterLocation":"","_citadela_half_map_filterFeatured":false,"_citadela_half_map_noDataBehavior":"empty-map","_citadela_half_map_noDataText":"","_citadela_half_map_clusterGridSize":80,"_citadela_header":false,"_citadela_header_over_content":false,"_citadela_header_text_color":"","_citadela_header_logo":[],"_citadela_header_bg_image":[],"_citadela_header_bg_position":{"x":0.5,"y":0.5},"_citadela_header_bg_size":"cover","_citadela_header_bg_repeat":"no-repeat","_citadela_header_bg_fixed":false,"_citadela_header_bg_color":"","_citadela_header_bg_image_overlay":"","_citadela_header_transparent_bg":false,"_citadela_content_width":"full","_citadela_half_layout_position":"","footnotes":""},"class_list":["post-18451","page","type-page","status-publish","hentry"],"yoast_head":"<!-- This site is optimized with the Yoast SEO plugin v27.5 - https:\/\/yoast.com\/product\/yoast-seo-wordpress\/ -->\n<title>Reiseagenturen in Funtana - Funtana Tourismusverband<\/title>\n<meta name=\"robots\" content=\"index, follow, max-snippet:-1, max-image-preview:large, max-video-preview:-1\" \/>\n<link rel=\"canonical\" href=\"https:\/\/funtana.com\/de\/reiseagenturen-in-funtana\/\" \/>\n<meta property=\"og:locale\" content=\"de_DE\" \/>\n<meta property=\"og:type\" content=\"article\" \/>\n<meta property=\"og:title\" content=\"Reiseagenturen in Funtana - Funtana Tourismusverband\" \/>\n<meta property=\"og:url\" content=\"https:\/\/funtana.com\/de\/reiseagenturen-in-funtana\/\" \/>\n<meta property=\"article:publisher\" content=\"https:\/\/www.facebook.com\/funtanaistria\" \/>\n<meta property=\"article:modified_time\" content=\"2024-07-11T09:33:41+00:00\" \/>\n<meta property=\"og:image\" content=\"https:\/\/funtana.com\/wp-content\/uploads\/2024\/03\/FUNTANA-2021-00007.jpg\" \/>\n<meta name=\"twitter:card\" content=\"summary_large_image\" \/>\n<meta name=\"twitter:label1\" content=\"Gesch\u00e4tzte Lesezeit\" \/>\n\t<meta name=\"twitter:data1\" content=\"3\u00a0Minuten\" \/>\n<script type=\"application\/ld+json\" class=\"yoast-schema-graph\">{\"@context\":\"https:\\\/\\\/schema.org\",\"@graph\":[{\"@type\":\"WebPage\",\"@id\":\"https:\\\/\\\/funtana.com\\\/de\\\/reiseagenturen-in-funtana\\\/\",\"url\":\"https:\\\/\\\/funtana.com\\\/de\\\/reiseagenturen-in-funtana\\\/\",\"name\":\"Reiseagenturen in Funtana - Funtana Tourismusverband\",\"isPartOf\":{\"@id\":\"https:\\\/\\\/funtana.com\\\/de\\\/#website\"},\"primaryImageOfPage\":{\"@id\":\"https:\\\/\\\/funtana.com\\\/de\\\/reiseagenturen-in-funtana\\\/#primaryimage\"},\"image\":{\"@id\":\"https:\\\/\\\/funtana.com\\\/de\\\/reiseagenturen-in-funtana\\\/#primaryimage\"},\"thumbnailUrl\":\"https:\\\/\\\/funtana.com\\\/wp-content\\\/uploads\\\/2024\\\/03\\\/FUNTANA-2021-00007.jpg\",\"datePublished\":\"2024-03-14T11:57:02+00:00\",\"dateModified\":\"2024-07-11T09:33:41+00:00\",\"breadcrumb\":{\"@id\":\"https:\\\/\\\/funtana.com\\\/de\\\/reiseagenturen-in-funtana\\\/#breadcrumb\"},\"inLanguage\":\"de\",\"potentialAction\":[{\"@type\":\"ReadAction\",\"target\":[\"https:\\\/\\\/funtana.com\\\/de\\\/reiseagenturen-in-funtana\\\/\"]}]},{\"@type\":\"ImageObject\",\"inLanguage\":\"de\",\"@id\":\"https:\\\/\\\/funtana.com\\\/de\\\/reiseagenturen-in-funtana\\\/#primaryimage\",\"url\":\"https:\\\/\\\/funtana.com\\\/wp-content\\\/uploads\\\/2024\\\/03\\\/FUNTANA-2021-00007.jpg\",\"contentUrl\":\"https:\\\/\\\/funtana.com\\\/wp-content\\\/uploads\\\/2024\\\/03\\\/FUNTANA-2021-00007.jpg\"},{\"@type\":\"BreadcrumbList\",\"@id\":\"https:\\\/\\\/funtana.com\\\/de\\\/reiseagenturen-in-funtana\\\/#breadcrumb\",\"itemListElement\":[{\"@type\":\"ListItem\",\"position\":1,\"name\":\"Home\",\"item\":\"https:\\\/\\\/funtana.com\\\/de\\\/\"},{\"@type\":\"ListItem\",\"position\":2,\"name\":\"Reiseagenturen in Funtana\"}]},{\"@type\":\"WebSite\",\"@id\":\"https:\\\/\\\/funtana.com\\\/de\\\/#website\",\"url\":\"https:\\\/\\\/funtana.com\\\/de\\\/\",\"name\":\"Funtana turisti\u010dka zajednica\",\"description\":\"Willkommen in Funtana\",\"publisher\":{\"@id\":\"https:\\\/\\\/funtana.com\\\/de\\\/#organization\"},\"alternateName\":\"Turisti\u010dka zajednica Op\u0107ine Funtana\",\"potentialAction\":[{\"@type\":\"SearchAction\",\"target\":{\"@type\":\"EntryPoint\",\"urlTemplate\":\"https:\\\/\\\/funtana.com\\\/de\\\/?s={search_term_string}\"},\"query-input\":{\"@type\":\"PropertyValueSpecification\",\"valueRequired\":true,\"valueName\":\"search_term_string\"}}],\"inLanguage\":\"de\"},{\"@type\":\"Organization\",\"@id\":\"https:\\\/\\\/funtana.com\\\/de\\\/#organization\",\"name\":\"Funtana turisti\u010dka zajednica\",\"url\":\"https:\\\/\\\/funtana.com\\\/de\\\/\",\"logo\":{\"@type\":\"ImageObject\",\"inLanguage\":\"de\",\"@id\":\"https:\\\/\\\/funtana.com\\\/de\\\/#\\\/schema\\\/logo\\\/image\\\/\",\"url\":\"https:\\\/\\\/funtana.com\\\/wp-content\\\/uploads\\\/2023\\\/04\\\/cropped-funtanalogo-e1681572065284.png\",\"contentUrl\":\"https:\\\/\\\/funtana.com\\\/wp-content\\\/uploads\\\/2023\\\/04\\\/cropped-funtanalogo-e1681572065284.png\",\"width\":90,\"height\":72,\"caption\":\"Funtana turisti\u010dka zajednica\"},\"image\":{\"@id\":\"https:\\\/\\\/funtana.com\\\/de\\\/#\\\/schema\\\/logo\\\/image\\\/\"},\"sameAs\":[\"https:\\\/\\\/www.facebook.com\\\/funtanaistria\",\"https:\\\/\\\/www.instagram.com\\\/funtanaistria\\\/\"]}]}<\/script>\n<!-- \/ Yoast SEO plugin. -->","yoast_head_json":{"title":"Reiseagenturen in Funtana - Funtana Tourismusverband","robots":{"index":"index","follow":"follow","max-snippet":"max-snippet:-1","max-image-preview":"max-image-preview:large","max-video-preview":"max-video-preview:-1"},"canonical":"https:\/\/funtana.com\/de\/reiseagenturen-in-funtana\/","og_locale":"de_DE","og_type":"article","og_title":"Reiseagenturen in Funtana - Funtana Tourismusverband","og_url":"https:\/\/funtana.com\/de\/reiseagenturen-in-funtana\/","article_publisher":"https:\/\/www.facebook.com\/funtanaistria","article_modified_time":"2024-07-11T09:33:41+00:00","og_image":[{"url":"https:\/\/funtana.com\/wp-content\/uploads\/2024\/03\/FUNTANA-2021-00007.jpg","type":"","width":"","height":""}],"twitter_card":"summary_large_image","twitter_misc":{"Gesch\u00e4tzte Lesezeit":"3\u00a0Minuten"},"schema":{"@context":"https:\/\/schema.org","@graph":[{"@type":"WebPage","@id":"https:\/\/funtana.com\/de\/reiseagenturen-in-funtana\/","url":"https:\/\/funtana.com\/de\/reiseagenturen-in-funtana\/","name":"Reiseagenturen in Funtana - Funtana Tourismusverband","isPartOf":{"@id":"https:\/\/funtana.com\/de\/#website"},"primaryImageOfPage":{"@id":"https:\/\/funtana.com\/de\/reiseagenturen-in-funtana\/#primaryimage"},"image":{"@id":"https:\/\/funtana.com\/de\/reiseagenturen-in-funtana\/#primaryimage"},"thumbnailUrl":"https:\/\/funtana.com\/wp-content\/uploads\/2024\/03\/FUNTANA-2021-00007.jpg","datePublished":"2024-03-14T11:57:02+00:00","dateModified":"2024-07-11T09:33:41+00:00","breadcrumb":{"@id":"https:\/\/funtana.com\/de\/reiseagenturen-in-funtana\/#breadcrumb"},"inLanguage":"de","potentialAction":[{"@type":"ReadAction","target":["https:\/\/funtana.com\/de\/reiseagenturen-in-funtana\/"]}]},{"@type":"ImageObject","inLanguage":"de","@id":"https:\/\/funtana.com\/de\/reiseagenturen-in-funtana\/#primaryimage","url":"https:\/\/funtana.com\/wp-content\/uploads\/2024\/03\/FUNTANA-2021-00007.jpg","contentUrl":"https:\/\/funtana.com\/wp-content\/uploads\/2024\/03\/FUNTANA-2021-00007.jpg"},{"@type":"BreadcrumbList","@id":"https:\/\/funtana.com\/de\/reiseagenturen-in-funtana\/#breadcrumb","itemListElement":[{"@type":"ListItem","position":1,"name":"Home","item":"https:\/\/funtana.com\/de\/"},{"@type":"ListItem","position":2,"name":"Reiseagenturen in Funtana"}]},{"@type":"WebSite","@id":"https:\/\/funtana.com\/de\/#website","url":"https:\/\/funtana.com\/de\/","name":"Funtana turisti\u010dka zajednica","description":"Willkommen in Funtana","publisher":{"@id":"https:\/\/funtana.com\/de\/#organization"},"alternateName":"Turisti\u010dka zajednica Op\u0107ine Funtana","potentialAction":[{"@type":"SearchAction","target":{"@type":"EntryPoint","urlTemplate":"https:\/\/funtana.com\/de\/?s={search_term_string}"},"query-input":{"@type":"PropertyValueSpecification","valueRequired":true,"valueName":"search_term_string"}}],"inLanguage":"de"},{"@type":"Organization","@id":"https:\/\/funtana.com\/de\/#organization","name":"Funtana turisti\u010dka zajednica","url":"https:\/\/funtana.com\/de\/","logo":{"@type":"ImageObject","inLanguage":"de","@id":"https:\/\/funtana.com\/de\/#\/schema\/logo\/image\/","url":"https:\/\/funtana.com\/wp-content\/uploads\/2023\/04\/cropped-funtanalogo-e1681572065284.png","contentUrl":"https:\/\/funtana.com\/wp-content\/uploads\/2023\/04\/cropped-funtanalogo-e1681572065284.png","width":90,"height":72,"caption":"Funtana turisti\u010dka zajednica"},"image":{"@id":"https:\/\/funtana.com\/de\/#\/schema\/logo\/image\/"},"sameAs":["https:\/\/www.facebook.com\/funtanaistria","https:\/\/www.instagram.com\/funtanaistria\/"]}]}},"publishpress_future_action":{"enabled":false,"date":"2026-05-17 13:09:25","action":"change-status","newStatus":"draft","terms":[],"taxonomy":"translation_priority","extraData":[]},"publishpress_future_workflow_manual_trigger":{"enabledWorkflows":[]},"_links":{"self":[{"href":"https:\/\/funtana.com\/de\/wp-json\/wp\/v2\/pages\/18451","targetHints":{"allow":["GET"]}}],"collection":[{"href":"https:\/\/funtana.com\/de\/wp-json\/wp\/v2\/pages"}],"about":[{"href":"https:\/\/funtana.com\/de\/wp-json\/wp\/v2\/types\/page"}],"author":[{"embeddable":true,"href":"https:\/\/funtana.com\/de\/wp-json\/wp\/v2\/users\/1"}],"replies":[{"embeddable":true,"href":"https:\/\/funtana.com\/de\/wp-json\/wp\/v2\/comments?post=18451"}],"version-history":[{"count":2,"href":"https:\/\/funtana.com\/de\/wp-json\/wp\/v2\/pages\/18451\/revisions"}],"predecessor-version":[{"id":32762,"href":"https:\/\/funtana.com\/de\/wp-json\/wp\/v2\/pages\/18451\/revisions\/32762"}],"wp:attachment":[{"href":"https:\/\/funtana.com\/de\/wp-json\/wp\/v2\/media?parent=18451"}],"curies":[{"name":"wp","href":"https:\/\/api.w.org\/{rel}","templated":true}]}}